{"id":1082,"date":"2021-03-22T15:53:40","date_gmt":"2021-03-22T14:53:40","guid":{"rendered":"https:\/\/www.alicemeyer.fr\/sitewordpress\/?page_id=1082"},"modified":"2024-04-24T14:56:39","modified_gmt":"2024-04-24T12:56:39","slug":"centenaire-14-18-a-lecole","status":"publish","type":"page","link":"https:\/\/www.alicemeyer.fr\/sitewordpress\/?page_id=1082","title":{"rendered":"Centenaire 14-18 \u00e0 l&rsquo;\u00e9cole"},"content":{"rendered":"\n<p class=\"wp-block-paragraph\" style=\"font-size:14px\">Plusieurs ateliers ont \u00e9t\u00e9 men\u00e9 dans le cadre du centenaire de la premi\u00e8re guerre mondiale via l\u2019association Surface Sensible. J\u2019ai r\u00e9alis\u00e9 cet atelier en 4 s\u00e9ances de 2h30 avec une classe de CM2 \u00e0 qui j\u2019ai propos\u00e9 de travailler sur les traces de la guerre, via leur rep\u00e9rage, leur photographie, et le dessin d\u2019une mise en sc\u00e8ne imagin\u00e9e \u00e0 ces endroits (l\u2019entr\u00e9e d\u2019une sape, une ancienne tranch\u00e9e etc.) et de rejouer, avec les moyens des jeux d\u2019enfants, des sc\u00e9nettes de la vie quotidienne des soldats. Ils ont \u00e9cris des ha\u00efkus au regard de leur image. Ce travail po\u00e9tique met \u00e0 l\u2019honneur la m\u00e9moire collective et les r\u00e9cits de cette p\u00e9riode mais aussi la capacit\u00e9s des enfants \u00e0 jouer pour comprendre, se projeter et mobiliser leur sensibilit\u00e9.<br><br>Extraits :<\/p>\n\n\n\n<hr class=\"wp-block-separator has-css-opacity\"\/>\n\n\n\n<div class=\"wp-block-columns is-layout-flex wp-container-core-columns-is-layout-8f761849 wp-block-columns-is-layout-flex\">\n<div class=\"wp-block-column is-layout-flow wp-block-column-is-layout-flow\" style=\"flex-basis:25%\">\n<figure class=\"wp-block-image size-large\"><a href=\"https:\/\/www.alicemeyer.fr\/sitewordpress\/wp-content\/uploads\/2021\/03\/guillaume_5057-1-scaled.jpg\"><img loading=\"lazy\" decoding=\"async\" width=\"721\" height=\"1024\" src=\"https:\/\/www.alicemeyer.fr\/sitewordpress\/wp-content\/uploads\/2021\/03\/guillaume_5057-1-721x1024.jpg\" alt=\"Dessin de rep\u00e9rage de guillaume dans le cadre de l'atelier men\u00e9 sur le centenaire de 14-18 par Alice Meyer\" class=\"wp-image-1128\" srcset=\"https:\/\/www.alicemeyer.fr\/sitewordpress\/wp-content\/uploads\/2021\/03\/guillaume_5057-1-721x1024.jpg 721w, https:\/\/www.alicemeyer.fr\/sitewordpress\/wp-content\/uploads\/2021\/03\/guillaume_5057-1-211x300.jpg 211w, https:\/\/www.alicemeyer.fr\/sitewordpress\/wp-content\/uploads\/2021\/03\/guillaume_5057-1-106x150.jpg 106w, https:\/\/www.alicemeyer.fr\/sitewordpress\/wp-content\/uploads\/2021\/03\/guillaume_5057-1-768x1091.jpg 768w, https:\/\/www.alicemeyer.fr\/sitewordpress\/wp-content\/uploads\/2021\/03\/guillaume_5057-1-1081x1536.jpg 1081w, https:\/\/www.alicemeyer.fr\/sitewordpress\/wp-content\/uploads\/2021\/03\/guillaume_5057-1-1441x2048.jpg 1441w, https:\/\/www.alicemeyer.fr\/sitewordpress\/wp-content\/uploads\/2021\/03\/guillaume_5057-1-scaled.jpg 1801w\" sizes=\"auto, (max-width: 721px) 100vw, 721px\" \/><\/a><\/figure>\n<\/div>\n\n\n\n<div class=\"wp-block-column is-layout-flow wp-block-column-is-layout-flow\" style=\"flex-basis:50%\">\n<figure class=\"wp-block-image size-large\"><a href=\"https:\/\/www.alicemeyer.fr\/sitewordpress\/wp-content\/uploads\/2021\/03\/centenaire-1418-a-l-lecole_alice-meyer_photographie-3-scaled.jpg\"><img loading=\"lazy\" decoding=\"async\" width=\"1024\" height=\"683\" src=\"https:\/\/www.alicemeyer.fr\/sitewordpress\/wp-content\/uploads\/2021\/03\/centenaire-1418-a-l-lecole_alice-meyer_photographie-3-1024x683.jpg\" alt=\"Photo telle qu'imagin\u00e9e par guillaume (un soldat r\u00eave) dans le cadre de l'atelier men\u00e9 sur le centenaire de 14-18 par Alice Meyer. Atelier pendant lequel les \u00e9l\u00e8ves \u00e9taient inviter \u00e0 imaginer puis rejouer le quotidien des troupes francaises et allemandes sur le site du Bois-Le-Pretre (54).\" class=\"wp-image-1101\" srcset=\"https:\/\/www.alicemeyer.fr\/sitewordpress\/wp-content\/uploads\/2021\/03\/centenaire-1418-a-l-lecole_alice-meyer_photographie-3-1024x683.jpg 1024w, https:\/\/www.alicemeyer.fr\/sitewordpress\/wp-content\/uploads\/2021\/03\/centenaire-1418-a-l-lecole_alice-meyer_photographie-3-300x200.jpg 300w, https:\/\/www.alicemeyer.fr\/sitewordpress\/wp-content\/uploads\/2021\/03\/centenaire-1418-a-l-lecole_alice-meyer_photographie-3-150x100.jpg 150w, https:\/\/www.alicemeyer.fr\/sitewordpress\/wp-content\/uploads\/2021\/03\/centenaire-1418-a-l-lecole_alice-meyer_photographie-3-768x512.jpg 768w, https:\/\/www.alicemeyer.fr\/sitewordpress\/wp-content\/uploads\/2021\/03\/centenaire-1418-a-l-lecole_alice-meyer_photographie-3-1536x1024.jpg 1536w, https:\/\/www.alicemeyer.fr\/sitewordpress\/wp-content\/uploads\/2021\/03\/centenaire-1418-a-l-lecole_alice-meyer_photographie-3-2048x1365.jpg 2048w\" sizes=\"auto, (max-width: 1024px) 100vw, 1024px\" \/><\/a><\/figure>\n<\/div>\n\n\n\n<div class=\"wp-block-column is-vertically-aligned-top is-layout-flow wp-block-column-is-layout-flow\" style=\"flex-basis:25%\">\n<div class=\"wp-block-group\"><div class=\"wp-block-group__inner-container is-layout-flow wp-block-group-is-layout-flow\">\n<div class=\"wp-block-group\"><div class=\"wp-block-group__inner-container is-layout-flow wp-block-group-is-layout-flow\">\n<p class=\"has-regular-font-size wp-block-paragraph\">Loin de sa famille,<\/p>\n\n\n\n<p class=\"has-regular-font-size wp-block-paragraph\">Sentant sa fin certaine,<\/p>\n\n\n\n<p class=\"has-regular-font-size wp-block-paragraph\">Le soldat r\u00eave.<\/p>\n\n\n\n<p class=\"wp-block-paragraph\"><\/p>\n\n\n\n<p class=\"has-text-align-right wp-block-paragraph\">Guillaume<\/p>\n<\/div><\/div>\n<\/div><\/div>\n<\/div>\n<\/div>\n\n\n\n<div class=\"wp-block-columns is-layout-flex wp-container-core-columns-is-layout-8f761849 wp-block-columns-is-layout-flex\">\n<div class=\"wp-block-column is-layout-flow wp-block-column-is-layout-flow\" style=\"flex-basis:25%\">\n<figure class=\"wp-block-image size-large\"><a href=\"https:\/\/www.alicemeyer.fr\/sitewordpress\/wp-content\/uploads\/2021\/03\/Sara_5025-scaled.jpg\"><img loading=\"lazy\" decoding=\"async\" width=\"721\" height=\"1024\" src=\"https:\/\/www.alicemeyer.fr\/sitewordpress\/wp-content\/uploads\/2021\/03\/Sara_5025-721x1024.jpg\" alt=\"Dessin de rep\u00e9rage de Sara (la queue de cochon). Atelier pendant lequel les \u00e9l\u00e8ves \u00e9taient inviter \u00e0 imaginer puis rejouer le quotidien des troupes francaises et allemandes sur le site du Bois-Le-Pretre (54).\" class=\"wp-image-1096\" srcset=\"https:\/\/www.alicemeyer.fr\/sitewordpress\/wp-content\/uploads\/2021\/03\/Sara_5025-721x1024.jpg 721w, https:\/\/www.alicemeyer.fr\/sitewordpress\/wp-content\/uploads\/2021\/03\/Sara_5025-211x300.jpg 211w, https:\/\/www.alicemeyer.fr\/sitewordpress\/wp-content\/uploads\/2021\/03\/Sara_5025-106x150.jpg 106w, https:\/\/www.alicemeyer.fr\/sitewordpress\/wp-content\/uploads\/2021\/03\/Sara_5025-768x1091.jpg 768w, https:\/\/www.alicemeyer.fr\/sitewordpress\/wp-content\/uploads\/2021\/03\/Sara_5025-1081x1536.jpg 1081w, https:\/\/www.alicemeyer.fr\/sitewordpress\/wp-content\/uploads\/2021\/03\/Sara_5025-1441x2048.jpg 1441w, https:\/\/www.alicemeyer.fr\/sitewordpress\/wp-content\/uploads\/2021\/03\/Sara_5025-scaled.jpg 1801w\" sizes=\"auto, (max-width: 721px) 100vw, 721px\" \/><\/a><\/figure>\n<\/div>\n\n\n\n<div class=\"wp-block-column is-layout-flow wp-block-column-is-layout-flow\" style=\"flex-basis:50%\">\n<figure class=\"wp-block-image size-large\"><a href=\"https:\/\/www.alicemeyer.fr\/sitewordpress\/wp-content\/uploads\/2021\/03\/centenaire-1418-a-l-lecole_alice-meyer_photographie-10-scaled.jpg\"><img loading=\"lazy\" decoding=\"async\" width=\"1024\" height=\"683\" src=\"https:\/\/www.alicemeyer.fr\/sitewordpress\/wp-content\/uploads\/2021\/03\/centenaire-1418-a-l-lecole_alice-meyer_photographie-10-1024x683.jpg\" alt=\"Photo telle qu'imagin\u00e9e par Sara (la queue de cochon). Atelier pendant lequel les \u00e9l\u00e8ves \u00e9taient inviter \u00e0 imaginer puis rejouer le quotidien des troupes francaises et allemandes sur le site du Bois-Le-Pretre (54).\" class=\"wp-image-1132\" srcset=\"https:\/\/www.alicemeyer.fr\/sitewordpress\/wp-content\/uploads\/2021\/03\/centenaire-1418-a-l-lecole_alice-meyer_photographie-10-1024x683.jpg 1024w, https:\/\/www.alicemeyer.fr\/sitewordpress\/wp-content\/uploads\/2021\/03\/centenaire-1418-a-l-lecole_alice-meyer_photographie-10-300x200.jpg 300w, https:\/\/www.alicemeyer.fr\/sitewordpress\/wp-content\/uploads\/2021\/03\/centenaire-1418-a-l-lecole_alice-meyer_photographie-10-150x100.jpg 150w, https:\/\/www.alicemeyer.fr\/sitewordpress\/wp-content\/uploads\/2021\/03\/centenaire-1418-a-l-lecole_alice-meyer_photographie-10-768x512.jpg 768w, https:\/\/www.alicemeyer.fr\/sitewordpress\/wp-content\/uploads\/2021\/03\/centenaire-1418-a-l-lecole_alice-meyer_photographie-10-1536x1024.jpg 1536w, https:\/\/www.alicemeyer.fr\/sitewordpress\/wp-content\/uploads\/2021\/03\/centenaire-1418-a-l-lecole_alice-meyer_photographie-10-2048x1365.jpg 2048w\" sizes=\"auto, (max-width: 1024px) 100vw, 1024px\" \/><\/a><\/figure>\n<\/div>\n\n\n\n<div class=\"wp-block-column is-layout-flow wp-block-column-is-layout-flow\" style=\"flex-basis:25%\">\n<p class=\"has-regular-font-size wp-block-paragraph\"> Lanc\u00e9s par un Boche,<\/p>\n\n\n\n<p class=\"has-regular-font-size wp-block-paragraph\">Les cercles multicolores,<\/p>\n\n\n\n<p class=\"has-regular-font-size wp-block-paragraph\">Ornent la queue de cochon.<\/p>\n\n\n\n<p class=\"has-text-align-right has-regular-font-size wp-block-paragraph\">Sara<\/p>\n<\/div>\n<\/div>\n\n\n\n<div class=\"wp-block-columns is-layout-flex wp-container-core-columns-is-layout-8f761849 wp-block-columns-is-layout-flex\">\n<div class=\"wp-block-column is-layout-flow wp-block-column-is-layout-flow\" style=\"flex-basis:25%\">\n<figure class=\"wp-block-image size-large\"><a href=\"https:\/\/www.alicemeyer.fr\/sitewordpress\/wp-content\/uploads\/2021\/03\/Noa_0179-scaled.jpg\"><img loading=\"lazy\" decoding=\"async\" width=\"1024\" height=\"721\" src=\"https:\/\/www.alicemeyer.fr\/sitewordpress\/wp-content\/uploads\/2021\/03\/Noa_0179-1024x721.jpg\" alt=\"Dessin de rep\u00e9rage de Noa (soldats bless\u00e9s). Atelier pendant lequel les \u00e9l\u00e8ves \u00e9taient inviter \u00e0 imaginer puis rejouer le quotidien des troupes francaises et allemandes sur le site du Bois-Le-Pretre (54).\" class=\"wp-image-1092\" srcset=\"https:\/\/www.alicemeyer.fr\/sitewordpress\/wp-content\/uploads\/2021\/03\/Noa_0179-1024x721.jpg 1024w, https:\/\/www.alicemeyer.fr\/sitewordpress\/wp-content\/uploads\/2021\/03\/Noa_0179-300x211.jpg 300w, https:\/\/www.alicemeyer.fr\/sitewordpress\/wp-content\/uploads\/2021\/03\/Noa_0179-150x106.jpg 150w, https:\/\/www.alicemeyer.fr\/sitewordpress\/wp-content\/uploads\/2021\/03\/Noa_0179-768x540.jpg 768w, https:\/\/www.alicemeyer.fr\/sitewordpress\/wp-content\/uploads\/2021\/03\/Noa_0179-1536x1081.jpg 1536w, https:\/\/www.alicemeyer.fr\/sitewordpress\/wp-content\/uploads\/2021\/03\/Noa_0179-2048x1441.jpg 2048w\" sizes=\"auto, (max-width: 1024px) 100vw, 1024px\" \/><\/a><\/figure>\n<\/div>\n\n\n\n<div class=\"wp-block-column is-layout-flow wp-block-column-is-layout-flow\" style=\"flex-basis:50%\">\n<figure class=\"wp-block-image size-large\"><a href=\"https:\/\/www.alicemeyer.fr\/sitewordpress\/wp-content\/uploads\/2021\/03\/centenaire-1418-a-l-lecole_alice-meyer_photographie-11-scaled.jpg\"><img loading=\"lazy\" decoding=\"async\" width=\"1024\" height=\"683\" src=\"https:\/\/www.alicemeyer.fr\/sitewordpress\/wp-content\/uploads\/2021\/03\/centenaire-1418-a-l-lecole_alice-meyer_photographie-11-1024x683.jpg\" alt=\"Photo telle qu'imagin\u00e9e par Noa (soldats bless\u00e9s). Atelier pendant lequel les \u00e9l\u00e8ves \u00e9taient inviter \u00e0 imaginer puis rejouer le quotidien des troupes francaises et allemandes sur le site du Bois-Le-Pretre (54).\" class=\"wp-image-1144\" srcset=\"https:\/\/www.alicemeyer.fr\/sitewordpress\/wp-content\/uploads\/2021\/03\/centenaire-1418-a-l-lecole_alice-meyer_photographie-11-1024x683.jpg 1024w, https:\/\/www.alicemeyer.fr\/sitewordpress\/wp-content\/uploads\/2021\/03\/centenaire-1418-a-l-lecole_alice-meyer_photographie-11-300x200.jpg 300w, https:\/\/www.alicemeyer.fr\/sitewordpress\/wp-content\/uploads\/2021\/03\/centenaire-1418-a-l-lecole_alice-meyer_photographie-11-150x100.jpg 150w, https:\/\/www.alicemeyer.fr\/sitewordpress\/wp-content\/uploads\/2021\/03\/centenaire-1418-a-l-lecole_alice-meyer_photographie-11-768x512.jpg 768w, https:\/\/www.alicemeyer.fr\/sitewordpress\/wp-content\/uploads\/2021\/03\/centenaire-1418-a-l-lecole_alice-meyer_photographie-11-1536x1024.jpg 1536w, https:\/\/www.alicemeyer.fr\/sitewordpress\/wp-content\/uploads\/2021\/03\/centenaire-1418-a-l-lecole_alice-meyer_photographie-11-2048x1365.jpg 2048w\" sizes=\"auto, (max-width: 1024px) 100vw, 1024px\" \/><\/a><\/figure>\n<\/div>\n\n\n\n<div class=\"wp-block-column is-layout-flow wp-block-column-is-layout-flow\" style=\"flex-basis:25%\">\n<p class=\"has-regular-font-size wp-block-paragraph\">Apr\u00e8s les obus, <\/p>\n\n\n\n<p class=\"has-regular-font-size wp-block-paragraph\">v\u00eatements t\u00e2ch\u00e9s de sang,<\/p>\n\n\n\n<p class=\"has-regular-font-size wp-block-paragraph\">Souffrance des soldats.<\/p>\n\n\n\n<p class=\"has-text-align-right has-regular-font-size wp-block-paragraph\">Noa<\/p>\n<\/div>\n<\/div>\n","protected":false},"excerpt":{"rendered":"<p>Plusieurs ateliers ont \u00e9t\u00e9 men\u00e9 dans le cadre du centenaire de la premi\u00e8re guerre mondiale via l\u2019association Surface Sensible. J\u2019ai r\u00e9alis\u00e9 cet atelier en 4 [&hellip;]<\/p>\n","protected":false},"author":1,"featured_media":0,"parent":0,"menu_order":0,"comment_status":"closed","ping_status":"closed","template":"","meta":{"_crdt_document":"","footnotes":""},"class_list":["post-1082","page","type-page","status-publish","hentry"],"_links":{"self":[{"href":"https:\/\/www.alicemeyer.fr\/sitewordpress\/index.php?rest_route=\/wp\/v2\/pages\/1082","targetHints":{"allow":["GET"]}}],"collection":[{"href":"https:\/\/www.alicemeyer.fr\/sitewordpress\/index.php?rest_route=\/wp\/v2\/pages"}],"about":[{"href":"https:\/\/www.alicemeyer.fr\/sitewordpress\/index.php?rest_route=\/wp\/v2\/types\/page"}],"author":[{"embeddable":true,"href":"https:\/\/www.alicemeyer.fr\/sitewordpress\/index.php?rest_route=\/wp\/v2\/users\/1"}],"replies":[{"embeddable":true,"href":"https:\/\/www.alicemeyer.fr\/sitewordpress\/index.php?rest_route=%2Fwp%2Fv2%2Fcomments&post=1082"}],"version-history":[{"count":25,"href":"https:\/\/www.alicemeyer.fr\/sitewordpress\/index.php?rest_route=\/wp\/v2\/pages\/1082\/revisions"}],"predecessor-version":[{"id":3664,"href":"https:\/\/www.alicemeyer.fr\/sitewordpress\/index.php?rest_route=\/wp\/v2\/pages\/1082\/revisions\/3664"}],"wp:attachment":[{"href":"https:\/\/www.alicemeyer.fr\/sitewordpress\/index.php?rest_route=%2Fwp%2Fv2%2Fmedia&parent=1082"}],"curies":[{"name":"wp","href":"https:\/\/api.w.org\/{rel}","templated":true}]}}