{"id":1112,"date":"2021-03-22T16:03:11","date_gmt":"2021-03-22T15:03:11","guid":{"rendered":"https:\/\/www.alicemeyer.fr\/sitewordpress\/?page_id=1112"},"modified":"2024-04-24T14:59:27","modified_gmt":"2024-04-24T12:59:27","slug":"attention-travaux","status":"publish","type":"page","link":"https:\/\/www.alicemeyer.fr\/sitewordpress\/?page_id=1112","title":{"rendered":"Attention travaux !"},"content":{"rendered":"\n<p class=\"wp-block-paragraph\" style=\"font-size:14px\">Ateliers men\u00e9s avec plusieurs groupes d&rsquo;enfants de 8 \u00e0 10 ans au <a href=\"https:\/\/www.crideslumieres.org\/\" target=\"_blank\" rel=\"noreferrer noopener\"><strong>Cri des lumi\u00e8res\/Ecole des regards<\/strong><\/a>, centre photographique, dans l&rsquo;enceinte du ch\u00e2teau de Lun\u00e9ville. Les enfants ont abord\u00e9 le photo-montage traditionnel en mixant plusieurs vues qu&rsquo;ils avaient prises du ch\u00e2teau et de son environnement direct : jardins, architecture, mati\u00e8res, \u00e9l\u00e9ments de d\u00e9coration, d\u00e9tails, camarades, etc. Ces images ont \u00e9t\u00e9 imprim\u00e9es puis une s\u00e9lection a \u00e9t\u00e9 faite par leur soin. La composition sans colle a permis de tester de fa\u00e7on imm\u00e9diate plusieurs compositions faisant appel \u00e0 des notions vues ensemble en tout d\u00e9but d&rsquo;atelier dans le travail d&rsquo;autres artistes. Ils se sont r\u00e9appropri\u00e9 l&rsquo;architecture du ch\u00e2teau pour proposer leur ch\u00e2teau insolite !<br><br>Extraits :<\/p>\n\n\n\n<div class=\"wp-block-columns is-layout-flex wp-container-core-columns-is-layout-8f761849 wp-block-columns-is-layout-flex\">\n<div class=\"wp-block-column is-layout-flow wp-block-column-is-layout-flow\">\n<figure class=\"wp-block-image size-large\"><a href=\"https:\/\/www.alicemeyer.fr\/sitewordpress\/wp-content\/uploads\/2024\/04\/cestmonpatrimoine.png\"><img loading=\"lazy\" decoding=\"async\" width=\"1024\" height=\"618\" src=\"https:\/\/www.alicemeyer.fr\/sitewordpress\/wp-content\/uploads\/2024\/04\/cestmonpatrimoine-1024x618.png\" alt=\"\" class=\"wp-image-3637\" srcset=\"https:\/\/www.alicemeyer.fr\/sitewordpress\/wp-content\/uploads\/2024\/04\/cestmonpatrimoine-1024x618.png 1024w, https:\/\/www.alicemeyer.fr\/sitewordpress\/wp-content\/uploads\/2024\/04\/cestmonpatrimoine-300x181.png 300w, https:\/\/www.alicemeyer.fr\/sitewordpress\/wp-content\/uploads\/2024\/04\/cestmonpatrimoine-150x90.png 150w, https:\/\/www.alicemeyer.fr\/sitewordpress\/wp-content\/uploads\/2024\/04\/cestmonpatrimoine-768x463.png 768w, https:\/\/www.alicemeyer.fr\/sitewordpress\/wp-content\/uploads\/2024\/04\/cestmonpatrimoine.png 1091w\" sizes=\"auto, (max-width: 1024px) 100vw, 1024px\" \/><\/a><figcaption class=\"wp-element-caption\">Exposition des productions dans les vitrines de Lun\u00e9ville\/Photo. Le R\u00e9publicain Lorrain.<\/figcaption><\/figure>\n<\/div>\n\n\n\n<div class=\"wp-block-column is-layout-flow wp-block-column-is-layout-flow\">\n<figure class=\"wp-block-image size-large\"><a href=\"https:\/\/www.alicemeyer.fr\/sitewordpress\/wp-content\/uploads\/2021\/03\/Attention-Travaux_Cri-des-lumieres_Luneville-2.jpg\"><img loading=\"lazy\" decoding=\"async\" width=\"850\" height=\"601\" src=\"https:\/\/www.alicemeyer.fr\/sitewordpress\/wp-content\/uploads\/2021\/03\/Attention-Travaux_Cri-des-lumieres_Luneville-2.jpg\" alt=\"Ateliers men\u00e9s avec plusieurs groupes d'enfants de 8 \u00e0 10 ans au Cri des lumi\u00e8res, centre photographique, dans l'enceinte du ch\u00e2teau de Lun\u00e9ville.  Les enfants ont abord\u00e9 de photo-montage traditionnel en mixant plusieurs vues qu'ils avaient prises du ch\u00e2teau et de son environnement direct : jardins, architecture, mati\u00e8res...   Ils se sont r\u00e9appropri\u00e9 l'architecture du ch\u00e2teau pour proposer leur ch\u00e2teau insolite !\" class=\"wp-image-1206\" srcset=\"https:\/\/www.alicemeyer.fr\/sitewordpress\/wp-content\/uploads\/2021\/03\/Attention-Travaux_Cri-des-lumieres_Luneville-2.jpg 850w, https:\/\/www.alicemeyer.fr\/sitewordpress\/wp-content\/uploads\/2021\/03\/Attention-Travaux_Cri-des-lumieres_Luneville-2-300x212.jpg 300w, https:\/\/www.alicemeyer.fr\/sitewordpress\/wp-content\/uploads\/2021\/03\/Attention-Travaux_Cri-des-lumieres_Luneville-2-150x106.jpg 150w, https:\/\/www.alicemeyer.fr\/sitewordpress\/wp-content\/uploads\/2021\/03\/Attention-Travaux_Cri-des-lumieres_Luneville-2-768x543.jpg 768w\" sizes=\"auto, (max-width: 850px) 100vw, 850px\" \/><\/a><\/figure>\n<\/div>\n<\/div>\n\n\n\n<div class=\"wp-block-columns is-layout-flex wp-container-core-columns-is-layout-8f761849 wp-block-columns-is-layout-flex\">\n<div class=\"wp-block-column is-layout-flow wp-block-column-is-layout-flow\">\n<figure class=\"wp-block-image size-large\"><a href=\"https:\/\/www.alicemeyer.fr\/sitewordpress\/wp-content\/uploads\/2021\/03\/Attention-Travaux_Cri-des-lumieres_Luneville-6.jpg\"><img loading=\"lazy\" decoding=\"async\" width=\"850\" height=\"601\" src=\"https:\/\/www.alicemeyer.fr\/sitewordpress\/wp-content\/uploads\/2021\/03\/Attention-Travaux_Cri-des-lumieres_Luneville-6.jpg\" alt=\"Ateliers men\u00e9s avec plusieurs groupes d'enfants de 8 \u00e0 10 ans au Cri des lumi\u00e8res, centre photographique, dans l'enceinte du ch\u00e2teau de Lun\u00e9ville.  Les enfants ont abord\u00e9 de photo-montage traditionnel en mixant plusieurs vues qu'ils avaient prises du ch\u00e2teau et de son environnement direct : jardins, architecture, mati\u00e8res...   Ils se sont r\u00e9appropri\u00e9 l'architecture du ch\u00e2teau pour proposer leur ch\u00e2teau insolite !\" class=\"wp-image-1207\" srcset=\"https:\/\/www.alicemeyer.fr\/sitewordpress\/wp-content\/uploads\/2021\/03\/Attention-Travaux_Cri-des-lumieres_Luneville-6.jpg 850w, https:\/\/www.alicemeyer.fr\/sitewordpress\/wp-content\/uploads\/2021\/03\/Attention-Travaux_Cri-des-lumieres_Luneville-6-300x212.jpg 300w, https:\/\/www.alicemeyer.fr\/sitewordpress\/wp-content\/uploads\/2021\/03\/Attention-Travaux_Cri-des-lumieres_Luneville-6-150x106.jpg 150w, https:\/\/www.alicemeyer.fr\/sitewordpress\/wp-content\/uploads\/2021\/03\/Attention-Travaux_Cri-des-lumieres_Luneville-6-768x543.jpg 768w\" sizes=\"auto, (max-width: 850px) 100vw, 850px\" \/><\/a><\/figure>\n<\/div>\n\n\n\n<div class=\"wp-block-column is-layout-flow wp-block-column-is-layout-flow\">\n<figure class=\"wp-block-image size-large\"><a href=\"https:\/\/www.alicemeyer.fr\/sitewordpress\/wp-content\/uploads\/2021\/03\/Attention-Travaux_Cri-des-lumieres_Luneville-16-1.jpg\"><img loading=\"lazy\" decoding=\"async\" width=\"850\" height=\"601\" src=\"https:\/\/www.alicemeyer.fr\/sitewordpress\/wp-content\/uploads\/2021\/03\/Attention-Travaux_Cri-des-lumieres_Luneville-16-1.jpg\" alt=\"Ateliers men\u00e9s avec plusieurs groupes d'enfants de 8 \u00e0 10 ans au Cri des lumi\u00e8res, centre photographique, dans l'enceinte du ch\u00e2teau de Lun\u00e9ville.  Les enfants ont abord\u00e9 de photo-montage traditionnel en mixant plusieurs vues qu'ils avaient prises du ch\u00e2teau et de son environnement direct : jardins, architecture, mati\u00e8res...   Ils se sont r\u00e9appropri\u00e9 l'architecture du ch\u00e2teau pour proposer leur ch\u00e2teau insolite !\" class=\"wp-image-1208\" srcset=\"https:\/\/www.alicemeyer.fr\/sitewordpress\/wp-content\/uploads\/2021\/03\/Attention-Travaux_Cri-des-lumieres_Luneville-16-1.jpg 850w, https:\/\/www.alicemeyer.fr\/sitewordpress\/wp-content\/uploads\/2021\/03\/Attention-Travaux_Cri-des-lumieres_Luneville-16-1-300x212.jpg 300w, https:\/\/www.alicemeyer.fr\/sitewordpress\/wp-content\/uploads\/2021\/03\/Attention-Travaux_Cri-des-lumieres_Luneville-16-1-150x106.jpg 150w, https:\/\/www.alicemeyer.fr\/sitewordpress\/wp-content\/uploads\/2021\/03\/Attention-Travaux_Cri-des-lumieres_Luneville-16-1-768x543.jpg 768w\" sizes=\"auto, (max-width: 850px) 100vw, 850px\" \/><\/a><\/figure>\n<\/div>\n<\/div>\n\n\n\n<div class=\"wp-block-columns is-layout-flex wp-container-core-columns-is-layout-8f761849 wp-block-columns-is-layout-flex\">\n<div class=\"wp-block-column is-layout-flow wp-block-column-is-layout-flow\">\n<figure class=\"wp-block-image size-large\"><a href=\"https:\/\/www.alicemeyer.fr\/sitewordpress\/wp-content\/uploads\/2021\/03\/Attention-Travaux_Cri-des-lumieres_Luneville-18.jpg\"><img loading=\"lazy\" decoding=\"async\" width=\"601\" height=\"850\" src=\"https:\/\/www.alicemeyer.fr\/sitewordpress\/wp-content\/uploads\/2021\/03\/Attention-Travaux_Cri-des-lumieres_Luneville-18.jpg\" alt=\"Ateliers men\u00e9s avec plusieurs groupes d'enfants de 8 \u00e0 10 ans au Cri des lumi\u00e8res, centre photographique, dans l'enceinte du ch\u00e2teau de Lun\u00e9ville.  Les enfants ont abord\u00e9 de photo-montage traditionnel en mixant plusieurs vues qu'ils avaient prises du ch\u00e2teau et de son environnement direct : jardins, architecture, mati\u00e8res...   Ils se sont r\u00e9appropri\u00e9 l'architecture du ch\u00e2teau pour proposer leur ch\u00e2teau insolite !\" class=\"wp-image-1209\" srcset=\"https:\/\/www.alicemeyer.fr\/sitewordpress\/wp-content\/uploads\/2021\/03\/Attention-Travaux_Cri-des-lumieres_Luneville-18.jpg 601w, https:\/\/www.alicemeyer.fr\/sitewordpress\/wp-content\/uploads\/2021\/03\/Attention-Travaux_Cri-des-lumieres_Luneville-18-212x300.jpg 212w, https:\/\/www.alicemeyer.fr\/sitewordpress\/wp-content\/uploads\/2021\/03\/Attention-Travaux_Cri-des-lumieres_Luneville-18-106x150.jpg 106w\" sizes=\"auto, (max-width: 601px) 100vw, 601px\" \/><\/a><\/figure>\n<\/div>\n\n\n\n<div class=\"wp-block-column is-layout-flow wp-block-column-is-layout-flow\">\n<figure class=\"wp-block-image size-large\"><a href=\"https:\/\/www.alicemeyer.fr\/sitewordpress\/wp-content\/uploads\/2021\/03\/Attention-Travaux_Cri-des-lumieres_Luneville-21.jpg\"><img loading=\"lazy\" decoding=\"async\" width=\"724\" height=\"1024\" src=\"https:\/\/www.alicemeyer.fr\/sitewordpress\/wp-content\/uploads\/2021\/03\/Attention-Travaux_Cri-des-lumieres_Luneville-21-724x1024.jpg\" alt=\"Ateliers men\u00e9s avec plusieurs groupes d'enfants de 8 \u00e0 10 ans au Cri des lumi\u00e8res, centre photographique, dans l'enceinte du ch\u00e2teau de Lun\u00e9ville.  Les enfants ont abord\u00e9 de photo-montage traditionnel en mixant plusieurs vues qu'ils avaient prises du ch\u00e2teau et de son environnement direct : jardins, architecture, mati\u00e8res...   Ils se sont r\u00e9appropri\u00e9 l'architecture du ch\u00e2teau pour proposer leur ch\u00e2teau insolite !\" class=\"wp-image-1212\" srcset=\"https:\/\/www.alicemeyer.fr\/sitewordpress\/wp-content\/uploads\/2021\/03\/Attention-Travaux_Cri-des-lumieres_Luneville-21-724x1024.jpg 724w, https:\/\/www.alicemeyer.fr\/sitewordpress\/wp-content\/uploads\/2021\/03\/Attention-Travaux_Cri-des-lumieres_Luneville-21-212x300.jpg 212w, https:\/\/www.alicemeyer.fr\/sitewordpress\/wp-content\/uploads\/2021\/03\/Attention-Travaux_Cri-des-lumieres_Luneville-21-106x150.jpg 106w, https:\/\/www.alicemeyer.fr\/sitewordpress\/wp-content\/uploads\/2021\/03\/Attention-Travaux_Cri-des-lumieres_Luneville-21-768x1086.jpg 768w, https:\/\/www.alicemeyer.fr\/sitewordpress\/wp-content\/uploads\/2021\/03\/Attention-Travaux_Cri-des-lumieres_Luneville-21.jpg 850w\" sizes=\"auto, (max-width: 724px) 100vw, 724px\" \/><\/a><\/figure>\n<\/div>\n<\/div>\n\n\n\n<div class=\"wp-block-columns is-layout-flex wp-container-core-columns-is-layout-8f761849 wp-block-columns-is-layout-flex\">\n<div class=\"wp-block-column is-layout-flow wp-block-column-is-layout-flow\">\n<figure class=\"wp-block-image size-large\"><a href=\"https:\/\/www.alicemeyer.fr\/sitewordpress\/wp-content\/uploads\/2021\/03\/Attention-Travaux_Cri-des-lumieres_Luneville-23.jpg\"><img loading=\"lazy\" decoding=\"async\" width=\"850\" height=\"601\" src=\"https:\/\/www.alicemeyer.fr\/sitewordpress\/wp-content\/uploads\/2021\/03\/Attention-Travaux_Cri-des-lumieres_Luneville-23.jpg\" alt=\"Ateliers men\u00e9s avec plusieurs groupes d'enfants de 8 \u00e0 10 ans au Cri des lumi\u00e8res, centre photographique, dans l'enceinte du ch\u00e2teau de Lun\u00e9ville.  Les enfants ont abord\u00e9 de photo-montage traditionnel en mixant plusieurs vues qu'ils avaient prises du ch\u00e2teau et de son environnement direct : jardins, architecture, mati\u00e8res...   Ils se sont r\u00e9appropri\u00e9 l'architecture du ch\u00e2teau pour proposer leur ch\u00e2teau insolite !\" class=\"wp-image-1210\" srcset=\"https:\/\/www.alicemeyer.fr\/sitewordpress\/wp-content\/uploads\/2021\/03\/Attention-Travaux_Cri-des-lumieres_Luneville-23.jpg 850w, https:\/\/www.alicemeyer.fr\/sitewordpress\/wp-content\/uploads\/2021\/03\/Attention-Travaux_Cri-des-lumieres_Luneville-23-300x212.jpg 300w, https:\/\/www.alicemeyer.fr\/sitewordpress\/wp-content\/uploads\/2021\/03\/Attention-Travaux_Cri-des-lumieres_Luneville-23-150x106.jpg 150w, https:\/\/www.alicemeyer.fr\/sitewordpress\/wp-content\/uploads\/2021\/03\/Attention-Travaux_Cri-des-lumieres_Luneville-23-768x543.jpg 768w\" sizes=\"auto, (max-width: 850px) 100vw, 850px\" \/><\/a><\/figure>\n<\/div>\n\n\n\n<div class=\"wp-block-column is-layout-flow wp-block-column-is-layout-flow\">\n<figure class=\"wp-block-image size-large\"><a href=\"https:\/\/www.alicemeyer.fr\/sitewordpress\/wp-content\/uploads\/2021\/03\/Attention-Travaux_Cri-des-lumieres_Luneville-25.jpg\"><img loading=\"lazy\" decoding=\"async\" width=\"850\" height=\"601\" src=\"https:\/\/www.alicemeyer.fr\/sitewordpress\/wp-content\/uploads\/2021\/03\/Attention-Travaux_Cri-des-lumieres_Luneville-25.jpg\" alt=\"Ateliers men\u00e9s avec plusieurs groupes d'enfants de 8 \u00e0 10 ans au Cri des lumi\u00e8res, centre photographique, dans l'enceinte du ch\u00e2teau de Lun\u00e9ville.  Les enfants ont abord\u00e9 de photo-montage traditionnel en mixant plusieurs vues qu'ils avaient prises du ch\u00e2teau et de son environnement direct : jardins, architecture, mati\u00e8res...   Ils se sont r\u00e9appropri\u00e9 l'architecture du ch\u00e2teau pour proposer leur ch\u00e2teau insolite !\" class=\"wp-image-1213\" srcset=\"https:\/\/www.alicemeyer.fr\/sitewordpress\/wp-content\/uploads\/2021\/03\/Attention-Travaux_Cri-des-lumieres_Luneville-25.jpg 850w, https:\/\/www.alicemeyer.fr\/sitewordpress\/wp-content\/uploads\/2021\/03\/Attention-Travaux_Cri-des-lumieres_Luneville-25-300x212.jpg 300w, https:\/\/www.alicemeyer.fr\/sitewordpress\/wp-content\/uploads\/2021\/03\/Attention-Travaux_Cri-des-lumieres_Luneville-25-150x106.jpg 150w, https:\/\/www.alicemeyer.fr\/sitewordpress\/wp-content\/uploads\/2021\/03\/Attention-Travaux_Cri-des-lumieres_Luneville-25-768x543.jpg 768w\" sizes=\"auto, (max-width: 850px) 100vw, 850px\" \/><\/a><\/figure>\n<\/div>\n<\/div>\n","protected":false},"excerpt":{"rendered":"<p>Ateliers men\u00e9s avec plusieurs groupes d&rsquo;enfants de 8 \u00e0 10 ans au Cri des lumi\u00e8res\/Ecole des regards, centre photographique, dans l&rsquo;enceinte du ch\u00e2teau de Lun\u00e9ville. [&hellip;]<\/p>\n","protected":false},"author":1,"featured_media":0,"parent":0,"menu_order":0,"comment_status":"closed","ping_status":"closed","template":"","meta":{"_crdt_document":"","footnotes":""},"class_list":["post-1112","page","type-page","status-publish","hentry"],"_links":{"self":[{"href":"https:\/\/www.alicemeyer.fr\/sitewordpress\/index.php?rest_route=\/wp\/v2\/pages\/1112","targetHints":{"allow":["GET"]}}],"collection":[{"href":"https:\/\/www.alicemeyer.fr\/sitewordpress\/index.php?rest_route=\/wp\/v2\/pages"}],"about":[{"href":"https:\/\/www.alicemeyer.fr\/sitewordpress\/index.php?rest_route=\/wp\/v2\/types\/page"}],"author":[{"embeddable":true,"href":"https:\/\/www.alicemeyer.fr\/sitewordpress\/index.php?rest_route=\/wp\/v2\/users\/1"}],"replies":[{"embeddable":true,"href":"https:\/\/www.alicemeyer.fr\/sitewordpress\/index.php?rest_route=%2Fwp%2Fv2%2Fcomments&post=1112"}],"version-history":[{"count":20,"href":"https:\/\/www.alicemeyer.fr\/sitewordpress\/index.php?rest_route=\/wp\/v2\/pages\/1112\/revisions"}],"predecessor-version":[{"id":3666,"href":"https:\/\/www.alicemeyer.fr\/sitewordpress\/index.php?rest_route=\/wp\/v2\/pages\/1112\/revisions\/3666"}],"wp:attachment":[{"href":"https:\/\/www.alicemeyer.fr\/sitewordpress\/index.php?rest_route=%2Fwp%2Fv2%2Fmedia&parent=1112"}],"curies":[{"name":"wp","href":"https:\/\/api.w.org\/{rel}","templated":true}]}}