{"id":143,"date":"2021-03-17T13:48:38","date_gmt":"2021-03-17T12:48:38","guid":{"rendered":"http:\/\/www.alicemeyer.fr\/sitewordpress\/?page_id=143"},"modified":"2026-04-22T17:11:59","modified_gmt":"2026-04-22T15:11:59","slug":"accueil","status":"publish","type":"page","link":"https:\/\/www.alicemeyer.fr\/sitewordpress\/","title":{"rendered":""},"content":{"rendered":"\n<div class=\"wp-block-columns is-layout-flex wp-container-core-columns-is-layout-8f761849 wp-block-columns-is-layout-flex\">\n<div class=\"wp-block-column is-layout-flow wp-block-column-is-layout-flow\">\n<figure class=\"wp-block-image size-full is-style-default\"><a href=\"https:\/\/www.alicemeyer.fr\/sitewordpress\/?page_id=28\"><img loading=\"lazy\" decoding=\"async\" width=\"2137\" height=\"2137\" src=\"https:\/\/www.alicemeyer.fr\/sitewordpress\/wp-content\/uploads\/2021\/03\/07-rotated.jpg\" alt=\"Familiers jardins, Et\u00e9, Pont-Saint-Vincent. Alice Meyer Photographie\" class=\"wp-image-667\" title=\"Menu : Art\" srcset=\"https:\/\/www.alicemeyer.fr\/sitewordpress\/wp-content\/uploads\/2021\/03\/07-rotated.jpg 2137w, https:\/\/www.alicemeyer.fr\/sitewordpress\/wp-content\/uploads\/2021\/03\/07-300x300.jpg 300w, https:\/\/www.alicemeyer.fr\/sitewordpress\/wp-content\/uploads\/2021\/03\/07-1024x1024.jpg 1024w, https:\/\/www.alicemeyer.fr\/sitewordpress\/wp-content\/uploads\/2021\/03\/07-150x150.jpg 150w, https:\/\/www.alicemeyer.fr\/sitewordpress\/wp-content\/uploads\/2021\/03\/07-768x768.jpg 768w, https:\/\/www.alicemeyer.fr\/sitewordpress\/wp-content\/uploads\/2021\/03\/07-1536x1536.jpg 1536w, https:\/\/www.alicemeyer.fr\/sitewordpress\/wp-content\/uploads\/2021\/03\/07-2048x2048.jpg 2048w\" sizes=\"auto, (max-width: 2137px) 100vw, 2137px\" \/><\/a><\/figure>\n\n\n\n<p class=\"has-text-align-center has-shark-color has-text-color has-link-color wp-elements-19418254e350f0d6ccd03971ae1620fd wp-block-paragraph\"><a href=\"https:\/\/www.alicemeyer.fr\/sitewordpress\/?page_id=28\" data-type=\"page\" data-id=\"28\" target=\"_blank\" rel=\"noreferrer noopener\"><strong>Photographie<\/strong><\/a><\/p>\n\n\n\n<p class=\"has-text-align-center has-small-font-size wp-block-paragraph\">Art et Commandes : r\u00e9sidence, expositions,  recherche, artoth\u00e8que, reportages, portrait, architecture, entreprises, institutionnel, \u2026<\/p>\n<\/div>\n\n\n\n<div class=\"wp-block-column is-layout-flow wp-block-column-is-layout-flow\">\n<figure class=\"wp-block-image size-large is-style-default\"><a href=\"https:\/\/www.alicemeyer.fr\/sitewordpress\/?page_id=29\"><img loading=\"lazy\" decoding=\"async\" width=\"1024\" height=\"1024\" src=\"https:\/\/www.alicemeyer.fr\/sitewordpress\/wp-content\/uploads\/2023\/02\/table_livres_stage-photo-club-arlequin2-1-1024x1024.jpg\" alt=\"\" class=\"wp-image-2926\" title=\"Menu : Commandes\" srcset=\"https:\/\/www.alicemeyer.fr\/sitewordpress\/wp-content\/uploads\/2023\/02\/table_livres_stage-photo-club-arlequin2-1-1024x1024.jpg 1024w, https:\/\/www.alicemeyer.fr\/sitewordpress\/wp-content\/uploads\/2023\/02\/table_livres_stage-photo-club-arlequin2-1-300x300.jpg 300w, https:\/\/www.alicemeyer.fr\/sitewordpress\/wp-content\/uploads\/2023\/02\/table_livres_stage-photo-club-arlequin2-1-150x150.jpg 150w, https:\/\/www.alicemeyer.fr\/sitewordpress\/wp-content\/uploads\/2023\/02\/table_livres_stage-photo-club-arlequin2-1-768x768.jpg 768w, https:\/\/www.alicemeyer.fr\/sitewordpress\/wp-content\/uploads\/2023\/02\/table_livres_stage-photo-club-arlequin2-1.jpg 1152w\" sizes=\"auto, (max-width: 1024px) 100vw, 1024px\" \/><\/a><\/figure>\n\n\n\n<p class=\"has-text-align-center has-shark-color has-text-color wp-block-paragraph\"><a href=\"https:\/\/www.alicemeyer.fr\/sitewordpress\/?page_id=29\" data-type=\"page\" data-id=\"29\" target=\"_blank\" rel=\"noreferrer noopener\"><strong>Ateliers artistiques adapt\u00e9s<\/strong><\/a><\/p>\n\n\n\n<p class=\"has-text-align-center has-small-font-size wp-block-paragraph\">Education aux images, phototh\u00e9rapie d\u2019action sociale, ateliers cr\u00e9atifs ponctuels ou r\u00e9guliers, publics \u00e0 besoins sp\u00e9cifiques, coh\u00e9sion d\u2019entreprise \u2026<\/p>\n<\/div>\n\n\n\n<div class=\"wp-block-column is-layout-flow wp-block-column-is-layout-flow\">\n<figure class=\"wp-block-image size-large is-style-default\"><a href=\"https:\/\/www.alicemeyer.fr\/sitewordpress\/?page_id=114\"><img loading=\"lazy\" decoding=\"async\" width=\"1024\" height=\"1024\" src=\"https:\/\/www.alicemeyer.fr\/sitewordpress\/wp-content\/uploads\/2024\/04\/375752993_307528701858175_5863305213951794078_n-1024x1024.jpg\" alt=\"\" class=\"wp-image-3595\" title=\"Menu : Ateliers\" srcset=\"https:\/\/www.alicemeyer.fr\/sitewordpress\/wp-content\/uploads\/2024\/04\/375752993_307528701858175_5863305213951794078_n-1024x1024.jpg 1024w, https:\/\/www.alicemeyer.fr\/sitewordpress\/wp-content\/uploads\/2024\/04\/375752993_307528701858175_5863305213951794078_n-300x300.jpg 300w, https:\/\/www.alicemeyer.fr\/sitewordpress\/wp-content\/uploads\/2024\/04\/375752993_307528701858175_5863305213951794078_n-150x150.jpg 150w, https:\/\/www.alicemeyer.fr\/sitewordpress\/wp-content\/uploads\/2024\/04\/375752993_307528701858175_5863305213951794078_n-768x768.jpg 768w, https:\/\/www.alicemeyer.fr\/sitewordpress\/wp-content\/uploads\/2024\/04\/375752993_307528701858175_5863305213951794078_n.jpg 1080w\" sizes=\"auto, (max-width: 1024px) 100vw, 1024px\" \/><\/a><\/figure>\n\n\n\n<p class=\"has-text-align-center has-shark-color has-text-color wp-block-paragraph\"><a href=\"https:\/\/www.alicemeyer.fr\/sitewordpress\/?page_id=114\" data-type=\"page\" data-id=\"114\" target=\"_blank\" rel=\"noreferrer noopener\"><strong>Art-th\u00e9rapie<\/strong><\/a><\/p>\n\n\n\n<p class=\"has-text-align-center has-small-font-size wp-block-paragraph\">S\u00e9ances individuelles ou ateliers collectifs suivis destin\u00e9s aux personnes en souffrance dans un objectif de soin par l\u2019art. Sensibilisation professionnelle sur demande (m\u00e9dico-sociale, \u00e9ducation, animation\u2026)<\/p>\n<\/div>\n<\/div>\n\n\n\n<p class=\"wp-block-paragraph\"><\/p>\n","protected":false},"excerpt":{"rendered":"<p>Photographie Art et Commandes : r\u00e9sidence, expositions, recherche, artoth\u00e8que, reportages, portrait, architecture, entreprises, institutionnel, \u2026 Ateliers artistiques adapt\u00e9s Education aux images, phototh\u00e9rapie d\u2019action sociale, ateliers [&hellip;]<\/p>\n","protected":false},"author":1,"featured_media":0,"parent":0,"menu_order":0,"comment_status":"closed","ping_status":"closed","template":"","meta":{"_crdt_document":"{\"document\":\"AAAH9sCDtw+IA4wCCo4TAwAHAAIFAAKUAgKCCgIcoBkDABqECgIcjhoDABqoCQIctAMDAAoDABwCBAMAkgKaBAQCAQIKSg4CAQMMAgECCgEHSgAiAQIKAkIBB0oAsgUBAgoCQgEHSuIGlAsBAwwCAQIKAQdKACIBAgoCQgEHSgCSBgECCgJCAQdKwgeWDAEDDAIBAgoBB0oAIgECCgJCAQdKALYFAQIKApgBHAIc1AIBB0rgHqYjAQIKAErkI7oXpga+Aa4CoAEDAAQCEADKhwEEDAIIApQCAoIKAhygGQMAGoQKAhyOGgMAGqgJAhy4Awy6Arw0BQADAQQDAAQDBwQGAgboC7YLhgECzAIEAgUABgIFAAoJADu8lQGoBMqHAQQMAggClAICggoCHKAZAwAahAoCHI4aAwAaqAkCHLgDDLoCARWENQQCBQAGAgUACgj0Nf8BKAMnAQQAgQCEAIEAhAGBAIQVgQCEAIEAhAGBAIQAgQCEAIEAhAEnACgEJwAoACcABwAoAycAKAAnAAcAKAMnAQcAKAMnACgBJwAoBicAhwAoAycBBAAoCScAhwAoAycBBAAoCScAhwAoAycBBwAoAycAKAEnACgGJwCHACgDJwEEACgJJwCHACgDJwEEACgJJwCHACgDJwEHACgDJwAoAScAKAYnAIcAKAMnAQQAKAknAIcAKAMnAQQAhAMoCScAhwAoAycBKAAnACgBqALEAIQGxBzBAMQAwQDEAsEAxADBAMQBwQDEAMEAxADBAMQAwQDEAMEAxADBAMQAhAPEwzn0NnN0YXRldmVyc2lvbmRvY3VtZW50ZGF0ZWRvY3VtZW50c2x1Z2RvY3VtZW50c3RhdHVzZG9jdW1lbnR0aXRsZWRvY3VtZW50Y29udGVudDwhLS0gd3A6Y29sdW1ucyAtLT4KPGRpdiBjbGFzcz0id3AtYmxvY2stY29sdW1ucyI+PCEtLSB3cDpjb2x1bW4gLS0+CjxkaXYgY2xhc3M9IndwLWJsb2NrLWNvbHVtbiI+PCEtLSB3cDppbWFnZSB7ImxpZ2h0Ym94Ijp7ImVuYWJsZWQiOmZhbHNlfSwiaWQiOjY2Nywic2l6ZVNsdWciOiJmdWxsIiwibGlua0Rlc3RpbmF0aW9uIjoiY3VzdG9tIiwiY2xhc3NOYW1lIjoiaXMtc3R5bGUtZGVmYXVsdCJ9IC0tPgo8ZmlndXJlIGNsYXNzPSJ3cC1ibG9jay1pbWFnZSBzaXplLWZ1bGwgaXMtc3R5bGUtZGVmYXVsdCI+PGEgaHJlZj0iaHR0cHM6Ly93d3cuYWxpY2VtZXllci5mci9zaXRld29yZHByZXNzLz9wYWdlX2lkPTI4Ij48aW1nIHNyYz0iaHR0cHM6Ly93d3cuYWxpY2VtZXllci5mci9zaXRld29yZHByZXNzL3dwLWNvbnRlbnQvdXBsb2Fkcy8yMDIxLzAzLzA3LXJvdGF0ZWQuanBnIiBhbHQ9IkZhbWlsaWVycyBqYXJkaW5zLCBFdMOpLCBQb250LVNhaW50LVZpbmNlbnQuIEFsaWNlIE1leWVyIFBob3RvZ3JhcGhpZSIgY2xhc3M9IndwLWltYWdlLTY2NyIgdGl0bGU9Ik1lbnUgOiBBcnQiLz48L2E+PC9maWd1cmU+CjwhLS0gL3dwOmltYWdlIC0tPgoKPCEtLSB3cDpwYXJhZ3JhcGggeyJsIjoiY3RlciIsInN0eWxlIjp7ImVsZW1lbnRzIjp7ImxpbmsiOnsiY29sb3IiOnsidGV4dCI6InZhcjpwcmVzZXR8Y29sb3J8c2hhcmsifX19fSwidGV4dENvbG9yIjoic2hhcmsifSAtLT4KPHAgY2xhc3M9Imhhcy10ZXh0LWFsaWduLWNlbnRlciBoYXMtc2hhcmstY29sb3IgaGFzLXRleHQtY29sb3IgaGFzLWxpbmstY29sb3IiPjxhIGhyZWY9Imh0dHBzOi8vd3d3LmFsaWNlbWV5ZXIuZnIvc2l0ZXdvcmRwcmVzcy8\/cGFnZV9pZD0yOCIgZGF0YS10eXBlPSJwYWdlIiBkYXRhLWlkPSIyOCIgdGFyZ2V0PSJfYmxhbmsiIHJlbD0ibm9yZWZlcnJlciBub29wZW5lciI+PHN0cm9uZz5QaG90b2dyYXBoaWU8L3N0cm9uZz48L2E+PC9wPgo8IS0tIC93cDpwYXJhZ3JhcGggLS0+Cgo8IS0tIHdwOnBhcmFncmFwaCB7ImFsaWduIjoiY2VudGVyIiwiZm9udFNpemUiOiJzbWFsbCJ9IC0tPgo8cCBjbGFzcz0iaGFzLXRleHQtYWxpZ24tY2VudGVyIGhhcy1zbWFsbC1mb250LXNpemUiPkFydCBldCBDb21tYW5kZXMgOiByw6lzaWRlbmNlLCBleHBvc2l0aW9ucywgIHJlY2hlcmNoZSwgYXJ0b3Row6hxdWUsIHJlcG9ydGFnZXMsIHBvcnRyYWl0LCBhcmNoaXRlY3R1cmUsIGVudHJlcHJpc2VzLCBpbnN0aXR1dGlvbm5lbCwgLi4uPC9wPgo8IS0tIC93cDpwYXJhZ3JhcGggLS0+PC9kaXY+CjwhLS0gL3dwOmNvbHVtbiAtLT4KCjwhLS0gd3A6Y29sdW1uIC0tPgo8ZGl2IGNsYXNzPSJ3cC1ibG9jay1jb2x1bW4iPjwhLS0gd3A6aW1hZ2UgeyJsaWdodGJveCI6eyJlbmFibGVkIjpmYWxzZX0sImlkIjoyOTI2LCJzaXplU2x1ZyI6ImxhcmdlIiwibGlua0Rlc3RpbmF0aW9uIjoiY3VzdG9tIiwiY2xhc3NOYW1lIjoiaXMtc3R5bGUtZGVmYXVsdCJ9IC0tPgo8ZmlndXJlIGNsYXNzPSJ3cC1ibG9jay1pbWFnZSBzaXplLWxhcmdlIGlzLXN0eWxlLWRlZmF1bHQiPjxhIGhyZWY9Imh0dHBzOi8vd3d3LmFsaWNlbWV5ZXIuZnIvc2l0ZXdvcmRwcmVzcy8\/cGFnZV9pZD0yOSI+PGltZyBzcmM9Imh0dHBzOi8vd3d3LmFsaWNlbWV5ZXIuZnIvc2l0ZXdvcmRwcmVzcy93cC1jb250ZW50L3VwbG9hZHMvMjAyMy8wMi90YWJsZV9saXZyZXNfc3RhZ2UtcGhvdG8tY2x1Yi1hcmxlcXVpbjItMS0xMDI0eDEwMjQuanBnIiBhbHQ9IiIgY2xhc3M9IndwLWltYWdlLTI5MjYiIHRpdGxlPSJNZW51IDogQ29tbWFuZGVzIi8+PC9hPjwvZmlndXJlPgo8IS0tIC93cDppbWFnZSAtLT4KCjwhLS0gd3A6cGFyYWdyYXBoIHsiYWxpZ24iOiJjZW50ZXIiLCJ0ZXh0Q29sb3IiOiJzaGFyayJ9IC0tPgo8cCBjbGFzcz0iaGFzLXRleHQtYWxpZ24tY2VudGVyIGhhcy1zaGFyay1jb2xvciBoYXMtdGV4dC1jb2xvciI+PGEgaHJlZj0iaHR0cHM6Ly93d3cuYWxpY2VtZXllci5mci9zaXRld29yZHByZXNzLz9wYWdlX2lkPTI5IiBkYXRhLXR5cGU9InBhZ2UiIGRhdGEtaWQ9IjI5IiB0YXJnZXQ9Il9ibGFuayIgcmVsPSJub3JlZmVycmVyIG5vb3BlbmVyIj48c3Ryb25nPkF0ZWxpZXJzIGFydGlzdGlxdWVzIGFkYXB0w6lzPC9zdHJvbmc+PC9hPjwvcD4KPCEtLSAvd3A6cGFyYWdyYXBoIC0tPgoKPCEtLSB3cDpwYXJhZ3JhcGggeyJhbGlnbiI6ImNlbnRlciIsImZvbnRTaXplIjoic21hbGwifSAtLT4KPHAgY2xhc3M9Imhhcy10ZXh0LWFsaWduLWNlbnRlciBoYXMtc21hbGwtZm9udC1zaXplIj5FZHVjYXRpb24gYXV4IGltYWdlcywgcGhvdG90aMOpcmFwaWUgZCdhY3Rpb24gc29jaWFsZSwgYXRlbGllcnMgY3LDqWF0aWZzIHBvbmN0dWVscyBvdSByw6lndWxpZXJzLCBwdWJsaWNzIMOgIGJlc29pbnMgc3DDqWNpZmlxdWVzLCBjb2jDqXNpb24gZCdlbnRyZXByaXNlIC4uLjwvcD4KPCEtLSAvd3A6cGFyYWdyYXBoIC0tPjwvZGl2Pgo8IS0tIC93cDpjb2x1bW4gLS0+Cgo8IS0tIHdwOmNvbHVtbiAtLT4KPGRpdiBjbGFzcz0id3AtYmxvY2stY29sdW1uIj48IS0tIHdwOmltYWdlIHsibGlnaHRib3giOnsiZW5hYmxlZCI6ZmFsc2V9LCJpZCI6MzU5NSwic2l6ZVNsdWciOiJsYXJnZSIsImxpbmtEZXN0aW5hdGlvbiI6ImN1c3RvbSIsImNsYXNzTmFtZSI6ImlzLXN0eWxlLWRlZmF1bHQifSAtLT4KPGZpZ3VyZSBjbGFzcz0id3AtYmxvY2staW1hZ2Ugc2l6ZS1sYXJnZSBpcy1zdHlsZS1kZWZhdWx0Ij48YSBocmVmPSJodHRwczovL3d3dy5hbGljZW1leWVyLmZyL3NpdGV3b3JkcHJlc3MvP3BhZ2VfaWQ9MTE0Ij48aW1nIHNyYz0iaHR0cHM6Ly93d3cuYWxpY2VtZXllci5mci9zaXRld29yZHByZXNzL3dwLWNvbnRlbnQvdXBsb2Fkcy8yMDI0LzA0LzM3NTc1Mjk5M18zMDc1Mjg3MDE4NTgxNzVfNTg2MzMwNTIxMzk1MTc5NDA3OF9uLTEwMjR4MTAyNC5qcGciIGFsdD0iIiBjbGFzcz0id3AtaW1hZ2UtMzU5NSIgdGl0bGU9Ik1lbnUgOiBBdGVsaWVycyIvPjwvYT48L2ZpZ3VyZT4KPCEtLSAvd3A6aW1hZ2UgLS0+Cgo8IS0tIHdwOnBhcmFncmFwaCB7ImFsaWduIjoiY2VudGVyIiwidGV4dENvbG9yIjoic2hhcmsifSAtLT4KPHAgY2xhc3M9Imhhcy10ZXh0LWFsaWduLWNlbnRlciBoYXMtc2hhcmstY29sb3IgaGFzLXRleHQtY29sb3IiPjxhIGhyZWY9Imh0dHBzOi8vd3d3LmFsaWNlbWV5ZXIuZnIvc2l0ZXdvcmRwcmVzcy8\/cGFnZV9pZD0xMTQiIGRhdGEtdHlwZT0icGFnZSIgZGF0YS1pZD0iMTE0IiB0YXJnZXQ9Il9ibGFuayIgcmVsPSJub3JlZmVycmVyIG5vb3BlbmVyIj48c3Ryb25nPkFydC10aMOpcmFwaWU8L3N0cm9uZz48L2E+PC9wPgo8IS0tIC93cDpwYXJhZ3JhcGggLS0+Cgo8IS0tIHdwOnBhcmFncmFwaCB7ImFsaWduIjoiY2VudGVyIiwiZm9udFNpemUiOiJzbWFsbCJ9IC0tPgo8cCBjbGFzcz0iaGFzLXRleHQtYWxpZ24tY2VudGVyIGhhcy1zbWFsbC1mb250LXNpemUiPlPDqWFuY2VzIGluZGl2aWR1ZWxsZXMgb3UgYXRlbGllcnMgY29sbGVjdGlmcyB1dmlzIGRlc3RpbsOpcyBhdXggcGVyc29ubmVzIGVuIHNvdWZmcmFuY2UgZGFucyB1biBvYmplY3RpZiBkZSBzb2luIHBhciBsJ2FydC48L3A+CjwhLS0gL3dwOnBhcmFncmFwaCAtLT48L2Rpdj4KPCEtLSAvd3A6Y29sdW1uIC0tPjwvZGl2Pgo8IS0tIC93cDpjb2x1bW5zIC0tPgoKPCEtLSB3cDpwYXJhZ3JhcGggLS0+CjxwPjwvcD4KPCEtLSAvd3A6cGFyYWdyYXBoIC0tPmRvY3VtZW50ZXhjZXJwdGRvY3VtZW50YXV0aG9yZG9jdW1lbnRmZWF0dXJlZF9tZWRpYWRvY3VtZW50Y29tbWVudF9zdGF0dXNkb2N1bWVudHBpbmdfc3RhdHVzZG9jdW1lbnR0ZW1wbGF0ZWRvY3VtZW50bWV0YWZvb3Rub3Rlc2RvY3VtZW50YmxvY2tzY2xpZW50SWRpc1ZhbGlkb3JpZ2luYWxDb250ZW50bmFtZWF0dHJpYnV0ZXNpc1N0YWNrZWRPbk1vYmlsZWlubmVyQmxvY2tzY2xpZW50SWRpc1ZhbGlkb3JpZ2luYWxDb250ZW50bmFtZWF0dHJpYnV0ZXNpbm5lckJsb2Nrc2NsaWVudElkaXNWYWxpZG9yaWdpbmFsQ29udGVudG5hbWVhdHRyaWJ1dGVzdXJsYWx0Y2FwdGlvbmxpZ2h0Ym94dGl0bGVocmVmaWRzaXplU2x1Z2xpbmtEZXN0aW5hdGlvbmNsYXNzTmFtZWlubmVyQmxvY2tzY2xpZW50SWRpc1ZhbGlkb3JpZ2luYWxDb250ZW50bmFtZWF0dHJpYnV0ZXNjb250ZW50PGEgaHJlZj0iaHR0cHM6Ly93d3cuYWxpY2VtZXllci5mci9zaXRld29yZHByZXNzLz9wYWdlX2lkPTI4IiBkYXRhLXR5cGU9InBhZ2UiIGRhdGEtaWQ9IjI4IiB0YXJnZXQ9Il9ibGFuayIgcmVsPSJub3JlZmVycmVyIG5vb3BlbmVyIj48c3Ryb25nPlBob3RvZ3JhcGhpZTwvc3Ryb25nPjwvYT5kcm9wQ2FwcGxhY2Vob2xkZXJ0ZXh0Q29sb3JiYWNrZ3JvdW5kQ29sb3Jmb250U2l6ZWRpcmVjdGlvbnN0eWxlbG9ja2NsYXNzTmFtZW1ldGFkYXRhaW5uZXJCbG9ja3NjbGllbnRJZGlzVmFsaWRvcmlnaW5hbENvbnRlbnRuYW1lYXR0cmlidXRlc2NvbnRlbnRBcnQgZXQgQ29tbWFuZGVzIDogcsOpc2lkZW5jZSwgZXhwb3NpdGlvbnMsICByZWNoZXJjaGUsIGFydG90aMOocXVlLCByZXBvcnRhZ2VzLCBwb3J0cmFpdCwgYXJjaGl0ZWN0dXJlLCBlbnRyZXByaXNlcywgaW5zdGl0dXRpb25uZWwsIC4uLmRyb3BDYXBwbGFjZWhvbGRlcnRleHRDb2xvcmJhY2tncm91bmRDb2xvcmZvbnRTaXplZGlyZWN0aW9uc3R5bGVsb2NrY2xhc3NOYW1lbWV0YWRhdGFpbm5lckJsb2Nrc2NsaWVudElkaXNWYWxpZG9yaWdpbmFsQ29udGVudG5hbWVhdHRyaWJ1dGVzaW5uZXJCbG9ja3NjbGllbnRJZGlzVmFsaWRvcmlnaW5hbENvbnRlbnRuYW1lYXR0cmlidXRlc3VybGFsdGNhcHRpb25saWdodGJveHRpdGxlaHJlZmlkc2l6ZVNsdWdsaW5rRGVzdGluYXRpb25jbGFzc05hbWVpbm5lckJsb2Nrc2NsaWVudElkaXNWYWxpZG9yaWdpbmFsQ29udGVudG5hbWVhdHRyaWJ1dGVzY29udGVudDxhIGhyZWY9Imh0dHBzOi8vd3d3LmFsaWNlbWV5ZXIuZnIvc2l0ZXdvcmRwcmVzcy8\/cGFnZV9pZD0yOSIgZGF0YS10eXBlPSJwYWdlIiBkYXRhLWlkPSIyOSIgdGFyZ2V0PSJfYmxhbmsiIHJlbD0ibm9yZWZlcnJlciBub29wZW5lciI+PHN0cm9uZz5BdGVsaWVycyBhcnRpc3RpcXVlcyBhZGFwdMOpczwvc3Ryb25nPjwvYT5kcm9wQ2FwcGxhY2Vob2xkZXJ0ZXh0Q29sb3JiYWNrZ3JvdW5kQ29sb3Jmb250U2l6ZWRpcmVjdGlvbnN0eWxlbG9ja2NsYXNzTmFtZW1ldGFkYXRhaW5uZXJCbG9ja3NjbGllbnRJZGlzVmFsaWRvcmlnaW5hbENvbnRlbnRuYW1lYXR0cmlidXRlc2NvbnRlbnRFZHVjYXRpb24gYXV4IGltYWdlcywgcGhvdG90aMOpcmFwaWUgZCdhY3Rpb24gc29jaWFsZSwgYXRlbGllcnMgY3LDqWF0aWZzIHBvbmN0dWVscyBvdSByw6lndWxpZXJzLCBwdWJsaWNzIMOgIGJlc29pbnMgc3DDqWNpZmlxdWVzLCBjb2jDqXNpb24gZCdlbnRyZXByaXNlIC4uLmRyb3BDYXBwbGFjZWhvbGRlcnRleHRDb2xvcmJhY2tncm91bmRDb2xvcmZvbnRTaXplZGlyZWN0aW9uc3R5bGVsb2NrY2xhc3NOYW1lbWV0YWRhdGFpbm5lckJsb2Nrc2NsaWVudElkaXNWYWxpZG9yaWdpbmFsQ29udGVudG5hbWVhdHRyaWJ1dGVzaW5uZXJCbG9ja3NjbGllbnRJZGlzVmFsaWRvcmlnaW5hbENvbnRlbnRuYW1lYXR0cmlidXRlc3VybGFsdGNhcHRpb25saWdodGJveHRpdGxlaHJlZmlkc2l6ZVNsdWdsaW5rRGVzdGluYXRpb25jbGFzc05hbWVpbm5lckJsb2Nrc2NsaWVudElkaXNWYWxpZG9yaWdpbmFsQ29udGVudG5hbWVhdHRyaWJ1dGVzY29udGVudDxhIGhyZWY9Imh0dHBzOi8vd3d3LmFsaWNlbWV5ZXIuZnIvc2l0ZXdvcmRwcmVzcy8\/cGFnZV9pZD0xMTQiIGRhdGEtdHlwZT0icGFnZSIgZGF0YS1pZD0iMTE0IiB0YXJnZXQ9Il9ibGFuayIgcmVsPSJub3JlZmVycmVyIG5vb3BlbmVyIj48c3Ryb25nPkFydC10aMOpcmFwaWU8L3N0cm9uZz48L2E+ZHJvcENhcHBsYWNlaG9sZGVydGV4dENvbG9yYmFja2dyb3VuZENvbG9yZm9udFNpemVkaXJlY3Rpb25zdHlsZWxvY2tjbGFzc05hbWVtZXRhZGF0YWlubmVyQmxvY2tzY2xpZW50SWRpc1ZhbGlkb3JpZ2luYWxDb250ZW50bmFtZWF0dHJpYnV0ZXNjb250ZW50U8OpYW5jZXMgaW5kaXZpZHVlbGxlcyBvdSBhdGVsaWVycyBjb2xsZWN0aWZzLCAiRMOpY291dmVydGUiIG91IHLDqWd1bGllcnMsIGRlc3RpbsOpcyBhdXggcGVyc29ubmVzIGVuIHNvdWZmcmFuY2UgZGFucyB1biBvYmplY3RpZiBkZSBzb2luIHBhciBsJ2FydC5kcm9wQ2FwcGxhY2Vob2xkZXJ0ZXh0Q29sb3JiYWNrZ3JvdW5kQ29sb3Jmb250U2l6ZWRpcmVjdGlvbnN0eWxlbG9ja2NsYXNzTmFtZW1ldGFkYXRhaW5uZXJCbG9ja3NjbGllbnRJZGlzVmFsaWRvcmlnaW5hbENvbnRlbnRuYW1lYXR0cmlidXRlc2NvbnRlbnRkcm9wQ2FwaW5uZXJCbG9ja3NzdGF0ZXNhdmVkQXRzdGF0ZXNhdmVkQnkgc3VpdmlzIFNlbnNpYmlsaXNhdGlvbnMgYXVwcsOocyBkZSBzcHJvcyBldCBwYXJ0aWN1bGllcnMucyBjYXNzTmFtZWhhcy1zaGFyay1vbG9yIGhhcy14dC1jb2xvIGhhcy1saW5rLWNvbG9yLCJ0eXBvZ3JhcGh5Ijp7InRleHRBbGlnbiI6ImNlbnRlciJ9c3R5bGUiOnsidHlwb2dycGh5Ijp7InRleHRBfX1jbHNzTmFtZSI6Imhhcy1zaGFyay1jb29yIGhhcy10ZXh0LWNvbG9yIiwic3R5bGUiOnsidHlwb2dyYXBoeSI6eyJ0ZXh0QWx9fXN0eWxlIjp7InR5cG9ncnBoeSI6eyJ0ZXh0QX19Y2xzc05hbWUiOiJoYXMtc2hhcmstY29vciBoYXMtdGV4dC1jb2xvciIsInN0eWxlIjp7InR5cG9ncmFwaHkiOnsidGV4dEFsfX1zdHlsZSI6eyJ0eXBvZ3JwaHkiOnsidGV4dEF9fXNpIFNlbnNpYmlsaXNhdGlvbiBwcnMgZGUgb3NlIGF0aWkuIGRhbnMgcm9mZXNzaW9ubmVsbGUgc3VyIGRlbWFuZGUgKG3DqWRpY28tYXNvY2lhbGUsIMOpZHVjYXRpb24sIGFuaW1hdGlvbi4uLilvZmVzaW9ubmVsbGVzdXIgbWFuZGUobcOpZGljLW9jaWFsLMOpZHVjb24sIGFubWF0aW9uLi4pBQcIBAgECAYIBQgHpwkBAwECAYoBAYEFAQ6wDEEADYIFAQ6HDUEADbQEAQ66AUEDiQGGAggHCAYIDggOCAtIAQQJCAYIBw8EChELCAcPBAoLCAcPBApDAAcIBQQCCA8JCwgHDwQKB6cCBwsJDwgJBQQJCAsIBw8ECgeHAgcLCQ8ICQUECQgLCAcPBAoLCAcPBApDAAcIBQQCCA8JCwgHDwQKB7cCBwsJDwgJBQQJCAsIBw8ECgeYAgcLCQ8ICQUECQgLCAcPBAoLCAcPBApDAAcIBQQCCA8JCwgHDwQKB6kCBwsJDwgJBQQJCAsIBw8ECgcsDgEOiAEHCwkPCAkFBAkICwgHDwQKRwALBQcFRwAQQQACAQgVAgEHCgkHDyMBDwxCABUxAg8MQgAVMQIPDAJBABECQQACQQQCQQAGIwEhAwkEBQYBBQEERgADDgEFAAABBgAAAQAAwQEBOEIBAQBBAABBAABBAAIAQQACAEEAAgBBAABBAAIAQQACAEEAAgBBAABBAAIAQQACAEEAAgBBAAIAE0EDAwIBBQ4CQZsBAkEAAkECQwAB2AIAfQF3EzIwMjEtMDMtMTdUMTM6NDg6Mzh3B2FjY3VlaWx3B3B1Ymxpc2h9AX0AdwZjbG9zZWR3BmNsb3NlZHcAdwB3JDU2N2UwZjAyLThhMDItNDUwNS1hZjBlLTE5MDg3NjEzYjkzOHh3KDxkaXYgY2xhc3M9IndwLWJsb2NrLWNvbHVtbnMiPgoKCgo8L2Rpdj53DGNvcmUvY29sdW1uc3h3JGI2N2FkYzY3LTQ0MWEtNDgxNy1hZDk3LTFlMWQ5ODIxMDNiMnh3JzxkaXYgY2xhc3M9IndwLWJsb2NrLWNvbHVtbiI+CgoKCjwvZGl2PncLY29yZS9jb2x1bW53JGQzNzQ5MjZjLTdhYTYtNDljZS1hOWFjLWZjZjc1NTU5OTI4Ynh31wI8ZmlndXJlIGNsYXNzPSJ3cC1ibG9jay1pbWFnZSBzaXplLWZ1bGwgaXMtc3R5bGUtZGVmYXVsdCI+PGEgaHJlZj0iaHR0cHM6Ly93d3cuYWxpY2VtZXllci5mci9zaXRld29yZHByZXNzLz9wYWdlX2lkPTI4Ij48aW1nIHNyYz0iaHR0cHM6Ly93d3cuYWxpY2VtZXllci5mci9zaXRld29yZHByZXNzL3dwLWNvbnRlbnQvdXBsb2Fkcy8yMDIxLzAzLzA3LXJvdGF0ZWQuanBnIiBhbHQ9IkZhbWlsaWVycyBqYXJkaW5zLCBFdMOpLCBQb250LVNhaW50LVZpbmNlbnQuIEFsaWNlIE1leWVyIFBob3RvZ3JhcGhpZSIgY2xhc3M9IndwLWltYWdlLTY2NyIgdGl0bGU9Ik1lbnUgOiBBcnQiLz48L2E+PC9maWd1cmU+dwpjb3JlL2ltYWdld1FodHRwczovL3d3dy5hbGljZW1leWVyLmZyL3NpdGV3b3JkcHJlc3Mvd3AtY29udGVudC91cGxvYWRzLzIwMjEvMDMvMDctcm90YXRlZC5qcGd3RUZhbWlsaWVycyBqYXJkaW5zLCBFdMOpLCBQb250LVNhaW50LVZpbmNlbnQuIEFsaWNlIE1leWVyIFBob3RvZ3JhcGhpZXYBB2VuYWJsZWR5dwpNZW51IDogQXJ0dzNodHRwczovL3d3dy5hbGljZW1leWVyLmZyL3NpdGV3b3JkcHJlc3MvP3BhZ2VfaWQ9Mjh9mwp3BGZ1bGx3BmN1c3RvbXcQaXMtc3R5bGUtZGVmYXVsdHckYjlhOWM1MjgtMmE1NS00MzA3LWFjZTgtYTVlYTQwOTA5NmUxeHf6ATxwIGNsYXNzPSJoYXMtdGV4dC1hbGlnbi1jZW50ZXIgaGFzLXNoYXJrLWNvbG9yIGhhcy10ZXh0LWNvbG9yIGhhcy1saW5rLWNvbG9yIj48YSBocmVmPSJodHRwczovL3d3dy5hbGljZW1leWVyLmZyL3NpdGV3b3JkcHJlc3MvP3BhZ2VfaWQ9MjgiIGRhdGEtdHlwZT0icGFnZSIgZGF0YS1pZD0iMjgiIHRhcmdldD0iX2JsYW5rIiByZWw9Im5vcmVmZXJyZXIgbm9vcGVuZXIiPjxzdHJvbmc+UGhvdG9ncmFwaGllPC9zdHJvbmc+PC9hPjwvcD53DmNvcmUvcGFyYWdyYXBoeX93BXNoYXJrf39\/dgIIZWxlbWVudHN2AQRsaW5rdgEFY29sb3J2AQR0ZXh0dxZ2YXI6cHJlc2V0fGNvbG9yfHNoYXJrCnR5cG9ncmFwaHl2AQl0ZXh0QWxpZ253BmNlbnRlcn93LWhhcy1zaGFyay1jb2xvciBoYXMtdGV4dC1jb2xvciBoYXMtbGluay1jb2xvcn93JGUzMWYyN2M1LTc0N2EtNDk2My04ZTFjLTllZTY2ODYwZGYyNXh3wgE8cCBjbGFzcz0iaGFzLXRleHQtYWxpZ24tY2VudGVyIGhhcy1zbWFsbC1mb250LXNpemUiPkFydCBldCBDb21tYW5kZXMgOiByw6lzaWRlbmNlLCBleHBvc2l0aW9ucywgIHJlY2hlcmNoZSwgYXJ0b3Row6hxdWUsIHJlcG9ydGFnZXMsIHBvcnRyYWl0LCBhcmNoaXRlY3R1cmUsIGVudHJlcHJpc2VzLCBpbnN0aXR1dGlvbm5lbCwgLi4uPC9wPncOY29yZS9wYXJhZ3JhcGh5f39\/dwVzbWFsbH92AQp0eXBvZ3JhcGh5dgEJdGV4dEFsaWdudwZjZW50ZXJ\/f393JDA3Y2I3MWJjLTRhMDItNDQyNy1iNmQ5LWQ4NDk4OTQ0ZWZiNHh3JzxkaXYgY2xhc3M9IndwLWJsb2NrLWNvbHVtbiI+CgoKCjwvZGl2PncLY29yZS9jb2x1bW53JDg0ZGRjYjRiLWMyNGQtNGUyOS05OGQyLWNkNWZmNTdhMTJlOXh3wwI8ZmlndXJlIGNsYXNzPSJ3cC1ibG9jay1pbWFnZSBzaXplLWxhcmdlIGlzLXN0eWxlLWRlZmF1bHQiPjxhIGhyZWY9Imh0dHBzOi8vd3d3LmFsaWNlbWV5ZXIuZnIvc2l0ZXdvcmRwcmVzcy8\/cGFnZV9pZD0yOSI+PGltZyBzcmM9Imh0dHBzOi8vd3d3LmFsaWNlbWV5ZXIuZnIvc2l0ZXdvcmRwcmVzcy93cC1jb250ZW50L3VwbG9hZHMvMjAyMy8wMi90YWJsZV9saXZyZXNfc3RhZ2UtcGhvdG8tY2x1Yi1hcmxlcXVpbjItMS0xMDI0eDEwMjQuanBnIiBhbHQ9IiIgY2xhc3M9IndwLWltYWdlLTI5MjYiIHRpdGxlPSJNZW51IDogQ29tbWFuZGVzIi8+PC9hPjwvZmlndXJlPncKY29yZS9pbWFnZXd6aHR0cHM6Ly93d3cuYWxpY2VtZXllci5mci9zaXRld29yZHByZXNzL3dwLWNvbnRlbnQvdXBsb2Fkcy8yMDIzLzAyL3RhYmxlX2xpdnJlc19zdGFnZS1waG90by1jbHViLWFybGVxdWluMi0xLTEwMjR4MTAyNC5qcGd3AHYBB2VuYWJsZWR5dxBNZW51IDogQ29tbWFuZGVzdzNodHRwczovL3d3dy5hbGljZW1leWVyLmZyL3NpdGV3b3JkcHJlc3MvP3BhZ2VfaWQ9Mjl9ri13BWxhcmdldwZjdXN0b213EGlzLXN0eWxlLWRlZmF1bHR3JDNhMGQ1NTMwLTJmMzItNDE0OS1hZDcyLTU2OTZjMmYyOTFkNnh3\/AE8cCBjbGFzcz0iaGFzLXRleHQtYWxpZ24tY2VudGVyIGhhcy1zaGFyay1jb2xvciBoYXMtdGV4dC1jb2xvciI+PGEgaHJlZj0iaHR0cHM6Ly93d3cuYWxpY2VtZXllci5mci9zaXRld29yZHByZXNzLz9wYWdlX2lkPTI5IiBkYXRhLXR5cGU9InBhZ2UiIGRhdGEtaWQ9IjI5IiB0YXJnZXQ9Il9ibGFuayIgcmVsPSJub3JlZmVycmVyIG5vb3BlbmVyIj48c3Ryb25nPkF0ZWxpZXJzIGFydGlzdGlxdWVzIGFkYXB0w6lzPC9zdHJvbmc+PC9hPjwvcD53DmNvcmUvcGFyYWdyYXBoeX93BXNoYXJrf39\/dgEKdHlwb2dyYXBoeXYBCXRleHRBbGlnbncGY2VudGVyf3ceaGFzLXNoYXJrLWNvbG9yIGhhcy10ZXh0LWNvbG9yf3ckODM4ZGFkYjQtYTQ3Yi00NWU1LTliMDItY2NjNGM0YzRhZThieHfXATxwIGNsYXNzPSJoYXMtdGV4dC1hbGlnbi1jZW50ZXIgaGFzLXNtYWxsLWZvbnQtc2l6ZSI+RWR1Y2F0aW9uIGF1eCBpbWFnZXMsIHBob3RvdGjDqXJhcGllIGQnYWN0aW9uIHNvY2lhbGUsIGF0ZWxpZXJzIGNyw6lhdGlmcyBwb25jdHVlbHMgb3UgcsOpZ3VsaWVycywgcHVibGljcyDDoCBiZXNvaW5zIHNww6ljaWZpcXVlcywgY29ow6lzaW9uIGQnZW50cmVwcmlzZSAuLi48L3A+dw5jb3JlL3BhcmFncmFwaHl\/f393BXNtYWxsf3YBCnR5cG9ncmFwaHl2AQl0ZXh0QWxpZ253BmNlbnRlcn9\/f3ckY2MzYWJjOWQtOTVhYi00NzQxLTk3OGMtYTM3NmY1MDAzMzgyeHcnPGRpdiBjbGFzcz0id3AtYmxvY2stY29sdW1uIj4KCgoKPC9kaXY+dwtjb3JlL2NvbHVtbnckZjgyZGZjNTItZGExYy00Mzg4LWIwYWYtODY3YjhmMzIwY2QweHfJAjxmaWd1cmUgY2xhc3M9IndwLWJsb2NrLWltYWdlIHNpemUtbGFyZ2UgaXMtc3R5bGUtZGVmYXVsdCI+PGEgaHJlZj0iaHR0cHM6Ly93d3cuYWxpY2VtZXllci5mci9zaXRld29yZHByZXNzLz9wYWdlX2lkPTExNCI+PGltZyBzcmM9Imh0dHBzOi8vd3d3LmFsaWNlbWV5ZXIuZnIvc2l0ZXdvcmRwcmVzcy93cC1jb250ZW50L3VwbG9hZHMvMjAyNC8wNC8zNzU3NTI5OTNfMzA3NTI4NzAxODU4MTc1XzU4NjMzMDUyMTM5NTE3OTQwNzhfbi0xMDI0eDEwMjQuanBnIiBhbHQ9IiIgY2xhc3M9IndwLWltYWdlLTM1OTUiIHRpdGxlPSJNZW51IDogQXRlbGllcnMiLz48L2E+PC9maWd1cmU+dwpjb3JlL2ltYWdld4ABaHR0cHM6Ly93d3cuYWxpY2VtZXllci5mci9zaXRld29yZHByZXNzL3dwLWNvbnRlbnQvdXBsb2Fkcy8yMDI0LzA0LzM3NTc1Mjk5M18zMDc1Mjg3MDE4NTgxNzVfNTg2MzMwNTIxMzk1MTc5NDA3OF9uLTEwMjR4MTAyNC5qcGd3AHYBB2VuYWJsZWR5dw9NZW51IDogQXRlbGllcnN3NGh0dHBzOi8vd3d3LmFsaWNlbWV5ZXIuZnIvc2l0ZXdvcmRwcmVzcy8\/cGFnZV9pZD0xMTR9izh3BWxhcmdldwZjdXN0b213EGlzLXN0eWxlLWRlZmF1bHR3JGU0OWM3NTEzLWEwMmEtNDc1OC05Njc5LTY0OTZkMmFlODE0NXh37gE8cCBjbGFzcz0iaGFzLXRleHQtYWxpZ24tY2VudGVyIGhhcy1zaGFyay1jb2xvciBoYXMtdGV4dC1jb2xvciI+PGEgaHJlZj0iaHR0cHM6Ly93d3cuYWxpY2VtZXllci5mci9zaXRld29yZHByZXNzLz9wYWdlX2lkPTExNCIgZGF0YS10eXBlPSJwYWdlIiBkYXRhLWlkPSIxMTQiIHRhcmdldD0iX2JsYW5rIiByZWw9Im5vcmVmZXJyZXIgbm9vcGVuZXIiPjxzdHJvbmc+QXJ0LXRow6lyYXBpZTwvc3Ryb25nPjwvYT48L3A+dw5jb3JlL3BhcmFncmFwaHl\/dwVzaGFya39\/f3YBCnR5cG9ncmFwaHl2AQl0ZXh0QWxpZ253BmNlbnRlcn93Hmhhcy1zaGFyay1jb2xvciBoYXMtdGV4dC1jb2xvcn93JGZlYWJhOTA5LWY5MzUtNDc4Ni1iY2RjLTJmNWE3ZjAxOTUxN3h3zgE8cCBjbGFzcz0iaGFzLXRleHQtYWxpZ24tY2VudGVyIGhhcy1zbWFsbC1mb250LXNpemUiPlPDqWFuY2VzIGluZGl2aWR1ZWxsZXMgb3UgYXRlbGllcnMgY29sbGVjdGlmcywgIkTDqWNvdXZlcnRlIiBvdSByw6lndWxpZXJzLCBkZXN0aW7DqXMgYXV4IHBlcnNvbm5lcyBlbiBzb3VmZnJhbmNlIGRhbnMgdW4gb2JqZWN0aWYgZGUgc29pbiBwYXIgbCdhcnQuPC9wPncOY29yZS9wYXJhZ3JhcGh5f39\/dwVzbWFsbH92AQp0eXBvZ3JhcGh5dgEJdGV4dEFsaWdudwZjZW50ZXJ\/f393JDkyNGU1YmM5LTg2MWYtNDIwOC1iY2IwLTI3NTU5ZDIzNzAxYnh3BzxwPjwvcD53DmNvcmUvcGFyYWdyYXBoeXtCedtb35tQAH22wIO3D3ckYjZjMmE2MzYtNGM3Ny00MzFjLThiYmEtMTYzNTYwZDUyMjhmdyRmYzJjY2FmZC03MDk0LTQzZGUtOGQ3Yy01NzQ5MDY0MGIyZGV3JDE5MzQxNWVhLWI2ODMtNDkzYS04ZTFkLWFmMmY1OGIyZjE5NwG24MHbBxztBAABAgQBwRYAAQQCDQEBAQDZAQD8BQDSAQAxDQENeAABAQEe0wIBAgAEAAEBAgABAAEAAQACAgECAQUjAA==\",\"updateId\":132294428}","footnotes":""},"class_list":["post-143","page","type-page","status-publish","hentry"],"_links":{"self":[{"href":"https:\/\/www.alicemeyer.fr\/sitewordpress\/index.php?rest_route=\/wp\/v2\/pages\/143","targetHints":{"allow":["GET"]}}],"collection":[{"href":"https:\/\/www.alicemeyer.fr\/sitewordpress\/index.php?rest_route=\/wp\/v2\/pages"}],"about":[{"href":"https:\/\/www.alicemeyer.fr\/sitewordpress\/index.php?rest_route=\/wp\/v2\/types\/page"}],"author":[{"embeddable":true,"href":"https:\/\/www.alicemeyer.fr\/sitewordpress\/index.php?rest_route=\/wp\/v2\/users\/1"}],"replies":[{"embeddable":true,"href":"https:\/\/www.alicemeyer.fr\/sitewordpress\/index.php?rest_route=%2Fwp%2Fv2%2Fcomments&post=143"}],"version-history":[{"count":180,"href":"https:\/\/www.alicemeyer.fr\/sitewordpress\/index.php?rest_route=\/wp\/v2\/pages\/143\/revisions"}],"predecessor-version":[{"id":4073,"href":"https:\/\/www.alicemeyer.fr\/sitewordpress\/index.php?rest_route=\/wp\/v2\/pages\/143\/revisions\/4073"}],"wp:attachment":[{"href":"https:\/\/www.alicemeyer.fr\/sitewordpress\/index.php?rest_route=%2Fwp%2Fv2%2Fmedia&parent=143"}],"curies":[{"name":"wp","href":"https:\/\/api.w.org\/{rel}","templated":true}]}}