{"id":2707,"date":"2022-04-13T11:38:01","date_gmt":"2022-04-13T09:38:01","guid":{"rendered":"https:\/\/www.alicemeyer.fr\/sitewordpress\/?page_id=2707"},"modified":"2024-04-24T15:23:11","modified_gmt":"2024-04-24T13:23:11","slug":"poetique-de-lespace","status":"publish","type":"page","link":"https:\/\/www.alicemeyer.fr\/sitewordpress\/?page_id=2707","title":{"rendered":"Po\u00e9tique de l&rsquo;espace"},"content":{"rendered":"\n<p class=\"wp-block-paragraph\" style=\"font-size:14px\"><\/p>\n\n\n\n<div class=\"wp-block-media-text alignwide is-stacked-on-mobile\" style=\"grid-template-columns:17% auto\"><figure class=\"wp-block-media-text__media\"><img loading=\"lazy\" decoding=\"async\" width=\"724\" height=\"1024\" src=\"https:\/\/www.alicemeyer.fr\/sitewordpress\/wp-content\/uploads\/2022\/05\/Proposition-affiche-poetique-de-lespace-1-724x1024.jpg\" alt=\"\" class=\"wp-image-2728 size-full\" srcset=\"https:\/\/www.alicemeyer.fr\/sitewordpress\/wp-content\/uploads\/2022\/05\/Proposition-affiche-poetique-de-lespace-1-724x1024.jpg 724w, https:\/\/www.alicemeyer.fr\/sitewordpress\/wp-content\/uploads\/2022\/05\/Proposition-affiche-poetique-de-lespace-1-212x300.jpg 212w, https:\/\/www.alicemeyer.fr\/sitewordpress\/wp-content\/uploads\/2022\/05\/Proposition-affiche-poetique-de-lespace-1-106x150.jpg 106w, https:\/\/www.alicemeyer.fr\/sitewordpress\/wp-content\/uploads\/2022\/05\/Proposition-affiche-poetique-de-lespace-1-768x1086.jpg 768w, https:\/\/www.alicemeyer.fr\/sitewordpress\/wp-content\/uploads\/2022\/05\/Proposition-affiche-poetique-de-lespace-1-1086x1536.jpg 1086w, https:\/\/www.alicemeyer.fr\/sitewordpress\/wp-content\/uploads\/2022\/05\/Proposition-affiche-poetique-de-lespace-1-1448x2048.jpg 1448w, https:\/\/www.alicemeyer.fr\/sitewordpress\/wp-content\/uploads\/2022\/05\/Proposition-affiche-poetique-de-lespace-1-scaled.jpg 1811w\" sizes=\"auto, (max-width: 724px) 100vw, 724px\" \/><\/figure><div class=\"wp-block-media-text__content\">\n<p class=\"wp-block-paragraph\" style=\"font-size:14px\">Atelier de 10h, men\u00e9 avec une classe de 6e en deux groupes autour de la th\u00e9matique de la po\u00e9sie des surr\u00e9alistes que sont les mots-valises et cadavres exquis. Les \u00e9l\u00e8ves ont vu en amont en fran\u00e7ais comment les construire et ont choisi dans ce vivier pour traduire cette po\u00e9sie en image en se servant des espaces disponibles dans leur coll\u00e8ge et aux abords : architecture, corps, accessoires, mati\u00e8res, formes\u2026Un groupe d\u2019\u00e9l\u00e8ve volontaires a install\u00e9 l\u2019exposition dans la galerie du coll\u00e8ge, de A \u00e0 Z.<\/p>\n\n\n\n<p class=\"wp-block-paragraph\" style=\"font-size:14px\">Extraits :<\/p>\n<\/div><\/div>\n\n\n\n<hr class=\"wp-block-separator has-alpha-channel-opacity is-style-dots\"\/>\n\n\n\n<div class=\"wp-block-columns is-layout-flex wp-container-core-columns-is-layout-8f761849 wp-block-columns-is-layout-flex\">\n<div class=\"wp-block-column is-layout-flow wp-block-column-is-layout-flow\" style=\"flex-basis:25%\">\n<figure class=\"wp-block-image size-large\"><img loading=\"lazy\" decoding=\"async\" width=\"512\" height=\"1024\" src=\"https:\/\/www.alicemeyer.fr\/sitewordpress\/wp-content\/uploads\/2023\/02\/gymnastylo-copie-512x1024.jpg\" alt=\"\" class=\"wp-image-2950\" srcset=\"https:\/\/www.alicemeyer.fr\/sitewordpress\/wp-content\/uploads\/2023\/02\/gymnastylo-copie-512x1024.jpg 512w, https:\/\/www.alicemeyer.fr\/sitewordpress\/wp-content\/uploads\/2023\/02\/gymnastylo-copie-150x300.jpg 150w, https:\/\/www.alicemeyer.fr\/sitewordpress\/wp-content\/uploads\/2023\/02\/gymnastylo-copie-75x150.jpg 75w, https:\/\/www.alicemeyer.fr\/sitewordpress\/wp-content\/uploads\/2023\/02\/gymnastylo-copie.jpg 567w\" sizes=\"auto, (max-width: 512px) 100vw, 512px\" \/><\/figure>\n\n\n\n<figure class=\"wp-block-image size-large\"><img loading=\"lazy\" decoding=\"async\" width=\"684\" height=\"1024\" src=\"https:\/\/www.alicemeyer.fr\/sitewordpress\/wp-content\/uploads\/2022\/04\/DSCF2893-684x1024.jpg\" alt=\"\" class=\"wp-image-2719\" srcset=\"https:\/\/www.alicemeyer.fr\/sitewordpress\/wp-content\/uploads\/2022\/04\/DSCF2893-684x1024.jpg 684w, https:\/\/www.alicemeyer.fr\/sitewordpress\/wp-content\/uploads\/2022\/04\/DSCF2893-200x300.jpg 200w, https:\/\/www.alicemeyer.fr\/sitewordpress\/wp-content\/uploads\/2022\/04\/DSCF2893-100x150.jpg 100w, https:\/\/www.alicemeyer.fr\/sitewordpress\/wp-content\/uploads\/2022\/04\/DSCF2893-768x1150.jpg 768w, https:\/\/www.alicemeyer.fr\/sitewordpress\/wp-content\/uploads\/2022\/04\/DSCF2893-1026x1536.jpg 1026w, https:\/\/www.alicemeyer.fr\/sitewordpress\/wp-content\/uploads\/2022\/04\/DSCF2893-1368x2048.jpg 1368w, https:\/\/www.alicemeyer.fr\/sitewordpress\/wp-content\/uploads\/2022\/04\/DSCF2893-scaled.jpg 1710w\" sizes=\"auto, (max-width: 684px) 100vw, 684px\" \/><\/figure>\n\n\n\n<figure class=\"wp-block-image size-full\"><img loading=\"lazy\" decoding=\"async\" width=\"707\" height=\"892\" src=\"https:\/\/www.alicemeyer.fr\/sitewordpress\/wp-content\/uploads\/2022\/05\/2022-04-13-La-poetique-de-lespace-en-preparation-a-Gruber.png\" alt=\"\" class=\"wp-image-2725\" srcset=\"https:\/\/www.alicemeyer.fr\/sitewordpress\/wp-content\/uploads\/2022\/05\/2022-04-13-La-poetique-de-lespace-en-preparation-a-Gruber.png 707w, https:\/\/www.alicemeyer.fr\/sitewordpress\/wp-content\/uploads\/2022\/05\/2022-04-13-La-poetique-de-lespace-en-preparation-a-Gruber-238x300.png 238w, https:\/\/www.alicemeyer.fr\/sitewordpress\/wp-content\/uploads\/2022\/05\/2022-04-13-La-poetique-de-lespace-en-preparation-a-Gruber-119x150.png 119w\" sizes=\"auto, (max-width: 707px) 100vw, 707px\" \/><\/figure>\n<\/div>\n\n\n\n<div class=\"wp-block-column is-layout-flow wp-block-column-is-layout-flow\" style=\"flex-basis:50%\">\n<figure class=\"wp-block-image size-full\"><img loading=\"lazy\" decoding=\"async\" width=\"567\" height=\"170\" src=\"https:\/\/www.alicemeyer.fr\/sitewordpress\/wp-content\/uploads\/2023\/02\/le-compas-chante-copie.jpg\" alt=\"\" class=\"wp-image-2953\" srcset=\"https:\/\/www.alicemeyer.fr\/sitewordpress\/wp-content\/uploads\/2023\/02\/le-compas-chante-copie.jpg 567w, https:\/\/www.alicemeyer.fr\/sitewordpress\/wp-content\/uploads\/2023\/02\/le-compas-chante-copie-300x90.jpg 300w, https:\/\/www.alicemeyer.fr\/sitewordpress\/wp-content\/uploads\/2023\/02\/le-compas-chante-copie-150x45.jpg 150w\" sizes=\"auto, (max-width: 567px) 100vw, 567px\" \/><\/figure>\n\n\n\n<figure class=\"wp-block-image size-full\"><img loading=\"lazy\" decoding=\"async\" width=\"567\" height=\"213\" src=\"https:\/\/www.alicemeyer.fr\/sitewordpress\/wp-content\/uploads\/2022\/05\/calculatriche-copie-1.jpg\" alt=\"\" class=\"wp-image-2741\" srcset=\"https:\/\/www.alicemeyer.fr\/sitewordpress\/wp-content\/uploads\/2022\/05\/calculatriche-copie-1.jpg 567w, https:\/\/www.alicemeyer.fr\/sitewordpress\/wp-content\/uploads\/2022\/05\/calculatriche-copie-1-300x113.jpg 300w, https:\/\/www.alicemeyer.fr\/sitewordpress\/wp-content\/uploads\/2022\/05\/calculatriche-copie-1-150x56.jpg 150w\" sizes=\"auto, (max-width: 567px) 100vw, 567px\" \/><\/figure>\n\n\n<div class=\"wp-block-image\">\n<figure class=\"aligncenter size-large is-resized\"><img loading=\"lazy\" decoding=\"async\" width=\"512\" height=\"1024\" src=\"https:\/\/www.alicemeyer.fr\/sitewordpress\/wp-content\/uploads\/2022\/05\/clascenseur-copie-512x1024.jpg\" alt=\"\" class=\"wp-image-2734\" style=\"width:250px\" srcset=\"https:\/\/www.alicemeyer.fr\/sitewordpress\/wp-content\/uploads\/2022\/05\/clascenseur-copie-512x1024.jpg 512w, https:\/\/www.alicemeyer.fr\/sitewordpress\/wp-content\/uploads\/2022\/05\/clascenseur-copie-150x300.jpg 150w, https:\/\/www.alicemeyer.fr\/sitewordpress\/wp-content\/uploads\/2022\/05\/clascenseur-copie-75x150.jpg 75w, https:\/\/www.alicemeyer.fr\/sitewordpress\/wp-content\/uploads\/2022\/05\/clascenseur-copie.jpg 567w\" sizes=\"auto, (max-width: 512px) 100vw, 512px\" \/><\/figure>\n<\/div>\n\n<div class=\"wp-block-image\">\n<figure class=\"aligncenter size-large is-resized\"><img loading=\"lazy\" decoding=\"async\" width=\"1024\" height=\"740\" src=\"https:\/\/www.alicemeyer.fr\/sitewordpress\/wp-content\/uploads\/2022\/04\/DSCF2894-scaled-e1713964902748-1024x740.jpg\" alt=\"\" class=\"wp-image-2717\" style=\"width:300px\" srcset=\"https:\/\/www.alicemeyer.fr\/sitewordpress\/wp-content\/uploads\/2022\/04\/DSCF2894-scaled-e1713964902748-1024x740.jpg 1024w, https:\/\/www.alicemeyer.fr\/sitewordpress\/wp-content\/uploads\/2022\/04\/DSCF2894-scaled-e1713964902748-300x217.jpg 300w, https:\/\/www.alicemeyer.fr\/sitewordpress\/wp-content\/uploads\/2022\/04\/DSCF2894-scaled-e1713964902748-150x108.jpg 150w, https:\/\/www.alicemeyer.fr\/sitewordpress\/wp-content\/uploads\/2022\/04\/DSCF2894-scaled-e1713964902748-768x555.jpg 768w, https:\/\/www.alicemeyer.fr\/sitewordpress\/wp-content\/uploads\/2022\/04\/DSCF2894-scaled-e1713964902748-1536x1110.jpg 1536w, https:\/\/www.alicemeyer.fr\/sitewordpress\/wp-content\/uploads\/2022\/04\/DSCF2894-scaled-e1713964902748-2048x1479.jpg 2048w\" sizes=\"auto, (max-width: 1024px) 100vw, 1024px\" \/><\/figure>\n<\/div><\/div>\n\n\n\n<div class=\"wp-block-column is-layout-flow wp-block-column-is-layout-flow\" style=\"flex-basis:25%\">\n<figure class=\"wp-block-image size-large\"><img loading=\"lazy\" decoding=\"async\" width=\"472\" height=\"1024\" src=\"https:\/\/www.alicemeyer.fr\/sitewordpress\/wp-content\/uploads\/2022\/05\/elequerre2-copie-1-472x1024.jpg\" alt=\"\" class=\"wp-image-2740\" srcset=\"https:\/\/www.alicemeyer.fr\/sitewordpress\/wp-content\/uploads\/2022\/05\/elequerre2-copie-1-472x1024.jpg 472w, https:\/\/www.alicemeyer.fr\/sitewordpress\/wp-content\/uploads\/2022\/05\/elequerre2-copie-1-138x300.jpg 138w, https:\/\/www.alicemeyer.fr\/sitewordpress\/wp-content\/uploads\/2022\/05\/elequerre2-copie-1-69x150.jpg 69w, https:\/\/www.alicemeyer.fr\/sitewordpress\/wp-content\/uploads\/2022\/05\/elequerre2-copie-1.jpg 567w\" sizes=\"auto, (max-width: 472px) 100vw, 472px\" \/><\/figure>\n\n\n\n<figure class=\"wp-block-image size-full\"><img loading=\"lazy\" decoding=\"async\" width=\"567\" height=\"737\" src=\"https:\/\/www.alicemeyer.fr\/sitewordpress\/wp-content\/uploads\/2022\/05\/mes-pieds-se-dissimulent-dans-les-casiers-copie.jpg\" alt=\"\" class=\"wp-image-2748\" srcset=\"https:\/\/www.alicemeyer.fr\/sitewordpress\/wp-content\/uploads\/2022\/05\/mes-pieds-se-dissimulent-dans-les-casiers-copie.jpg 567w, https:\/\/www.alicemeyer.fr\/sitewordpress\/wp-content\/uploads\/2022\/05\/mes-pieds-se-dissimulent-dans-les-casiers-copie-231x300.jpg 231w, https:\/\/www.alicemeyer.fr\/sitewordpress\/wp-content\/uploads\/2022\/05\/mes-pieds-se-dissimulent-dans-les-casiers-copie-115x150.jpg 115w\" sizes=\"auto, (max-width: 567px) 100vw, 567px\" \/><\/figure>\n\n\n\n<figure class=\"wp-block-image size-large\"><img loading=\"lazy\" decoding=\"async\" width=\"1024\" height=\"684\" src=\"https:\/\/www.alicemeyer.fr\/sitewordpress\/wp-content\/uploads\/2022\/04\/DSCF2871-1024x684.jpg\" alt=\"\" class=\"wp-image-2712\" srcset=\"https:\/\/www.alicemeyer.fr\/sitewordpress\/wp-content\/uploads\/2022\/04\/DSCF2871-1024x684.jpg 1024w, https:\/\/www.alicemeyer.fr\/sitewordpress\/wp-content\/uploads\/2022\/04\/DSCF2871-300x200.jpg 300w, https:\/\/www.alicemeyer.fr\/sitewordpress\/wp-content\/uploads\/2022\/04\/DSCF2871-150x100.jpg 150w, https:\/\/www.alicemeyer.fr\/sitewordpress\/wp-content\/uploads\/2022\/04\/DSCF2871-768x513.jpg 768w, https:\/\/www.alicemeyer.fr\/sitewordpress\/wp-content\/uploads\/2022\/04\/DSCF2871-1536x1026.jpg 1536w, https:\/\/www.alicemeyer.fr\/sitewordpress\/wp-content\/uploads\/2022\/04\/DSCF2871-2048x1368.jpg 2048w\" sizes=\"auto, (max-width: 1024px) 100vw, 1024px\" \/><\/figure>\n<\/div>\n<\/div>\n","protected":false},"excerpt":{"rendered":"<p>Atelier de 10h, men\u00e9 avec une classe de 6e en deux groupes autour de la th\u00e9matique de la po\u00e9sie des surr\u00e9alistes que sont les mots-valises [&hellip;]<\/p>\n","protected":false},"author":1,"featured_media":0,"parent":0,"menu_order":0,"comment_status":"closed","ping_status":"closed","template":"","meta":{"_crdt_document":"","footnotes":""},"class_list":["post-2707","page","type-page","status-publish","hentry"],"_links":{"self":[{"href":"https:\/\/www.alicemeyer.fr\/sitewordpress\/index.php?rest_route=\/wp\/v2\/pages\/2707","targetHints":{"allow":["GET"]}}],"collection":[{"href":"https:\/\/www.alicemeyer.fr\/sitewordpress\/index.php?rest_route=\/wp\/v2\/pages"}],"about":[{"href":"https:\/\/www.alicemeyer.fr\/sitewordpress\/index.php?rest_route=\/wp\/v2\/types\/page"}],"author":[{"embeddable":true,"href":"https:\/\/www.alicemeyer.fr\/sitewordpress\/index.php?rest_route=\/wp\/v2\/users\/1"}],"replies":[{"embeddable":true,"href":"https:\/\/www.alicemeyer.fr\/sitewordpress\/index.php?rest_route=%2Fwp%2Fv2%2Fcomments&post=2707"}],"version-history":[{"count":30,"href":"https:\/\/www.alicemeyer.fr\/sitewordpress\/index.php?rest_route=\/wp\/v2\/pages\/2707\/revisions"}],"predecessor-version":[{"id":3678,"href":"https:\/\/www.alicemeyer.fr\/sitewordpress\/index.php?rest_route=\/wp\/v2\/pages\/2707\/revisions\/3678"}],"wp:attachment":[{"href":"https:\/\/www.alicemeyer.fr\/sitewordpress\/index.php?rest_route=%2Fwp%2Fv2%2Fmedia&parent=2707"}],"curies":[{"name":"wp","href":"https:\/\/api.w.org\/{rel}","templated":true}]}}