{"id":2778,"date":"2022-07-18T15:01:02","date_gmt":"2022-07-18T13:01:02","guid":{"rendered":"https:\/\/www.alicemeyer.fr\/sitewordpress\/?page_id=2778"},"modified":"2024-04-26T20:04:54","modified_gmt":"2024-04-26T18:04:54","slug":"voyages-immobiles-carnets-de-voyages","status":"publish","type":"page","link":"https:\/\/www.alicemeyer.fr\/sitewordpress\/?page_id=2778","title":{"rendered":"Voyages immobiles &#8211; carnets et \u00e9criture de soi"},"content":{"rendered":"\n<p class=\"wp-block-paragraph\" style=\"font-size:14px\"><\/p>\n\n\n\n<div class=\"wp-block-media-text is-stacked-on-mobile\" style=\"grid-template-columns:22% auto\"><figure class=\"wp-block-media-text__media\"><img loading=\"lazy\" decoding=\"async\" width=\"768\" height=\"1024\" src=\"https:\/\/www.alicemeyer.fr\/sitewordpress\/wp-content\/uploads\/2024\/04\/carnet-de-voyage-octave-1-768x1024.jpg\" alt=\"\" class=\"wp-image-3682 size-full\" srcset=\"https:\/\/www.alicemeyer.fr\/sitewordpress\/wp-content\/uploads\/2024\/04\/carnet-de-voyage-octave-1-768x1024.jpg 768w, https:\/\/www.alicemeyer.fr\/sitewordpress\/wp-content\/uploads\/2024\/04\/carnet-de-voyage-octave-1-225x300.jpg 225w, https:\/\/www.alicemeyer.fr\/sitewordpress\/wp-content\/uploads\/2024\/04\/carnet-de-voyage-octave-1-113x150.jpg 113w, https:\/\/www.alicemeyer.fr\/sitewordpress\/wp-content\/uploads\/2024\/04\/carnet-de-voyage-octave-1-600x800.jpg 600w, https:\/\/www.alicemeyer.fr\/sitewordpress\/wp-content\/uploads\/2024\/04\/carnet-de-voyage-octave-1.jpg 1152w\" sizes=\"auto, (max-width: 768px) 100vw, 768px\" \/><\/figure><div class=\"wp-block-media-text__content\">\n<p class=\"wp-block-paragraph\" style=\"font-size:14px\">Stage r\u00e9alis\u00e9 avec 9 adolescents de 10 \u00e0 14 ans au Ch\u00e2teau du Charmois \u00e0 Vandoeuvre-L\u00e8s-Nancy, en juillet 2022 avec l\u2019objectif de raconter un voyage personnel entre r\u00eave et r\u00e9alit\u00e9, \u00e0 partir des techniques de <a href=\"https:\/\/www.alicemeyer.fr\/sitewordpress\/?page_id=3176\" target=\"_blank\" rel=\"noreferrer noopener\">photographie d\u2019action sociale<\/a>. Un des outils de la photographie d\u2019action sociale tels qu\u2019enseign\u00e9s par Emilie Danchin est de mettre en mouvement l\u2019imagination par l\u2019utilisation de photographies de soi int\u00e9gr\u00e9es au collage final. Ainsi l\u2019adolescent incarne son voyage, physiquement et mentalement. Il y ajoute de l\u2019\u00e9crit et des \u00e9l\u00e9ments r\u00e9colt\u00e9s, ajout\u00e9s et\/ou fabriqu\u00e9s dans un carnet leporello. Le voyage enfin cont\u00e9 est une part de soi r\u00eav\u00e9e que l\u2019on d\u00e9plie tel un paysage, une phrase avec un d\u00e9but, une fin, un rythme et un monde propre \u00e0 chacun : voyage au Japon pr\u00e9vu \u00e0 l\u2019\u00e2ge adulte, voyage \u00e9pique et fantastique entre monstres et destrier f\u00e9lin, vacances dans le Sud, voyage pour d\u00e9crocher une m\u00e9daille aux Jeux Olympiques, etc.<\/p>\n<\/div><\/div>\n\n\n\n<hr class=\"wp-block-separator has-alpha-channel-opacity is-style-dots\"\/>\n\n\n\n<figure class=\"wp-block-gallery has-nested-images columns-default is-cropped wp-block-gallery-1 is-layout-flex wp-block-gallery-is-layout-flex\">\n<figure class=\"wp-block-image size-large\"><img loading=\"lazy\" decoding=\"async\" width=\"762\" height=\"1024\" data-id=\"2793\" src=\"https:\/\/www.alicemeyer.fr\/sitewordpress\/wp-content\/uploads\/2022\/07\/293557045_1447724165666380_3949210980364032796_n-1-762x1024.jpg\" alt=\"\" class=\"wp-image-2793\" srcset=\"https:\/\/www.alicemeyer.fr\/sitewordpress\/wp-content\/uploads\/2022\/07\/293557045_1447724165666380_3949210980364032796_n-1-762x1024.jpg 762w, https:\/\/www.alicemeyer.fr\/sitewordpress\/wp-content\/uploads\/2022\/07\/293557045_1447724165666380_3949210980364032796_n-1-223x300.jpg 223w, https:\/\/www.alicemeyer.fr\/sitewordpress\/wp-content\/uploads\/2022\/07\/293557045_1447724165666380_3949210980364032796_n-1-112x150.jpg 112w, https:\/\/www.alicemeyer.fr\/sitewordpress\/wp-content\/uploads\/2022\/07\/293557045_1447724165666380_3949210980364032796_n-1-768x1032.jpg 768w, https:\/\/www.alicemeyer.fr\/sitewordpress\/wp-content\/uploads\/2022\/07\/293557045_1447724165666380_3949210980364032796_n-1-1143x1536.jpg 1143w, https:\/\/www.alicemeyer.fr\/sitewordpress\/wp-content\/uploads\/2022\/07\/293557045_1447724165666380_3949210980364032796_n-1.jpg 1152w\" sizes=\"auto, (max-width: 762px) 100vw, 762px\" \/><\/figure>\n\n\n\n<figure class=\"wp-block-image size-large\"><img loading=\"lazy\" decoding=\"async\" width=\"1024\" height=\"768\" data-id=\"2787\" src=\"https:\/\/www.alicemeyer.fr\/sitewordpress\/wp-content\/uploads\/2022\/07\/293590286_592845942462501_7504001819634298345_n-1024x768.jpg\" alt=\"\" class=\"wp-image-2787\" srcset=\"https:\/\/www.alicemeyer.fr\/sitewordpress\/wp-content\/uploads\/2022\/07\/293590286_592845942462501_7504001819634298345_n-1024x768.jpg 1024w, https:\/\/www.alicemeyer.fr\/sitewordpress\/wp-content\/uploads\/2022\/07\/293590286_592845942462501_7504001819634298345_n-300x225.jpg 300w, https:\/\/www.alicemeyer.fr\/sitewordpress\/wp-content\/uploads\/2022\/07\/293590286_592845942462501_7504001819634298345_n-150x113.jpg 150w, https:\/\/www.alicemeyer.fr\/sitewordpress\/wp-content\/uploads\/2022\/07\/293590286_592845942462501_7504001819634298345_n-768x576.jpg 768w, https:\/\/www.alicemeyer.fr\/sitewordpress\/wp-content\/uploads\/2022\/07\/293590286_592845942462501_7504001819634298345_n-1536x1152.jpg 1536w, https:\/\/www.alicemeyer.fr\/sitewordpress\/wp-content\/uploads\/2022\/07\/293590286_592845942462501_7504001819634298345_n.jpg 1548w\" sizes=\"auto, (max-width: 1024px) 100vw, 1024px\" \/><\/figure>\n\n\n\n<figure class=\"wp-block-image size-large\"><img loading=\"lazy\" decoding=\"async\" width=\"762\" height=\"1024\" data-id=\"2788\" src=\"https:\/\/www.alicemeyer.fr\/sitewordpress\/wp-content\/uploads\/2022\/07\/292034278_1062808054650913_6148031500877797707_n-762x1024.jpg\" alt=\"\" class=\"wp-image-2788\" srcset=\"https:\/\/www.alicemeyer.fr\/sitewordpress\/wp-content\/uploads\/2022\/07\/292034278_1062808054650913_6148031500877797707_n-762x1024.jpg 762w, https:\/\/www.alicemeyer.fr\/sitewordpress\/wp-content\/uploads\/2022\/07\/292034278_1062808054650913_6148031500877797707_n-223x300.jpg 223w, https:\/\/www.alicemeyer.fr\/sitewordpress\/wp-content\/uploads\/2022\/07\/292034278_1062808054650913_6148031500877797707_n-112x150.jpg 112w, https:\/\/www.alicemeyer.fr\/sitewordpress\/wp-content\/uploads\/2022\/07\/292034278_1062808054650913_6148031500877797707_n-768x1032.jpg 768w, https:\/\/www.alicemeyer.fr\/sitewordpress\/wp-content\/uploads\/2022\/07\/292034278_1062808054650913_6148031500877797707_n-1143x1536.jpg 1143w, https:\/\/www.alicemeyer.fr\/sitewordpress\/wp-content\/uploads\/2022\/07\/292034278_1062808054650913_6148031500877797707_n.jpg 1152w\" sizes=\"auto, (max-width: 762px) 100vw, 762px\" \/><\/figure>\n\n\n\n<figure class=\"wp-block-image size-large\"><img loading=\"lazy\" decoding=\"async\" width=\"1024\" height=\"683\" data-id=\"2796\" src=\"https:\/\/www.alicemeyer.fr\/sitewordpress\/wp-content\/uploads\/2022\/07\/atelier-photo-alice-meyer-club-arlequin-1024x683.jpg\" alt=\"\" class=\"wp-image-2796\" srcset=\"https:\/\/www.alicemeyer.fr\/sitewordpress\/wp-content\/uploads\/2022\/07\/atelier-photo-alice-meyer-club-arlequin-1024x683.jpg 1024w, https:\/\/www.alicemeyer.fr\/sitewordpress\/wp-content\/uploads\/2022\/07\/atelier-photo-alice-meyer-club-arlequin-300x200.jpg 300w, https:\/\/www.alicemeyer.fr\/sitewordpress\/wp-content\/uploads\/2022\/07\/atelier-photo-alice-meyer-club-arlequin-150x100.jpg 150w, https:\/\/www.alicemeyer.fr\/sitewordpress\/wp-content\/uploads\/2022\/07\/atelier-photo-alice-meyer-club-arlequin-768x512.jpg 768w, https:\/\/www.alicemeyer.fr\/sitewordpress\/wp-content\/uploads\/2022\/07\/atelier-photo-alice-meyer-club-arlequin-1536x1024.jpg 1536w, https:\/\/www.alicemeyer.fr\/sitewordpress\/wp-content\/uploads\/2022\/07\/atelier-photo-alice-meyer-club-arlequin.jpg 2048w\" sizes=\"auto, (max-width: 1024px) 100vw, 1024px\" \/><\/figure>\n\n\n\n<figure class=\"wp-block-image size-large\"><img loading=\"lazy\" decoding=\"async\" width=\"1024\" height=\"682\" data-id=\"2799\" src=\"https:\/\/www.alicemeyer.fr\/sitewordpress\/wp-content\/uploads\/2022\/07\/carnets-de-voyages_stage-ete_alice-meyer_club-arlequin_prises-de-vues-1024x682.jpg\" alt=\"\" class=\"wp-image-2799\" srcset=\"https:\/\/www.alicemeyer.fr\/sitewordpress\/wp-content\/uploads\/2022\/07\/carnets-de-voyages_stage-ete_alice-meyer_club-arlequin_prises-de-vues-1024x682.jpg 1024w, https:\/\/www.alicemeyer.fr\/sitewordpress\/wp-content\/uploads\/2022\/07\/carnets-de-voyages_stage-ete_alice-meyer_club-arlequin_prises-de-vues-300x200.jpg 300w, https:\/\/www.alicemeyer.fr\/sitewordpress\/wp-content\/uploads\/2022\/07\/carnets-de-voyages_stage-ete_alice-meyer_club-arlequin_prises-de-vues-150x100.jpg 150w, https:\/\/www.alicemeyer.fr\/sitewordpress\/wp-content\/uploads\/2022\/07\/carnets-de-voyages_stage-ete_alice-meyer_club-arlequin_prises-de-vues-768x512.jpg 768w, https:\/\/www.alicemeyer.fr\/sitewordpress\/wp-content\/uploads\/2022\/07\/carnets-de-voyages_stage-ete_alice-meyer_club-arlequin_prises-de-vues.jpg 1276w\" sizes=\"auto, (max-width: 1024px) 100vw, 1024px\" \/><\/figure>\n\n\n\n<figure class=\"wp-block-image size-large\"><img loading=\"lazy\" decoding=\"async\" width=\"1024\" height=\"683\" data-id=\"2794\" src=\"https:\/\/www.alicemeyer.fr\/sitewordpress\/wp-content\/uploads\/2022\/07\/carnets-de-voyages_stage-ete_chateau-charmois_alice-meyer_club-arlequin_10-1024x683.jpg\" alt=\"\" class=\"wp-image-2794\" srcset=\"https:\/\/www.alicemeyer.fr\/sitewordpress\/wp-content\/uploads\/2022\/07\/carnets-de-voyages_stage-ete_chateau-charmois_alice-meyer_club-arlequin_10-1024x683.jpg 1024w, https:\/\/www.alicemeyer.fr\/sitewordpress\/wp-content\/uploads\/2022\/07\/carnets-de-voyages_stage-ete_chateau-charmois_alice-meyer_club-arlequin_10-300x200.jpg 300w, https:\/\/www.alicemeyer.fr\/sitewordpress\/wp-content\/uploads\/2022\/07\/carnets-de-voyages_stage-ete_chateau-charmois_alice-meyer_club-arlequin_10-150x100.jpg 150w, https:\/\/www.alicemeyer.fr\/sitewordpress\/wp-content\/uploads\/2022\/07\/carnets-de-voyages_stage-ete_chateau-charmois_alice-meyer_club-arlequin_10-768x512.jpg 768w, https:\/\/www.alicemeyer.fr\/sitewordpress\/wp-content\/uploads\/2022\/07\/carnets-de-voyages_stage-ete_chateau-charmois_alice-meyer_club-arlequin_10.jpg 1243w\" sizes=\"auto, (max-width: 1024px) 100vw, 1024px\" \/><\/figure>\n\n\n\n<figure class=\"wp-block-image size-large\"><img loading=\"lazy\" decoding=\"async\" width=\"1024\" height=\"683\" data-id=\"2797\" src=\"https:\/\/www.alicemeyer.fr\/sitewordpress\/wp-content\/uploads\/2022\/07\/carnets-de-voyages_stage-ete_alice-meyer_club-arlequin-1024x683.jpg\" alt=\"\" class=\"wp-image-2797\" srcset=\"https:\/\/www.alicemeyer.fr\/sitewordpress\/wp-content\/uploads\/2022\/07\/carnets-de-voyages_stage-ete_alice-meyer_club-arlequin-1024x683.jpg 1024w, https:\/\/www.alicemeyer.fr\/sitewordpress\/wp-content\/uploads\/2022\/07\/carnets-de-voyages_stage-ete_alice-meyer_club-arlequin-300x200.jpg 300w, https:\/\/www.alicemeyer.fr\/sitewordpress\/wp-content\/uploads\/2022\/07\/carnets-de-voyages_stage-ete_alice-meyer_club-arlequin-150x100.jpg 150w, https:\/\/www.alicemeyer.fr\/sitewordpress\/wp-content\/uploads\/2022\/07\/carnets-de-voyages_stage-ete_alice-meyer_club-arlequin-768x512.jpg 768w, https:\/\/www.alicemeyer.fr\/sitewordpress\/wp-content\/uploads\/2022\/07\/carnets-de-voyages_stage-ete_alice-meyer_club-arlequin.jpg 1134w\" sizes=\"auto, (max-width: 1024px) 100vw, 1024px\" \/><\/figure>\n\n\n\n<figure class=\"wp-block-image size-large\"><img loading=\"lazy\" decoding=\"async\" width=\"1024\" height=\"682\" data-id=\"2798\" src=\"https:\/\/www.alicemeyer.fr\/sitewordpress\/wp-content\/uploads\/2022\/07\/carnet-de-voyage-atelier-ete-alice-meyer_club-arlequin01-1024x682.jpg\" alt=\"\" class=\"wp-image-2798\" srcset=\"https:\/\/www.alicemeyer.fr\/sitewordpress\/wp-content\/uploads\/2022\/07\/carnet-de-voyage-atelier-ete-alice-meyer_club-arlequin01-1024x682.jpg 1024w, https:\/\/www.alicemeyer.fr\/sitewordpress\/wp-content\/uploads\/2022\/07\/carnet-de-voyage-atelier-ete-alice-meyer_club-arlequin01-300x200.jpg 300w, https:\/\/www.alicemeyer.fr\/sitewordpress\/wp-content\/uploads\/2022\/07\/carnet-de-voyage-atelier-ete-alice-meyer_club-arlequin01-150x100.jpg 150w, https:\/\/www.alicemeyer.fr\/sitewordpress\/wp-content\/uploads\/2022\/07\/carnet-de-voyage-atelier-ete-alice-meyer_club-arlequin01-768x512.jpg 768w, https:\/\/www.alicemeyer.fr\/sitewordpress\/wp-content\/uploads\/2022\/07\/carnet-de-voyage-atelier-ete-alice-meyer_club-arlequin01.jpg 1276w\" sizes=\"auto, (max-width: 1024px) 100vw, 1024px\" \/><\/figure>\n\n\n\n<figure class=\"wp-block-image size-large\"><img loading=\"lazy\" decoding=\"async\" width=\"1024\" height=\"682\" data-id=\"2795\" src=\"https:\/\/www.alicemeyer.fr\/sitewordpress\/wp-content\/uploads\/2022\/07\/carnets-de-voyages_stage-ete_alice-meyer_club-arlequin06-1024x682.jpg\" alt=\"\" class=\"wp-image-2795\" srcset=\"https:\/\/www.alicemeyer.fr\/sitewordpress\/wp-content\/uploads\/2022\/07\/carnets-de-voyages_stage-ete_alice-meyer_club-arlequin06-1024x682.jpg 1024w, https:\/\/www.alicemeyer.fr\/sitewordpress\/wp-content\/uploads\/2022\/07\/carnets-de-voyages_stage-ete_alice-meyer_club-arlequin06-300x200.jpg 300w, https:\/\/www.alicemeyer.fr\/sitewordpress\/wp-content\/uploads\/2022\/07\/carnets-de-voyages_stage-ete_alice-meyer_club-arlequin06-150x100.jpg 150w, https:\/\/www.alicemeyer.fr\/sitewordpress\/wp-content\/uploads\/2022\/07\/carnets-de-voyages_stage-ete_alice-meyer_club-arlequin06-768x512.jpg 768w, https:\/\/www.alicemeyer.fr\/sitewordpress\/wp-content\/uploads\/2022\/07\/carnets-de-voyages_stage-ete_alice-meyer_club-arlequin06.jpg 1276w\" sizes=\"auto, (max-width: 1024px) 100vw, 1024px\" \/><\/figure>\n<\/figure>\n","protected":false},"excerpt":{"rendered":"<p>Stage r\u00e9alis\u00e9 avec 9 adolescents de 10 \u00e0 14 ans au Ch\u00e2teau du Charmois \u00e0 Vandoeuvre-L\u00e8s-Nancy, en juillet 2022 avec l\u2019objectif de raconter un voyage [&hellip;]<\/p>\n","protected":false},"author":1,"featured_media":0,"parent":0,"menu_order":0,"comment_status":"closed","ping_status":"closed","template":"","meta":{"_crdt_document":"","footnotes":""},"class_list":["post-2778","page","type-page","status-publish","hentry"],"_links":{"self":[{"href":"https:\/\/www.alicemeyer.fr\/sitewordpress\/index.php?rest_route=\/wp\/v2\/pages\/2778","targetHints":{"allow":["GET"]}}],"collection":[{"href":"https:\/\/www.alicemeyer.fr\/sitewordpress\/index.php?rest_route=\/wp\/v2\/pages"}],"about":[{"href":"https:\/\/www.alicemeyer.fr\/sitewordpress\/index.php?rest_route=\/wp\/v2\/types\/page"}],"author":[{"embeddable":true,"href":"https:\/\/www.alicemeyer.fr\/sitewordpress\/index.php?rest_route=\/wp\/v2\/users\/1"}],"replies":[{"embeddable":true,"href":"https:\/\/www.alicemeyer.fr\/sitewordpress\/index.php?rest_route=%2Fwp%2Fv2%2Fcomments&post=2778"}],"version-history":[{"count":16,"href":"https:\/\/www.alicemeyer.fr\/sitewordpress\/index.php?rest_route=\/wp\/v2\/pages\/2778\/revisions"}],"predecessor-version":[{"id":3685,"href":"https:\/\/www.alicemeyer.fr\/sitewordpress\/index.php?rest_route=\/wp\/v2\/pages\/2778\/revisions\/3685"}],"wp:attachment":[{"href":"https:\/\/www.alicemeyer.fr\/sitewordpress\/index.php?rest_route=%2Fwp%2Fv2%2Fmedia&parent=2778"}],"curies":[{"name":"wp","href":"https:\/\/api.w.org\/{rel}","templated":true}]}}