{"id":3565,"date":"2024-04-22T14:47:41","date_gmt":"2024-04-22T12:47:41","guid":{"rendered":"https:\/\/www.alicemeyer.fr\/sitewordpress\/?page_id=3565"},"modified":"2024-04-22T14:52:52","modified_gmt":"2024-04-22T12:52:52","slug":"education-aux-images-gazette-du-college","status":"publish","type":"page","link":"https:\/\/www.alicemeyer.fr\/sitewordpress\/?page_id=3565","title":{"rendered":"Education aux images \/ Gazette du coll\u00e8ge"},"content":{"rendered":"\n<p class=\"wp-block-paragraph\">L&rsquo;\u00e9ducation aux images avec les coll\u00e8giens a consist\u00e9 \u00e0 apprendre \u00e0 d\u00e9crypter les images d&rsquo;actualit\u00e9 via les diff\u00e9rents m\u00e9dia \u00e0 travers l&rsquo;histoire de la photographie et l&rsquo;\u00e9volution des modes de communication et de manipulation des images.<\/p>\n\n\n\n<p class=\"wp-block-paragraph\">Les s\u00e9ances ont servi \u00e9galement \u00e0 alimenter la gazette du coll\u00e8ge en illustrant les articles et th\u00e9matiques choisis par les \u00e9l\u00e8ves ainsi qu&rsquo;\u00e0 documenter les \u00e9v\u00e8nements de leur \u00e9tablissement.<\/p>\n\n\n\n<p class=\"wp-block-paragraph\"><a href=\"https:\/\/lewebpedagogique.com\/mediaemilegalle\/\">Consulter les num\u00e9ros de la Gazette \u00ab\u00a0Emile Gazine\u00a0\u00bb.<\/a><\/p>\n\n\n\n<figure class=\"wp-block-gallery has-nested-images columns-default is-cropped wp-block-gallery-1 is-layout-flex wp-block-gallery-is-layout-flex\">\n<figure class=\"wp-block-image size-large\"><img loading=\"lazy\" decoding=\"async\" width=\"532\" height=\"775\" data-id=\"3575\" src=\"https:\/\/www.alicemeyer.fr\/sitewordpress\/wp-content\/uploads\/2024\/04\/emile-gazine-6.png\" alt=\"\" class=\"wp-image-3575\" srcset=\"https:\/\/www.alicemeyer.fr\/sitewordpress\/wp-content\/uploads\/2024\/04\/emile-gazine-6.png 532w, https:\/\/www.alicemeyer.fr\/sitewordpress\/wp-content\/uploads\/2024\/04\/emile-gazine-6-206x300.png 206w, https:\/\/www.alicemeyer.fr\/sitewordpress\/wp-content\/uploads\/2024\/04\/emile-gazine-6-103x150.png 103w\" sizes=\"auto, (max-width: 532px) 100vw, 532px\" \/><\/figure>\n\n\n\n<figure class=\"wp-block-image size-large\"><img loading=\"lazy\" decoding=\"async\" width=\"533\" height=\"843\" data-id=\"3576\" src=\"https:\/\/www.alicemeyer.fr\/sitewordpress\/wp-content\/uploads\/2024\/04\/emile-gazine-5.png\" alt=\"\" class=\"wp-image-3576\" srcset=\"https:\/\/www.alicemeyer.fr\/sitewordpress\/wp-content\/uploads\/2024\/04\/emile-gazine-5.png 533w, https:\/\/www.alicemeyer.fr\/sitewordpress\/wp-content\/uploads\/2024\/04\/emile-gazine-5-190x300.png 190w, https:\/\/www.alicemeyer.fr\/sitewordpress\/wp-content\/uploads\/2024\/04\/emile-gazine-5-95x150.png 95w\" sizes=\"auto, (max-width: 533px) 100vw, 533px\" \/><\/figure>\n<\/figure>\n","protected":false},"excerpt":{"rendered":"<p>L&rsquo;\u00e9ducation aux images avec les coll\u00e8giens a consist\u00e9 \u00e0 apprendre \u00e0 d\u00e9crypter les images d&rsquo;actualit\u00e9 via les diff\u00e9rents m\u00e9dia \u00e0 travers l&rsquo;histoire de la photographie [&hellip;]<\/p>\n","protected":false},"author":1,"featured_media":0,"parent":0,"menu_order":0,"comment_status":"closed","ping_status":"closed","template":"","meta":{"_crdt_document":"","footnotes":""},"class_list":["post-3565","page","type-page","status-publish","hentry"],"_links":{"self":[{"href":"https:\/\/www.alicemeyer.fr\/sitewordpress\/index.php?rest_route=\/wp\/v2\/pages\/3565","targetHints":{"allow":["GET"]}}],"collection":[{"href":"https:\/\/www.alicemeyer.fr\/sitewordpress\/index.php?rest_route=\/wp\/v2\/pages"}],"about":[{"href":"https:\/\/www.alicemeyer.fr\/sitewordpress\/index.php?rest_route=\/wp\/v2\/types\/page"}],"author":[{"embeddable":true,"href":"https:\/\/www.alicemeyer.fr\/sitewordpress\/index.php?rest_route=\/wp\/v2\/users\/1"}],"replies":[{"embeddable":true,"href":"https:\/\/www.alicemeyer.fr\/sitewordpress\/index.php?rest_route=%2Fwp%2Fv2%2Fcomments&post=3565"}],"version-history":[{"count":4,"href":"https:\/\/www.alicemeyer.fr\/sitewordpress\/index.php?rest_route=\/wp\/v2\/pages\/3565\/revisions"}],"predecessor-version":[{"id":3578,"href":"https:\/\/www.alicemeyer.fr\/sitewordpress\/index.php?rest_route=\/wp\/v2\/pages\/3565\/revisions\/3578"}],"wp:attachment":[{"href":"https:\/\/www.alicemeyer.fr\/sitewordpress\/index.php?rest_route=%2Fwp%2Fv2%2Fmedia&parent=3565"}],"curies":[{"name":"wp","href":"https:\/\/api.w.org\/{rel}","templated":true}]}}