{"id":3579,"date":"2024-04-22T15:18:32","date_gmt":"2024-04-22T13:18:32","guid":{"rendered":"https:\/\/www.alicemeyer.fr\/sitewordpress\/?page_id=3579"},"modified":"2024-04-22T15:36:49","modified_gmt":"2024-04-22T13:36:49","slug":"cyanotypie","status":"publish","type":"page","link":"https:\/\/www.alicemeyer.fr\/sitewordpress\/?page_id=3579","title":{"rendered":"Cyanotypie"},"content":{"rendered":"\n<p class=\"wp-block-paragraph\">La technique de la cyanotypie a \u00e9t\u00e9 invent\u00e9e par <strong><a href=\"https:\/\/leblogargentique.com\/le-cyanotype-la-vie-en-bleu-1842\/\" target=\"_blank\" rel=\"noreferrer noopener\">John Hershel en 1842<\/a><\/strong>. C&rsquo;est une technique de n\u00e9gatif papier qui garde l&#8217;empreinte d&rsquo;objets ou de n\u00e9gatifs pos\u00e9s au contact du papier pr\u00e9alablement rendu sensible \u00e0 la lumi\u00e8re du soleil. Celui-ci prend une teinte \u00ab\u00a0bleu de Prusse\u00a0\u00bb une fois insol\u00e9 puis nettoy\u00e9 et s\u00e9ch\u00e9, offrant des images \u00e0 l&rsquo;esth\u00e9tique tr\u00e8s forte mais qui ouvre aussi \u00e0 l&rsquo;exp\u00e9rimentation, \u00e0 l&rsquo;\u00e9tonnement autant qu&rsquo;au travail pr\u00e9cis, tel que le travail du botaniste. Ainsi, <strong><a href=\"https:\/\/bibliotheques.mnhn.fr\/medias\/medias.aspx?INSTANCE=EXPLOITATION&amp;PORTAL_ID=portal_model_instance__les_cyanotypes_d_anna_atkins.xml#:~:text=Face%20%C3%A0%20la%20difficult%C3%A9%20de,application%20aux%20livres%20de%20botanique.\" target=\"_blank\" rel=\"noreferrer noopener\">Anna Atkins<\/a><\/strong>, botaniste du 19\u00e8me si\u00e8cle a rendu le proc\u00e9d\u00e9 c\u00e9l\u00e8bre notamment par ses cyanotypes d&rsquo;algues.<\/p>\n\n\n\n<p class=\"wp-block-paragraph\">Le cyanotype est tr\u00e8s appr\u00e9ci\u00e9 en ateliers cependant il requi\u00e8re une pi\u00e8ce sombre, un point d&rsquo;eau et un temps plut\u00f4t ensoleill\u00e9. Le papier peut \u00eatre pr\u00e9par\u00e9 en amont pour les espaces ne disposant pas de pi\u00e8ce sombre.<\/p>\n\n\n\n<hr class=\"wp-block-separator has-alpha-channel-opacity\"\/>\n\n\n\n<div class=\"wp-block-columns is-layout-flex wp-container-core-columns-is-layout-8f761849 wp-block-columns-is-layout-flex\">\n<div class=\"wp-block-column is-layout-flow wp-block-column-is-layout-flow\">\n<figure class=\"wp-block-image size-large\"><img loading=\"lazy\" decoding=\"async\" width=\"1024\" height=\"1024\" src=\"https:\/\/www.alicemeyer.fr\/sitewordpress\/wp-content\/uploads\/2024\/04\/375752993_307528701858175_5863305213951794078_n-1-1024x1024.jpg\" alt=\"\" class=\"wp-image-3601\" srcset=\"https:\/\/www.alicemeyer.fr\/sitewordpress\/wp-content\/uploads\/2024\/04\/375752993_307528701858175_5863305213951794078_n-1-1024x1024.jpg 1024w, https:\/\/www.alicemeyer.fr\/sitewordpress\/wp-content\/uploads\/2024\/04\/375752993_307528701858175_5863305213951794078_n-1-300x300.jpg 300w, https:\/\/www.alicemeyer.fr\/sitewordpress\/wp-content\/uploads\/2024\/04\/375752993_307528701858175_5863305213951794078_n-1-150x150.jpg 150w, https:\/\/www.alicemeyer.fr\/sitewordpress\/wp-content\/uploads\/2024\/04\/375752993_307528701858175_5863305213951794078_n-1-768x768.jpg 768w, https:\/\/www.alicemeyer.fr\/sitewordpress\/wp-content\/uploads\/2024\/04\/375752993_307528701858175_5863305213951794078_n-1.jpg 1080w\" sizes=\"auto, (max-width: 1024px) 100vw, 1024px\" \/><figcaption class=\"wp-element-caption\">Art-th\u00e9rapie en EHPAD<\/figcaption><\/figure>\n<\/div>\n\n\n\n<div class=\"wp-block-column is-vertically-aligned-center is-layout-flow wp-block-column-is-layout-flow\">\n<figure class=\"wp-block-image size-large\"><img loading=\"lazy\" decoding=\"async\" width=\"1024\" height=\"768\" src=\"https:\/\/www.alicemeyer.fr\/sitewordpress\/wp-content\/uploads\/2024\/04\/IMG_0005-2-1024x768.jpg\" alt=\"\" class=\"wp-image-3602\" srcset=\"https:\/\/www.alicemeyer.fr\/sitewordpress\/wp-content\/uploads\/2024\/04\/IMG_0005-2-1024x768.jpg 1024w, https:\/\/www.alicemeyer.fr\/sitewordpress\/wp-content\/uploads\/2024\/04\/IMG_0005-2-300x225.jpg 300w, https:\/\/www.alicemeyer.fr\/sitewordpress\/wp-content\/uploads\/2024\/04\/IMG_0005-2-150x113.jpg 150w, https:\/\/www.alicemeyer.fr\/sitewordpress\/wp-content\/uploads\/2024\/04\/IMG_0005-2-768x576.jpg 768w, https:\/\/www.alicemeyer.fr\/sitewordpress\/wp-content\/uploads\/2024\/04\/IMG_0005-2-1536x1152.jpg 1536w, https:\/\/www.alicemeyer.fr\/sitewordpress\/wp-content\/uploads\/2024\/04\/IMG_0005-2-2048x1536.jpg 2048w\" sizes=\"auto, (max-width: 1024px) 100vw, 1024px\" \/><figcaption class=\"wp-element-caption\">Herbier en Leporello \/ Art-th\u00e9rapie en EHPAD<\/figcaption><\/figure>\n<\/div>\n\n\n\n<div class=\"wp-block-column is-layout-flow wp-block-column-is-layout-flow\">\n<figure class=\"wp-block-image size-large\"><img loading=\"lazy\" decoding=\"async\" width=\"1024\" height=\"1024\" src=\"https:\/\/www.alicemeyer.fr\/sitewordpress\/wp-content\/uploads\/2024\/04\/377124931_1654050578441028_3348767841283304183_n-1024x1024.jpg\" alt=\"\" class=\"wp-image-3603\" srcset=\"https:\/\/www.alicemeyer.fr\/sitewordpress\/wp-content\/uploads\/2024\/04\/377124931_1654050578441028_3348767841283304183_n-1024x1024.jpg 1024w, https:\/\/www.alicemeyer.fr\/sitewordpress\/wp-content\/uploads\/2024\/04\/377124931_1654050578441028_3348767841283304183_n-300x300.jpg 300w, https:\/\/www.alicemeyer.fr\/sitewordpress\/wp-content\/uploads\/2024\/04\/377124931_1654050578441028_3348767841283304183_n-150x150.jpg 150w, https:\/\/www.alicemeyer.fr\/sitewordpress\/wp-content\/uploads\/2024\/04\/377124931_1654050578441028_3348767841283304183_n-768x768.jpg 768w, https:\/\/www.alicemeyer.fr\/sitewordpress\/wp-content\/uploads\/2024\/04\/377124931_1654050578441028_3348767841283304183_n-1536x1536.jpg 1536w, https:\/\/www.alicemeyer.fr\/sitewordpress\/wp-content\/uploads\/2024\/04\/377124931_1654050578441028_3348767841283304183_n.jpg 1836w\" sizes=\"auto, (max-width: 1024px) 100vw, 1024px\" \/><figcaption class=\"wp-element-caption\">D\u00e9tail d&rsquo;un cyanotypie avec \u00e9pice<\/figcaption><\/figure>\n<\/div>\n<\/div>\n\n\n\n<div class=\"wp-block-columns is-layout-flex wp-container-core-columns-is-layout-8f761849 wp-block-columns-is-layout-flex\">\n<div class=\"wp-block-column is-layout-flow wp-block-column-is-layout-flow\">\n<figure class=\"wp-block-image size-large\"><img loading=\"lazy\" decoding=\"async\" width=\"1024\" height=\"1024\" src=\"https:\/\/www.alicemeyer.fr\/sitewordpress\/wp-content\/uploads\/2024\/04\/377125633_840514230961619_5840147144596946023_n-1024x1024.jpg\" alt=\"\" class=\"wp-image-3598\" srcset=\"https:\/\/www.alicemeyer.fr\/sitewordpress\/wp-content\/uploads\/2024\/04\/377125633_840514230961619_5840147144596946023_n-1024x1024.jpg 1024w, https:\/\/www.alicemeyer.fr\/sitewordpress\/wp-content\/uploads\/2024\/04\/377125633_840514230961619_5840147144596946023_n-300x300.jpg 300w, https:\/\/www.alicemeyer.fr\/sitewordpress\/wp-content\/uploads\/2024\/04\/377125633_840514230961619_5840147144596946023_n-150x150.jpg 150w, https:\/\/www.alicemeyer.fr\/sitewordpress\/wp-content\/uploads\/2024\/04\/377125633_840514230961619_5840147144596946023_n-768x768.jpg 768w, https:\/\/www.alicemeyer.fr\/sitewordpress\/wp-content\/uploads\/2024\/04\/377125633_840514230961619_5840147144596946023_n-1536x1536.jpg 1536w, https:\/\/www.alicemeyer.fr\/sitewordpress\/wp-content\/uploads\/2024\/04\/377125633_840514230961619_5840147144596946023_n.jpg 1836w\" sizes=\"auto, (max-width: 1024px) 100vw, 1024px\" \/><figcaption class=\"wp-element-caption\">S\u00e9rie de cartes postales d&rsquo;Algues de la c\u00f4te atlantique<\/figcaption><\/figure>\n<\/div>\n\n\n\n<div class=\"wp-block-column is-layout-flow wp-block-column-is-layout-flow\">\n<figure class=\"wp-block-image size-full\"><img loading=\"lazy\" decoding=\"async\" width=\"960\" height=\"960\" src=\"https:\/\/www.alicemeyer.fr\/sitewordpress\/wp-content\/uploads\/2024\/04\/cyanotype4-1.jpg\" alt=\"\" class=\"wp-image-3599\" srcset=\"https:\/\/www.alicemeyer.fr\/sitewordpress\/wp-content\/uploads\/2024\/04\/cyanotype4-1.jpg 960w, https:\/\/www.alicemeyer.fr\/sitewordpress\/wp-content\/uploads\/2024\/04\/cyanotype4-1-300x300.jpg 300w, https:\/\/www.alicemeyer.fr\/sitewordpress\/wp-content\/uploads\/2024\/04\/cyanotype4-1-150x150.jpg 150w, https:\/\/www.alicemeyer.fr\/sitewordpress\/wp-content\/uploads\/2024\/04\/cyanotype4-1-768x768.jpg 768w\" sizes=\"auto, (max-width: 960px) 100vw, 960px\" \/><figcaption class=\"wp-element-caption\">Feuilles de Ginko Biloba, format A3<\/figcaption><\/figure>\n<\/div>\n\n\n\n<div class=\"wp-block-column is-layout-flow wp-block-column-is-layout-flow\">\n<figure class=\"wp-block-image size-full\"><img loading=\"lazy\" decoding=\"async\" width=\"960\" height=\"960\" src=\"https:\/\/www.alicemeyer.fr\/sitewordpress\/wp-content\/uploads\/2024\/04\/cyanotype3-1.jpg\" alt=\"\" class=\"wp-image-3600\" srcset=\"https:\/\/www.alicemeyer.fr\/sitewordpress\/wp-content\/uploads\/2024\/04\/cyanotype3-1.jpg 960w, https:\/\/www.alicemeyer.fr\/sitewordpress\/wp-content\/uploads\/2024\/04\/cyanotype3-1-300x300.jpg 300w, https:\/\/www.alicemeyer.fr\/sitewordpress\/wp-content\/uploads\/2024\/04\/cyanotype3-1-150x150.jpg 150w, https:\/\/www.alicemeyer.fr\/sitewordpress\/wp-content\/uploads\/2024\/04\/cyanotype3-1-768x768.jpg 768w\" sizes=\"auto, (max-width: 960px) 100vw, 960px\" \/><figcaption class=\"wp-element-caption\">Feuilles d&rsquo;Erable, format A3<\/figcaption><\/figure>\n\n\n\n<p class=\"wp-block-paragraph\"><\/p>\n<\/div>\n<\/div>\n","protected":false},"excerpt":{"rendered":"<p>La technique de la cyanotypie a \u00e9t\u00e9 invent\u00e9e par John Hershel en 1842. C&rsquo;est une technique de n\u00e9gatif papier qui garde l&#8217;empreinte d&rsquo;objets ou de [&hellip;]<\/p>\n","protected":false},"author":1,"featured_media":0,"parent":0,"menu_order":0,"comment_status":"closed","ping_status":"closed","template":"","meta":{"_crdt_document":"","footnotes":""},"class_list":["post-3579","page","type-page","status-publish","hentry"],"_links":{"self":[{"href":"https:\/\/www.alicemeyer.fr\/sitewordpress\/index.php?rest_route=\/wp\/v2\/pages\/3579","targetHints":{"allow":["GET"]}}],"collection":[{"href":"https:\/\/www.alicemeyer.fr\/sitewordpress\/index.php?rest_route=\/wp\/v2\/pages"}],"about":[{"href":"https:\/\/www.alicemeyer.fr\/sitewordpress\/index.php?rest_route=\/wp\/v2\/types\/page"}],"author":[{"embeddable":true,"href":"https:\/\/www.alicemeyer.fr\/sitewordpress\/index.php?rest_route=\/wp\/v2\/users\/1"}],"replies":[{"embeddable":true,"href":"https:\/\/www.alicemeyer.fr\/sitewordpress\/index.php?rest_route=%2Fwp%2Fv2%2Fcomments&post=3579"}],"version-history":[{"count":4,"href":"https:\/\/www.alicemeyer.fr\/sitewordpress\/index.php?rest_route=\/wp\/v2\/pages\/3579\/revisions"}],"predecessor-version":[{"id":3604,"href":"https:\/\/www.alicemeyer.fr\/sitewordpress\/index.php?rest_route=\/wp\/v2\/pages\/3579\/revisions\/3604"}],"wp:attachment":[{"href":"https:\/\/www.alicemeyer.fr\/sitewordpress\/index.php?rest_route=%2Fwp%2Fv2%2Fmedia&parent=3579"}],"curies":[{"name":"wp","href":"https:\/\/api.w.org\/{rel}","templated":true}]}}