{"id":3695,"date":"2024-11-17T15:43:21","date_gmt":"2024-11-17T14:43:21","guid":{"rendered":"https:\/\/www.alicemeyer.fr\/sitewordpress\/?page_id=3695"},"modified":"2024-11-17T16:05:20","modified_gmt":"2024-11-17T15:05:20","slug":"ateliers-decriture-projet-droits-de-lenfant-a-vandoeuvre","status":"publish","type":"page","link":"https:\/\/www.alicemeyer.fr\/sitewordpress\/?page_id=3695","title":{"rendered":"Ateliers d&rsquo;\u00e9criture &#8211; Projet Droits de l&rsquo;Enfant \u00e0 Vandoeuvre"},"content":{"rendered":"\n<p class=\"wp-block-paragraph\">J\u2019ai eu le plaisir de mener les ateliers d\u2019\u00e9criture avec le CLUB ARLEQUIN, TCS (Tricot couture services), l\u2019association ASS CROQ\u2019ESPACE, la MJC Lorraine, la MJC Etoile, l\u2019ATMF (association des travailleurs maghr\u00e9bins de France) et la MJC NOMADE sur la th\u00e9matique des DROITS DE L\u2019ENFANT, issus de la Convention Internationale des Droits de l\u2019Enfant.<\/p>\n\n\n\n<p class=\"wp-block-paragraph\">Les illustrations ont \u00e9t\u00e9 r\u00e9alis\u00e9es avec <a href=\"https:\/\/www.karinemaincent.com\/\" target=\"_blank\" rel=\"noreferrer noopener\">Karine Maincent<\/a> dans un second temps avec les groupes. Chaque groupe \u00e0 travaill\u00e9 sur 2 th\u00e8mes relatifs \u00e0 la CIDE de septembre \u00e0 octobre 2024.<\/p>\n\n\n\n<p class=\"wp-block-paragraph\">Cela a \u00e9t\u00e9 un plaisir en tant qu\u2019intervenante et parfois un challenge d\u2019aborder des sujets pas toujours simples pour s\u2019exprimer ensuite \u00e0 hauteur d\u2019enfant. Mais l\u2019imagination, la coop\u00e9ration, l\u2019\u00e9coute et le jeu ont \u00e9t\u00e9 au rendez-vous !<\/p>\n\n\n\n<p class=\"wp-block-paragraph\">La m\u00e9diath\u00e8que Jules Verne a accueilli l\u2019exposition des textes et illustrations du 16 au 27 novembre 2024 et un livre est en projet pour 2025.<\/p>\n\n\n\n<hr class=\"wp-block-separator has-alpha-channel-opacity\"\/>\n\n\n\n<div class=\"wp-block-columns is-layout-flex wp-container-core-columns-is-layout-8f761849 wp-block-columns-is-layout-flex\">\n<div class=\"wp-block-column is-layout-flow wp-block-column-is-layout-flow\">\n<figure class=\"wp-block-image size-full\"><img loading=\"lazy\" decoding=\"async\" width=\"960\" height=\"960\" src=\"https:\/\/www.alicemeyer.fr\/sitewordpress\/wp-content\/uploads\/2024\/11\/Ateliers-ecriture-vandoeuvre-droits-de-enfant-alice-meyer-art-therapie-ateliers-artistiques-10-1.jpg\" alt=\"\" class=\"wp-image-3697\" style=\"aspect-ratio:4\/3;object-fit:cover\" srcset=\"https:\/\/www.alicemeyer.fr\/sitewordpress\/wp-content\/uploads\/2024\/11\/Ateliers-ecriture-vandoeuvre-droits-de-enfant-alice-meyer-art-therapie-ateliers-artistiques-10-1.jpg 960w, https:\/\/www.alicemeyer.fr\/sitewordpress\/wp-content\/uploads\/2024\/11\/Ateliers-ecriture-vandoeuvre-droits-de-enfant-alice-meyer-art-therapie-ateliers-artistiques-10-1-300x300.jpg 300w, https:\/\/www.alicemeyer.fr\/sitewordpress\/wp-content\/uploads\/2024\/11\/Ateliers-ecriture-vandoeuvre-droits-de-enfant-alice-meyer-art-therapie-ateliers-artistiques-10-1-150x150.jpg 150w, https:\/\/www.alicemeyer.fr\/sitewordpress\/wp-content\/uploads\/2024\/11\/Ateliers-ecriture-vandoeuvre-droits-de-enfant-alice-meyer-art-therapie-ateliers-artistiques-10-1-768x768.jpg 768w\" sizes=\"auto, (max-width: 960px) 100vw, 960px\" \/><\/figure>\n\n\n\n<figure class=\"wp-block-image size-large\"><img loading=\"lazy\" decoding=\"async\" width=\"1024\" height=\"1024\" src=\"https:\/\/www.alicemeyer.fr\/sitewordpress\/wp-content\/uploads\/2024\/11\/Ateliers-ecriture-vandoeuvre-droits-de-enfant-alice-meyer-art-therapie-ateliers-artistiques-5-1-1024x1024.jpg\" alt=\"\" class=\"wp-image-3714\" style=\"aspect-ratio:4\/3;object-fit:cover\" srcset=\"https:\/\/www.alicemeyer.fr\/sitewordpress\/wp-content\/uploads\/2024\/11\/Ateliers-ecriture-vandoeuvre-droits-de-enfant-alice-meyer-art-therapie-ateliers-artistiques-5-1-1024x1024.jpg 1024w, https:\/\/www.alicemeyer.fr\/sitewordpress\/wp-content\/uploads\/2024\/11\/Ateliers-ecriture-vandoeuvre-droits-de-enfant-alice-meyer-art-therapie-ateliers-artistiques-5-1-300x300.jpg 300w, https:\/\/www.alicemeyer.fr\/sitewordpress\/wp-content\/uploads\/2024\/11\/Ateliers-ecriture-vandoeuvre-droits-de-enfant-alice-meyer-art-therapie-ateliers-artistiques-5-1-150x150.jpg 150w, https:\/\/www.alicemeyer.fr\/sitewordpress\/wp-content\/uploads\/2024\/11\/Ateliers-ecriture-vandoeuvre-droits-de-enfant-alice-meyer-art-therapie-ateliers-artistiques-5-1-768x768.jpg 768w, https:\/\/www.alicemeyer.fr\/sitewordpress\/wp-content\/uploads\/2024\/11\/Ateliers-ecriture-vandoeuvre-droits-de-enfant-alice-meyer-art-therapie-ateliers-artistiques-5-1-1536x1536.jpg 1536w, https:\/\/www.alicemeyer.fr\/sitewordpress\/wp-content\/uploads\/2024\/11\/Ateliers-ecriture-vandoeuvre-droits-de-enfant-alice-meyer-art-therapie-ateliers-artistiques-5-1-2048x2048.jpg 2048w\" sizes=\"auto, (max-width: 1024px) 100vw, 1024px\" \/><\/figure>\n<\/div>\n\n\n\n<div class=\"wp-block-column is-layout-flow wp-block-column-is-layout-flow\">\n<figure class=\"wp-block-image size-large\"><img loading=\"lazy\" decoding=\"async\" width=\"1024\" height=\"853\" src=\"https:\/\/www.alicemeyer.fr\/sitewordpress\/wp-content\/uploads\/2024\/11\/Ateliers-ecriture-vandoeuvre-droits-de-enfant-alice-meyer-art-therapie-ateliers-artistiques-11-1024x853.jpg\" alt=\"\" class=\"wp-image-3698\" style=\"aspect-ratio:4\/3;object-fit:cover\" srcset=\"https:\/\/www.alicemeyer.fr\/sitewordpress\/wp-content\/uploads\/2024\/11\/Ateliers-ecriture-vandoeuvre-droits-de-enfant-alice-meyer-art-therapie-ateliers-artistiques-11-1024x853.jpg 1024w, https:\/\/www.alicemeyer.fr\/sitewordpress\/wp-content\/uploads\/2024\/11\/Ateliers-ecriture-vandoeuvre-droits-de-enfant-alice-meyer-art-therapie-ateliers-artistiques-11-300x250.jpg 300w, https:\/\/www.alicemeyer.fr\/sitewordpress\/wp-content\/uploads\/2024\/11\/Ateliers-ecriture-vandoeuvre-droits-de-enfant-alice-meyer-art-therapie-ateliers-artistiques-11-150x125.jpg 150w, https:\/\/www.alicemeyer.fr\/sitewordpress\/wp-content\/uploads\/2024\/11\/Ateliers-ecriture-vandoeuvre-droits-de-enfant-alice-meyer-art-therapie-ateliers-artistiques-11-768x639.jpg 768w, https:\/\/www.alicemeyer.fr\/sitewordpress\/wp-content\/uploads\/2024\/11\/Ateliers-ecriture-vandoeuvre-droits-de-enfant-alice-meyer-art-therapie-ateliers-artistiques-11-1536x1279.jpg 1536w, https:\/\/www.alicemeyer.fr\/sitewordpress\/wp-content\/uploads\/2024\/11\/Ateliers-ecriture-vandoeuvre-droits-de-enfant-alice-meyer-art-therapie-ateliers-artistiques-11.jpg 2048w\" sizes=\"auto, (max-width: 1024px) 100vw, 1024px\" \/><\/figure>\n\n\n\n<figure class=\"wp-block-image size-large\"><img loading=\"lazy\" decoding=\"async\" width=\"1024\" height=\"1024\" src=\"https:\/\/www.alicemeyer.fr\/sitewordpress\/wp-content\/uploads\/2024\/11\/Ateliers-ecriture-vandoeuvre-droits-de-enfant-alice-meyer-art-therapie-ateliers-artistiques-7-1024x1024.jpg\" alt=\"\" class=\"wp-image-3699\" style=\"aspect-ratio:4\/3;object-fit:cover\" srcset=\"https:\/\/www.alicemeyer.fr\/sitewordpress\/wp-content\/uploads\/2024\/11\/Ateliers-ecriture-vandoeuvre-droits-de-enfant-alice-meyer-art-therapie-ateliers-artistiques-7-1024x1024.jpg 1024w, https:\/\/www.alicemeyer.fr\/sitewordpress\/wp-content\/uploads\/2024\/11\/Ateliers-ecriture-vandoeuvre-droits-de-enfant-alice-meyer-art-therapie-ateliers-artistiques-7-300x300.jpg 300w, https:\/\/www.alicemeyer.fr\/sitewordpress\/wp-content\/uploads\/2024\/11\/Ateliers-ecriture-vandoeuvre-droits-de-enfant-alice-meyer-art-therapie-ateliers-artistiques-7-150x150.jpg 150w, https:\/\/www.alicemeyer.fr\/sitewordpress\/wp-content\/uploads\/2024\/11\/Ateliers-ecriture-vandoeuvre-droits-de-enfant-alice-meyer-art-therapie-ateliers-artistiques-7-768x768.jpg 768w, https:\/\/www.alicemeyer.fr\/sitewordpress\/wp-content\/uploads\/2024\/11\/Ateliers-ecriture-vandoeuvre-droits-de-enfant-alice-meyer-art-therapie-ateliers-artistiques-7-1536x1536.jpg 1536w, https:\/\/www.alicemeyer.fr\/sitewordpress\/wp-content\/uploads\/2024\/11\/Ateliers-ecriture-vandoeuvre-droits-de-enfant-alice-meyer-art-therapie-ateliers-artistiques-7-2048x2048.jpg 2048w\" sizes=\"auto, (max-width: 1024px) 100vw, 1024px\" \/><\/figure>\n<\/div>\n<\/div>\n\n\n\n<blockquote class=\"wp-block-quote is-layout-flow wp-block-quote-is-layout-flow\">\n<p class=\"wp-block-paragraph\"><em>Extrait MJC Nomade<\/em><\/p>\n\n\n\n<p class=\"wp-block-paragraph\"><strong>\u00ab\u00a0Dans mon carr\u00e9 de terre.\u00a0\u00bb <\/strong>(droit \u00e0 l\u2019alimentation)<\/p>\n\n\n\n<p class=\"wp-block-paragraph\">Dans mon carr\u00e9 de terre, je plante des palmiers, des bananiers et un cocotier pour leur go\u00fbt sucr\u00e9, surtout celui de la noix de coco. J\u2019arrose aussi les plantes pour avoir de bonnes salades et des tomates. Je ne les vendrai pas dans un magasin mais je les donnerai \u00e0 l\u2019enfant qui a faim. (Noah)<\/p>\n\n\n\n<p class=\"wp-block-paragraph\">Dans mon carr\u00e9 de terre, je plante des patates au go\u00fbt doux, des mangues sucr\u00e9es et des poivrons, acides et am\u00e8res, car j\u2019aime leur odeur et leur go\u00fbt \u00e0 partager avec l\u2019enfant qui a faim. (Aliya)<\/p>\n\n\n\n<p class=\"wp-block-paragraph\">Dans mon carr\u00e9 de terre, il y a des ananas au go\u00fbt de miel pour l\u2019enfant qui a faim. (Barae)<\/p>\n\n\n\n<h2 class=\"wp-block-heading has-regular-font-size\">Dans mon carr\u00e9 de terre, je r\u00e9colte des framboises, des courgettes et des fraises mais aussi des concombres, des mangues, des raisins, des carottes et des pommes. Tout cela pour apporter des vitamines \u00e0 l\u2019enfant qui a faim.(Asma)<\/h2>\n\n\n\n<p class=\"wp-block-paragraph\"><strong>\u00ab\u00a0Mon corps est ma maison.\u00a0\u00bb <\/strong>(d\u2019apr\u00e8s Aim\u00e9 C\u00e9saire \u00ab\u00a0maillon de la cad\u00e8ne\u00a0\u00bb) (droit \u00e0 la sant\u00e9)<\/p>\n\n\n\n<p class=\"wp-block-paragraph\">Avec Livia, un tapis et de la moquette,<br>avec mon doudou, ma switch et une couverture,<br>avec ma m\u00e8re, une salle de jeu et de la nourriture,<br>je te b\u00e2tis, je grandis en bonne sant\u00e9. (Aliya)<\/p>\n\n\n\n<p class=\"wp-block-paragraph\">Avec les math\u00e9matiques, mon chien et dans une poche de kangourou,<br>avec mes doudous, ma famille et mes amis,<br>avec les animateurs de la MJC, surtout Marie et de la nourriture,<br>je te b\u00e2tis, je grandis en bonne sant\u00e9. (Malika)<\/p>\n\n\n\n<p class=\"wp-block-paragraph\">Avec des poils de kangourou et mon sac en crochet,<br>avec mes doudous et ma maman,<br>avec des fruits, des l\u00e9gumes et de l\u2019eau,<br>je te b\u00e2tis, je grandis en bonne sant\u00e9. (Asma)<\/p>\n<\/blockquote>\n","protected":false},"excerpt":{"rendered":"<p>J\u2019ai eu le plaisir de mener les ateliers d\u2019\u00e9criture avec le CLUB ARLEQUIN, TCS (Tricot couture services), l\u2019association ASS CROQ\u2019ESPACE, la MJC Lorraine, la MJC [&hellip;]<\/p>\n","protected":false},"author":1,"featured_media":0,"parent":0,"menu_order":0,"comment_status":"closed","ping_status":"closed","template":"","meta":{"_crdt_document":"","footnotes":""},"class_list":["post-3695","page","type-page","status-publish","hentry"],"_links":{"self":[{"href":"https:\/\/www.alicemeyer.fr\/sitewordpress\/index.php?rest_route=\/wp\/v2\/pages\/3695","targetHints":{"allow":["GET"]}}],"collection":[{"href":"https:\/\/www.alicemeyer.fr\/sitewordpress\/index.php?rest_route=\/wp\/v2\/pages"}],"about":[{"href":"https:\/\/www.alicemeyer.fr\/sitewordpress\/index.php?rest_route=\/wp\/v2\/types\/page"}],"author":[{"embeddable":true,"href":"https:\/\/www.alicemeyer.fr\/sitewordpress\/index.php?rest_route=\/wp\/v2\/users\/1"}],"replies":[{"embeddable":true,"href":"https:\/\/www.alicemeyer.fr\/sitewordpress\/index.php?rest_route=%2Fwp%2Fv2%2Fcomments&post=3695"}],"version-history":[{"count":6,"href":"https:\/\/www.alicemeyer.fr\/sitewordpress\/index.php?rest_route=\/wp\/v2\/pages\/3695\/revisions"}],"predecessor-version":[{"id":3722,"href":"https:\/\/www.alicemeyer.fr\/sitewordpress\/index.php?rest_route=\/wp\/v2\/pages\/3695\/revisions\/3722"}],"wp:attachment":[{"href":"https:\/\/www.alicemeyer.fr\/sitewordpress\/index.php?rest_route=%2Fwp%2Fv2%2Fmedia&parent=3695"}],"curies":[{"name":"wp","href":"https:\/\/api.w.org\/{rel}","templated":true}]}}