{"id":3784,"date":"2025-03-03T19:31:25","date_gmt":"2025-03-03T18:31:25","guid":{"rendered":"https:\/\/www.alicemeyer.fr\/sitewordpress\/?page_id=3784"},"modified":"2025-03-03T19:32:55","modified_gmt":"2025-03-03T18:32:55","slug":"revue-di2-diaph8-le-desert","status":"publish","type":"page","link":"https:\/\/www.alicemeyer.fr\/sitewordpress\/?page_id=3784","title":{"rendered":"Revue DI#2 DIAPH8 &#8211; Le d\u00e9sert"},"content":{"rendered":"\n<p class=\"wp-block-paragraph\">Collectif de photographes issu du master photo de l&rsquo;Universit\u00e9 Paris 8, <a href=\"https:\/\/diaph8.org\/\" target=\"_blank\" rel=\"noreferrer noopener\">DIAPH8 <\/a>montre le travail de ses photographes dont je fais partie de multiples mani\u00e8res : livre, expositions, revues&#8230; <a href=\"https:\/\/www.helloasso.com\/associations\/diaph-8\/boutiques\/di-2-desert\" target=\"_blank\" rel=\"noreferrer noopener\">Ce num\u00e9ro #2 <\/a>de la revue explore la notion de \u00ab\u00a0d\u00e9sert\u00a0\u00bb \u00e0 travers plusieurs propositions, la mienne portant sur des cabanes laiss\u00e9es \u00e0 l&rsquo;abandon en for\u00eat pr\u00e8s de Nancy o\u00f9 je vis. Quelle(s) utilit\u00e9(s) ont eu ses cabanes ? Quelle utilit\u00e9 ont-elles encore \u00e0 pr\u00e9sent, visit\u00e9es, faisant partie du paysage onirique de la for\u00eat, d\u00e9cor\u00e9es de bibelots, peintes parfois. <\/p>\n\n\n\n<hr class=\"wp-block-separator has-alpha-channel-opacity is-style-dots\"\/>\n\n\n\n<div class=\"wp-block-columns is-layout-flex wp-container-core-columns-is-layout-8f761849 wp-block-columns-is-layout-flex\">\n<div class=\"wp-block-column is-layout-flow wp-block-column-is-layout-flow\">\n<figure class=\"wp-block-image size-full\"><img loading=\"lazy\" decoding=\"async\" width=\"850\" height=\"850\" src=\"https:\/\/www.alicemeyer.fr\/sitewordpress\/wp-content\/uploads\/2025\/03\/DI2-DIAPH8-DESERT-ALICE-MEYER-COUVERTURE-1.jpg\" alt=\"\" class=\"wp-image-3786\" srcset=\"https:\/\/www.alicemeyer.fr\/sitewordpress\/wp-content\/uploads\/2025\/03\/DI2-DIAPH8-DESERT-ALICE-MEYER-COUVERTURE-1.jpg 850w, https:\/\/www.alicemeyer.fr\/sitewordpress\/wp-content\/uploads\/2025\/03\/DI2-DIAPH8-DESERT-ALICE-MEYER-COUVERTURE-1-300x300.jpg 300w, https:\/\/www.alicemeyer.fr\/sitewordpress\/wp-content\/uploads\/2025\/03\/DI2-DIAPH8-DESERT-ALICE-MEYER-COUVERTURE-1-150x150.jpg 150w, https:\/\/www.alicemeyer.fr\/sitewordpress\/wp-content\/uploads\/2025\/03\/DI2-DIAPH8-DESERT-ALICE-MEYER-COUVERTURE-1-768x768.jpg 768w\" sizes=\"auto, (max-width: 850px) 100vw, 850px\" \/><\/figure>\n<\/div>\n\n\n\n<div class=\"wp-block-column is-layout-flow wp-block-column-is-layout-flow\">\n<figure class=\"wp-block-image size-full\"><img loading=\"lazy\" decoding=\"async\" width=\"850\" height=\"850\" src=\"https:\/\/www.alicemeyer.fr\/sitewordpress\/wp-content\/uploads\/2025\/03\/DI2-DIAPH8-DESERT-ALICE-MEYER-01-1.jpg\" alt=\"\" class=\"wp-image-3787\" srcset=\"https:\/\/www.alicemeyer.fr\/sitewordpress\/wp-content\/uploads\/2025\/03\/DI2-DIAPH8-DESERT-ALICE-MEYER-01-1.jpg 850w, https:\/\/www.alicemeyer.fr\/sitewordpress\/wp-content\/uploads\/2025\/03\/DI2-DIAPH8-DESERT-ALICE-MEYER-01-1-300x300.jpg 300w, https:\/\/www.alicemeyer.fr\/sitewordpress\/wp-content\/uploads\/2025\/03\/DI2-DIAPH8-DESERT-ALICE-MEYER-01-1-150x150.jpg 150w, https:\/\/www.alicemeyer.fr\/sitewordpress\/wp-content\/uploads\/2025\/03\/DI2-DIAPH8-DESERT-ALICE-MEYER-01-1-768x768.jpg 768w\" sizes=\"auto, (max-width: 850px) 100vw, 850px\" \/><\/figure>\n<\/div>\n\n\n\n<div class=\"wp-block-column is-layout-flow wp-block-column-is-layout-flow\">\n<figure class=\"wp-block-image size-full\"><img loading=\"lazy\" decoding=\"async\" width=\"850\" height=\"850\" src=\"https:\/\/www.alicemeyer.fr\/sitewordpress\/wp-content\/uploads\/2025\/03\/DI2-DIAPH8-DESERT-ALICE-MEYER-02.jpg\" alt=\"\" class=\"wp-image-3788\" srcset=\"https:\/\/www.alicemeyer.fr\/sitewordpress\/wp-content\/uploads\/2025\/03\/DI2-DIAPH8-DESERT-ALICE-MEYER-02.jpg 850w, https:\/\/www.alicemeyer.fr\/sitewordpress\/wp-content\/uploads\/2025\/03\/DI2-DIAPH8-DESERT-ALICE-MEYER-02-300x300.jpg 300w, https:\/\/www.alicemeyer.fr\/sitewordpress\/wp-content\/uploads\/2025\/03\/DI2-DIAPH8-DESERT-ALICE-MEYER-02-150x150.jpg 150w, https:\/\/www.alicemeyer.fr\/sitewordpress\/wp-content\/uploads\/2025\/03\/DI2-DIAPH8-DESERT-ALICE-MEYER-02-768x768.jpg 768w\" sizes=\"auto, (max-width: 850px) 100vw, 850px\" \/><\/figure>\n<\/div>\n<\/div>\n\n\n\n<p class=\"wp-block-paragraph\"><\/p>\n","protected":false},"excerpt":{"rendered":"<p>Collectif de photographes issu du master photo de l&rsquo;Universit\u00e9 Paris 8, DIAPH8 montre le travail de ses photographes dont je fais partie de multiples mani\u00e8res [&hellip;]<\/p>\n","protected":false},"author":1,"featured_media":0,"parent":0,"menu_order":0,"comment_status":"closed","ping_status":"closed","template":"","meta":{"_crdt_document":"","footnotes":""},"class_list":["post-3784","page","type-page","status-publish","hentry"],"_links":{"self":[{"href":"https:\/\/www.alicemeyer.fr\/sitewordpress\/index.php?rest_route=\/wp\/v2\/pages\/3784","targetHints":{"allow":["GET"]}}],"collection":[{"href":"https:\/\/www.alicemeyer.fr\/sitewordpress\/index.php?rest_route=\/wp\/v2\/pages"}],"about":[{"href":"https:\/\/www.alicemeyer.fr\/sitewordpress\/index.php?rest_route=\/wp\/v2\/types\/page"}],"author":[{"embeddable":true,"href":"https:\/\/www.alicemeyer.fr\/sitewordpress\/index.php?rest_route=\/wp\/v2\/users\/1"}],"replies":[{"embeddable":true,"href":"https:\/\/www.alicemeyer.fr\/sitewordpress\/index.php?rest_route=%2Fwp%2Fv2%2Fcomments&post=3784"}],"version-history":[{"count":3,"href":"https:\/\/www.alicemeyer.fr\/sitewordpress\/index.php?rest_route=\/wp\/v2\/pages\/3784\/revisions"}],"predecessor-version":[{"id":3795,"href":"https:\/\/www.alicemeyer.fr\/sitewordpress\/index.php?rest_route=\/wp\/v2\/pages\/3784\/revisions\/3795"}],"wp:attachment":[{"href":"https:\/\/www.alicemeyer.fr\/sitewordpress\/index.php?rest_route=%2Fwp%2Fv2%2Fmedia&parent=3784"}],"curies":[{"name":"wp","href":"https:\/\/api.w.org\/{rel}","templated":true}]}}