{"id":3944,"date":"2025-11-28T16:54:56","date_gmt":"2025-11-28T15:54:56","guid":{"rendered":"https:\/\/www.alicemeyer.fr\/sitewordpress\/?page_id=3944"},"modified":"2025-11-28T17:16:32","modified_gmt":"2025-11-28T16:16:32","slug":"les-enfants-ont-le-droit","status":"publish","type":"page","link":"https:\/\/www.alicemeyer.fr\/sitewordpress\/?page_id=3944","title":{"rendered":"Les enfants ont le droit&#8230;"},"content":{"rendered":"\n<p class=\"wp-block-paragraph\" style=\"font-size:14px\">Livre issu des ateliers d\u2019\u00e9criture que j&rsquo;ai men\u00e9s avec les enfants de la ville de Vandoeuvre dans le cadre de la Convention des droits de l\u2019Enfant dans plusieurs structures socio-culturelles de la ville : Croq-espace, Club Arlequin, ATMF, Tricot couture service, MJC Etoile, Mjc Nomade, MJC Lorrain. J&rsquo;ai propos\u00e9 des exercices d&rsquo;\u00e9criture cr\u00e9ative vari\u00e9s en lien avec les th\u00e8me de la Convention choisis par chaque structure : le ha\u00efku pour le th\u00e8me de l&rsquo;environnement, le slogan pour le th\u00e8me du droit \u00e0 l&rsquo;information et \u00e0 la expression, un conte pour le droit \u00e0 la scolarisation, etc. Les textes ont \u00e9t\u00e9 illustr\u00e9s en ateliers avec Karine Maincent. Le livre est disponible \u00e0 la M\u00e9diath\u00e8que de Vandoeuvre et dans les \u00e9coles de la ville.<\/p>\n\n\n\n<div class=\"wp-block-columns is-layout-flex wp-container-core-columns-is-layout-8f761849 wp-block-columns-is-layout-flex\">\n<div class=\"wp-block-column is-layout-flow wp-block-column-is-layout-flow\">\n<figure class=\"wp-block-image size-large\"><img loading=\"lazy\" decoding=\"async\" width=\"1024\" height=\"1024\" src=\"https:\/\/www.alicemeyer.fr\/sitewordpress\/wp-content\/uploads\/2025\/11\/Livre-droits-de-l-enfant-les-enfants-ont-le-droit-vandoeuvre-alice-meyer-1024x1024.jpg\" alt=\"\" class=\"wp-image-3958\" srcset=\"https:\/\/www.alicemeyer.fr\/sitewordpress\/wp-content\/uploads\/2025\/11\/Livre-droits-de-l-enfant-les-enfants-ont-le-droit-vandoeuvre-alice-meyer-1024x1024.jpg 1024w, https:\/\/www.alicemeyer.fr\/sitewordpress\/wp-content\/uploads\/2025\/11\/Livre-droits-de-l-enfant-les-enfants-ont-le-droit-vandoeuvre-alice-meyer-300x300.jpg 300w, https:\/\/www.alicemeyer.fr\/sitewordpress\/wp-content\/uploads\/2025\/11\/Livre-droits-de-l-enfant-les-enfants-ont-le-droit-vandoeuvre-alice-meyer-150x150.jpg 150w, https:\/\/www.alicemeyer.fr\/sitewordpress\/wp-content\/uploads\/2025\/11\/Livre-droits-de-l-enfant-les-enfants-ont-le-droit-vandoeuvre-alice-meyer-768x768.jpg 768w, https:\/\/www.alicemeyer.fr\/sitewordpress\/wp-content\/uploads\/2025\/11\/Livre-droits-de-l-enfant-les-enfants-ont-le-droit-vandoeuvre-alice-meyer-1536x1536.jpg 1536w, https:\/\/www.alicemeyer.fr\/sitewordpress\/wp-content\/uploads\/2025\/11\/Livre-droits-de-l-enfant-les-enfants-ont-le-droit-vandoeuvre-alice-meyer-2048x2048.jpg 2048w\" sizes=\"auto, (max-width: 1024px) 100vw, 1024px\" \/><\/figure>\n\n\n\n<figure class=\"wp-block-image size-large\"><img loading=\"lazy\" decoding=\"async\" width=\"1024\" height=\"1024\" src=\"https:\/\/www.alicemeyer.fr\/sitewordpress\/wp-content\/uploads\/2025\/11\/Livre-droits-de-l-enfant-les-enfants-ont-le-droit-vandoeuvre-alice-meyer.jpg-scolarite-1024x1024.jpg\" alt=\"\" class=\"wp-image-3961\" srcset=\"https:\/\/www.alicemeyer.fr\/sitewordpress\/wp-content\/uploads\/2025\/11\/Livre-droits-de-l-enfant-les-enfants-ont-le-droit-vandoeuvre-alice-meyer.jpg-scolarite-1024x1024.jpg 1024w, https:\/\/www.alicemeyer.fr\/sitewordpress\/wp-content\/uploads\/2025\/11\/Livre-droits-de-l-enfant-les-enfants-ont-le-droit-vandoeuvre-alice-meyer.jpg-scolarite-300x300.jpg 300w, https:\/\/www.alicemeyer.fr\/sitewordpress\/wp-content\/uploads\/2025\/11\/Livre-droits-de-l-enfant-les-enfants-ont-le-droit-vandoeuvre-alice-meyer.jpg-scolarite-150x150.jpg 150w, https:\/\/www.alicemeyer.fr\/sitewordpress\/wp-content\/uploads\/2025\/11\/Livre-droits-de-l-enfant-les-enfants-ont-le-droit-vandoeuvre-alice-meyer.jpg-scolarite-768x768.jpg 768w, https:\/\/www.alicemeyer.fr\/sitewordpress\/wp-content\/uploads\/2025\/11\/Livre-droits-de-l-enfant-les-enfants-ont-le-droit-vandoeuvre-alice-meyer.jpg-scolarite-1536x1536.jpg 1536w, https:\/\/www.alicemeyer.fr\/sitewordpress\/wp-content\/uploads\/2025\/11\/Livre-droits-de-l-enfant-les-enfants-ont-le-droit-vandoeuvre-alice-meyer.jpg-scolarite-2048x2048.jpg 2048w\" sizes=\"auto, (max-width: 1024px) 100vw, 1024px\" \/><\/figure>\n\n\n\n<figure class=\"wp-block-image size-large\"><img loading=\"lazy\" decoding=\"async\" width=\"1024\" height=\"1024\" src=\"https:\/\/www.alicemeyer.fr\/sitewordpress\/wp-content\/uploads\/2025\/11\/Livre-droits-de-l-enfant-les-enfants-ont-le-droit-vandoeuvre-alice-meyer.jpg-convention-1024x1024.jpg\" alt=\"\" class=\"wp-image-3963\" srcset=\"https:\/\/www.alicemeyer.fr\/sitewordpress\/wp-content\/uploads\/2025\/11\/Livre-droits-de-l-enfant-les-enfants-ont-le-droit-vandoeuvre-alice-meyer.jpg-convention-1024x1024.jpg 1024w, https:\/\/www.alicemeyer.fr\/sitewordpress\/wp-content\/uploads\/2025\/11\/Livre-droits-de-l-enfant-les-enfants-ont-le-droit-vandoeuvre-alice-meyer.jpg-convention-300x300.jpg 300w, https:\/\/www.alicemeyer.fr\/sitewordpress\/wp-content\/uploads\/2025\/11\/Livre-droits-de-l-enfant-les-enfants-ont-le-droit-vandoeuvre-alice-meyer.jpg-convention-150x150.jpg 150w, https:\/\/www.alicemeyer.fr\/sitewordpress\/wp-content\/uploads\/2025\/11\/Livre-droits-de-l-enfant-les-enfants-ont-le-droit-vandoeuvre-alice-meyer.jpg-convention-768x768.jpg 768w, https:\/\/www.alicemeyer.fr\/sitewordpress\/wp-content\/uploads\/2025\/11\/Livre-droits-de-l-enfant-les-enfants-ont-le-droit-vandoeuvre-alice-meyer.jpg-convention-1536x1536.jpg 1536w, https:\/\/www.alicemeyer.fr\/sitewordpress\/wp-content\/uploads\/2025\/11\/Livre-droits-de-l-enfant-les-enfants-ont-le-droit-vandoeuvre-alice-meyer.jpg-convention-2048x2048.jpg 2048w\" sizes=\"auto, (max-width: 1024px) 100vw, 1024px\" \/><\/figure>\n<\/div>\n\n\n\n<div class=\"wp-block-column is-layout-flow wp-block-column-is-layout-flow\">\n<figure class=\"wp-block-image size-large\"><img loading=\"lazy\" decoding=\"async\" width=\"1024\" height=\"1024\" src=\"https:\/\/www.alicemeyer.fr\/sitewordpress\/wp-content\/uploads\/2025\/11\/Livre-droits-de-l-enfant-les-enfants-ont-le-droit-vandoeuvre-alice-meyer.jpg-4couv-1024x1024.jpg\" alt=\"\" class=\"wp-image-3959\" srcset=\"https:\/\/www.alicemeyer.fr\/sitewordpress\/wp-content\/uploads\/2025\/11\/Livre-droits-de-l-enfant-les-enfants-ont-le-droit-vandoeuvre-alice-meyer.jpg-4couv-1024x1024.jpg 1024w, https:\/\/www.alicemeyer.fr\/sitewordpress\/wp-content\/uploads\/2025\/11\/Livre-droits-de-l-enfant-les-enfants-ont-le-droit-vandoeuvre-alice-meyer.jpg-4couv-300x300.jpg 300w, https:\/\/www.alicemeyer.fr\/sitewordpress\/wp-content\/uploads\/2025\/11\/Livre-droits-de-l-enfant-les-enfants-ont-le-droit-vandoeuvre-alice-meyer.jpg-4couv-150x150.jpg 150w, https:\/\/www.alicemeyer.fr\/sitewordpress\/wp-content\/uploads\/2025\/11\/Livre-droits-de-l-enfant-les-enfants-ont-le-droit-vandoeuvre-alice-meyer.jpg-4couv-768x768.jpg 768w, https:\/\/www.alicemeyer.fr\/sitewordpress\/wp-content\/uploads\/2025\/11\/Livre-droits-de-l-enfant-les-enfants-ont-le-droit-vandoeuvre-alice-meyer.jpg-4couv-1536x1536.jpg 1536w, https:\/\/www.alicemeyer.fr\/sitewordpress\/wp-content\/uploads\/2025\/11\/Livre-droits-de-l-enfant-les-enfants-ont-le-droit-vandoeuvre-alice-meyer.jpg-4couv-2048x2048.jpg 2048w\" sizes=\"auto, (max-width: 1024px) 100vw, 1024px\" \/><\/figure>\n\n\n\n<figure class=\"wp-block-image size-large\"><img loading=\"lazy\" decoding=\"async\" width=\"1024\" height=\"1024\" src=\"https:\/\/www.alicemeyer.fr\/sitewordpress\/wp-content\/uploads\/2025\/11\/Livre-droits-de-l-enfant-les-enfants-ont-le-droit-vandoeuvre-alice-meyer.jpg-illustration-1024x1024.jpg\" alt=\"\" class=\"wp-image-3962\" srcset=\"https:\/\/www.alicemeyer.fr\/sitewordpress\/wp-content\/uploads\/2025\/11\/Livre-droits-de-l-enfant-les-enfants-ont-le-droit-vandoeuvre-alice-meyer.jpg-illustration-1024x1024.jpg 1024w, https:\/\/www.alicemeyer.fr\/sitewordpress\/wp-content\/uploads\/2025\/11\/Livre-droits-de-l-enfant-les-enfants-ont-le-droit-vandoeuvre-alice-meyer.jpg-illustration-300x300.jpg 300w, https:\/\/www.alicemeyer.fr\/sitewordpress\/wp-content\/uploads\/2025\/11\/Livre-droits-de-l-enfant-les-enfants-ont-le-droit-vandoeuvre-alice-meyer.jpg-illustration-150x150.jpg 150w, https:\/\/www.alicemeyer.fr\/sitewordpress\/wp-content\/uploads\/2025\/11\/Livre-droits-de-l-enfant-les-enfants-ont-le-droit-vandoeuvre-alice-meyer.jpg-illustration-768x768.jpg 768w, https:\/\/www.alicemeyer.fr\/sitewordpress\/wp-content\/uploads\/2025\/11\/Livre-droits-de-l-enfant-les-enfants-ont-le-droit-vandoeuvre-alice-meyer.jpg-illustration-1536x1536.jpg 1536w, https:\/\/www.alicemeyer.fr\/sitewordpress\/wp-content\/uploads\/2025\/11\/Livre-droits-de-l-enfant-les-enfants-ont-le-droit-vandoeuvre-alice-meyer.jpg-illustration-2048x2048.jpg 2048w\" sizes=\"auto, (max-width: 1024px) 100vw, 1024px\" \/><\/figure>\n\n\n\n<figure class=\"wp-block-image size-full\"><img loading=\"lazy\" decoding=\"async\" width=\"915\" height=\"844\" src=\"https:\/\/www.alicemeyer.fr\/sitewordpress\/wp-content\/uploads\/2025\/11\/Capture-decran-2025-11-26-170327.png\" alt=\"\" class=\"wp-image-3960\" srcset=\"https:\/\/www.alicemeyer.fr\/sitewordpress\/wp-content\/uploads\/2025\/11\/Capture-decran-2025-11-26-170327.png 915w, https:\/\/www.alicemeyer.fr\/sitewordpress\/wp-content\/uploads\/2025\/11\/Capture-decran-2025-11-26-170327-300x277.png 300w, https:\/\/www.alicemeyer.fr\/sitewordpress\/wp-content\/uploads\/2025\/11\/Capture-decran-2025-11-26-170327-150x138.png 150w, https:\/\/www.alicemeyer.fr\/sitewordpress\/wp-content\/uploads\/2025\/11\/Capture-decran-2025-11-26-170327-768x708.png 768w\" sizes=\"auto, (max-width: 915px) 100vw, 915px\" \/><\/figure>\n<\/div>\n<\/div>\n\n\n\n<p class=\"wp-block-paragraph\"><\/p>\n","protected":false},"excerpt":{"rendered":"<p>Livre issu des ateliers d\u2019\u00e9criture que j&rsquo;ai men\u00e9s avec les enfants de la ville de Vandoeuvre dans le cadre de la Convention des droits de [&hellip;]<\/p>\n","protected":false},"author":1,"featured_media":0,"parent":0,"menu_order":0,"comment_status":"closed","ping_status":"closed","template":"","meta":{"_crdt_document":"","footnotes":""},"class_list":["post-3944","page","type-page","status-publish","hentry"],"_links":{"self":[{"href":"https:\/\/www.alicemeyer.fr\/sitewordpress\/index.php?rest_route=\/wp\/v2\/pages\/3944","targetHints":{"allow":["GET"]}}],"collection":[{"href":"https:\/\/www.alicemeyer.fr\/sitewordpress\/index.php?rest_route=\/wp\/v2\/pages"}],"about":[{"href":"https:\/\/www.alicemeyer.fr\/sitewordpress\/index.php?rest_route=\/wp\/v2\/types\/page"}],"author":[{"embeddable":true,"href":"https:\/\/www.alicemeyer.fr\/sitewordpress\/index.php?rest_route=\/wp\/v2\/users\/1"}],"replies":[{"embeddable":true,"href":"https:\/\/www.alicemeyer.fr\/sitewordpress\/index.php?rest_route=%2Fwp%2Fv2%2Fcomments&post=3944"}],"version-history":[{"count":4,"href":"https:\/\/www.alicemeyer.fr\/sitewordpress\/index.php?rest_route=\/wp\/v2\/pages\/3944\/revisions"}],"predecessor-version":[{"id":3966,"href":"https:\/\/www.alicemeyer.fr\/sitewordpress\/index.php?rest_route=\/wp\/v2\/pages\/3944\/revisions\/3966"}],"wp:attachment":[{"href":"https:\/\/www.alicemeyer.fr\/sitewordpress\/index.php?rest_route=%2Fwp%2Fv2%2Fmedia&parent=3944"}],"curies":[{"name":"wp","href":"https:\/\/api.w.org\/{rel}","templated":true}]}}