{"id":423,"date":"2021-03-19T12:44:58","date_gmt":"2021-03-19T11:44:58","guid":{"rendered":"https:\/\/www.alicemeyer.fr\/sitewordpress\/?page_id=423"},"modified":"2025-11-28T17:29:45","modified_gmt":"2025-11-28T16:29:45","slug":"publications","status":"publish","type":"page","link":"https:\/\/www.alicemeyer.fr\/sitewordpress\/?page_id=423","title":{"rendered":"Publications"},"content":{"rendered":"\n<div class=\"wp-block-media-text is-stacked-on-mobile\" style=\"grid-template-columns:30% auto\"><figure class=\"wp-block-media-text__media\"><img loading=\"lazy\" decoding=\"async\" width=\"1024\" height=\"1024\" src=\"https:\/\/www.alicemeyer.fr\/sitewordpress\/wp-content\/uploads\/2025\/11\/Livre-droits-de-l-enfant-les-enfants-ont-le-droit-vandoeuvre-alice-meyer-2-1024x1024.jpg\" alt=\"\" class=\"wp-image-3975 size-full\" srcset=\"https:\/\/www.alicemeyer.fr\/sitewordpress\/wp-content\/uploads\/2025\/11\/Livre-droits-de-l-enfant-les-enfants-ont-le-droit-vandoeuvre-alice-meyer-2-1024x1024.jpg 1024w, https:\/\/www.alicemeyer.fr\/sitewordpress\/wp-content\/uploads\/2025\/11\/Livre-droits-de-l-enfant-les-enfants-ont-le-droit-vandoeuvre-alice-meyer-2-300x300.jpg 300w, https:\/\/www.alicemeyer.fr\/sitewordpress\/wp-content\/uploads\/2025\/11\/Livre-droits-de-l-enfant-les-enfants-ont-le-droit-vandoeuvre-alice-meyer-2-150x150.jpg 150w, https:\/\/www.alicemeyer.fr\/sitewordpress\/wp-content\/uploads\/2025\/11\/Livre-droits-de-l-enfant-les-enfants-ont-le-droit-vandoeuvre-alice-meyer-2-768x768.jpg 768w, https:\/\/www.alicemeyer.fr\/sitewordpress\/wp-content\/uploads\/2025\/11\/Livre-droits-de-l-enfant-les-enfants-ont-le-droit-vandoeuvre-alice-meyer-2-1536x1536.jpg 1536w, https:\/\/www.alicemeyer.fr\/sitewordpress\/wp-content\/uploads\/2025\/11\/Livre-droits-de-l-enfant-les-enfants-ont-le-droit-vandoeuvre-alice-meyer-2-2048x2048.jpg 2048w\" sizes=\"auto, (max-width: 1024px) 100vw, 1024px\" \/><\/figure><div class=\"wp-block-media-text__content\">\n<p class=\"wp-block-paragraph\" style=\"font-size:14px\"><strong>Livre \u00ab\u00a0Les enfants ont des droits&#8230;\u00a0\u00bb<\/strong><\/p>\n\n\n\n<p class=\"wp-block-paragraph\" style=\"font-size:14px\">Livre issus des ateliers d&rsquo;\u00e9critures men\u00e9s avec les enfants de la ville de Vandoeuvre sur le th\u00e8me de la Convention des droits de l&rsquo;enfant.<\/p>\n<\/div><\/div>\n\n\n\n<div class=\"wp-block-media-text is-stacked-on-mobile is-image-fill-element\" style=\"grid-template-columns:30% auto\"><figure class=\"wp-block-media-text__media\"><a href=\"https:\/\/www.alicemeyer.fr\/sitewordpress\/?page_id=3784\"><img loading=\"lazy\" decoding=\"async\" width=\"850\" height=\"850\" src=\"https:\/\/www.alicemeyer.fr\/sitewordpress\/wp-content\/uploads\/2025\/03\/DI2-DIAPH8-DESERT-ALICE-MEYER-01.jpg\" alt=\"\" class=\"wp-image-3782 size-full\" style=\"object-position:50% 50%\" srcset=\"https:\/\/www.alicemeyer.fr\/sitewordpress\/wp-content\/uploads\/2025\/03\/DI2-DIAPH8-DESERT-ALICE-MEYER-01.jpg 850w, https:\/\/www.alicemeyer.fr\/sitewordpress\/wp-content\/uploads\/2025\/03\/DI2-DIAPH8-DESERT-ALICE-MEYER-01-300x300.jpg 300w, https:\/\/www.alicemeyer.fr\/sitewordpress\/wp-content\/uploads\/2025\/03\/DI2-DIAPH8-DESERT-ALICE-MEYER-01-150x150.jpg 150w, https:\/\/www.alicemeyer.fr\/sitewordpress\/wp-content\/uploads\/2025\/03\/DI2-DIAPH8-DESERT-ALICE-MEYER-01-768x768.jpg 768w\" sizes=\"auto, (max-width: 850px) 100vw, 850px\" \/><\/a><\/figure><div class=\"wp-block-media-text__content\">\n<p class=\"wp-block-paragraph\" style=\"font-size:14px\"><strong>Revue DI#2 D\u00e9sert<\/strong><\/p>\n\n\n\n<p class=\"wp-block-paragraph\" style=\"font-size:14px\">Revue papier imagin\u00e9e par le collectif DIAPH8 autour du th\u00e8me du D\u00e9sert.<\/p>\n<\/div><\/div>\n\n\n\n<div class=\"wp-block-media-text is-stacked-on-mobile is-image-fill-element\" style=\"grid-template-columns:30% auto\"><figure class=\"wp-block-media-text__media\"><a href=\"https:\/\/www.alicemeyer.fr\/sitewordpress\/wp-admin\/post.php?post=3107&amp;action=edit\" target=\"_blank\" rel=\"noreferrer noopener\"><img loading=\"lazy\" decoding=\"async\" width=\"1024\" height=\"796\" src=\"https:\/\/www.alicemeyer.fr\/sitewordpress\/wp-content\/uploads\/2023\/05\/livre1-1024x796.jpg\" alt=\"\" class=\"wp-image-3097 size-full\" style=\"object-position:50% 50%\" srcset=\"https:\/\/www.alicemeyer.fr\/sitewordpress\/wp-content\/uploads\/2023\/05\/livre1-1024x796.jpg 1024w, https:\/\/www.alicemeyer.fr\/sitewordpress\/wp-content\/uploads\/2023\/05\/livre1-300x233.jpg 300w, https:\/\/www.alicemeyer.fr\/sitewordpress\/wp-content\/uploads\/2023\/05\/livre1-150x117.jpg 150w, https:\/\/www.alicemeyer.fr\/sitewordpress\/wp-content\/uploads\/2023\/05\/livre1-768x597.jpg 768w, https:\/\/www.alicemeyer.fr\/sitewordpress\/wp-content\/uploads\/2023\/05\/livre1-1536x1194.jpg 1536w, https:\/\/www.alicemeyer.fr\/sitewordpress\/wp-content\/uploads\/2023\/05\/livre1.jpg 1682w\" sizes=\"auto, (max-width: 1024px) 100vw, 1024px\" \/><\/a><\/figure><div class=\"wp-block-media-text__content\">\n<p class=\"wp-block-paragraph\" style=\"font-size:14px\"><strong>INCLASSABLE\/Collectif Diaph8<\/strong><\/p>\n\n\n\n<p class=\"wp-block-paragraph\" style=\"font-size:14px\">L&rsquo;ouvrage pr\u00e9sente 50 artistes membres du <a href=\"https:\/\/www.diaph8.org\/\" target=\"_blank\" rel=\"noreferrer noopener\">collectif<\/a>, et&nbsp;un texte de Dominique Baqu\u00e9&nbsp;(critique d&rsquo;art, sp\u00e9cialiste de l&rsquo;image, de l&rsquo;art contemporain et de la photographie plasticienne) sur la signification du collectif de photographie aujourd&rsquo;hui.&nbsp; Avec Inclassable, l\u2019ambition est la suivante : s\u2019affranchir du format du portfolio, en concevant un objet hybride, une collection qui fasse dialoguer des images aux langages distincts.<\/p>\n<\/div><\/div>\n\n\n\n<div class=\"wp-block-media-text is-stacked-on-mobile is-image-fill-element\" style=\"grid-template-columns:30% auto\"><figure class=\"wp-block-media-text__media\"><a href=\"https:\/\/www.alicemeyer.fr\/sitewordpress\/?page_id=3428\"><img loading=\"lazy\" decoding=\"async\" width=\"1017\" height=\"1024\" src=\"https:\/\/www.alicemeyer.fr\/sitewordpress\/wp-content\/uploads\/2023\/08\/347391507_273519638592415_1217064696499282820_n-2-1017x1024.jpg\" alt=\"\" class=\"wp-image-3336 size-full\" style=\"object-position:50% 50%\" srcset=\"https:\/\/www.alicemeyer.fr\/sitewordpress\/wp-content\/uploads\/2023\/08\/347391507_273519638592415_1217064696499282820_n-2-1017x1024.jpg 1017w, https:\/\/www.alicemeyer.fr\/sitewordpress\/wp-content\/uploads\/2023\/08\/347391507_273519638592415_1217064696499282820_n-2-298x300.jpg 298w, https:\/\/www.alicemeyer.fr\/sitewordpress\/wp-content\/uploads\/2023\/08\/347391507_273519638592415_1217064696499282820_n-2-150x150.jpg 150w, https:\/\/www.alicemeyer.fr\/sitewordpress\/wp-content\/uploads\/2023\/08\/347391507_273519638592415_1217064696499282820_n-2-768x773.jpg 768w, https:\/\/www.alicemeyer.fr\/sitewordpress\/wp-content\/uploads\/2023\/08\/347391507_273519638592415_1217064696499282820_n-2-1526x1536.jpg 1526w, https:\/\/www.alicemeyer.fr\/sitewordpress\/wp-content\/uploads\/2023\/08\/347391507_273519638592415_1217064696499282820_n-2.jpg 1824w\" sizes=\"auto, (max-width: 1017px) 100vw, 1017px\" \/><\/a><\/figure><div class=\"wp-block-media-text__content\">\n<p class=\"wp-block-paragraph\" style=\"font-size:14px\"><strong>Albums \u00abLes Chantiers\u00bb<\/strong>, photographies d\u2019atelier, des portraits, des esquisses \/ <strong>Albums \u00abLes Carr\u00e9s\u00bb<\/strong>, les quinze \u0153uvres et le texte.<\/p>\n\n\n\n<p class=\"wp-block-paragraph\" style=\"font-size:14px\">Depuis mai 2020, de nombreux artistes, sollicit\u00e9s par 379, abondent la Collection des Carr\u00e9s en cr\u00e9ant quinze \u0153uvres au format 20&#215;20 cm et proposent un texte pour accompagner leur d\u00e9marche. Chaque carr\u00e9, associ\u00e9 au texte, est pr\u00e9sent\u00e9 dans un portfolio num\u00e9rot\u00e9 et sign\u00e9 par l\u2019artiste.&nbsp;<\/p>\n\n\n\n<p class=\"wp-block-paragraph\" style=\"font-size:14px\">3 exemplaires sont remis \u00e0 379 : Un exemplaire vient enrichir le fond pr\u00e9cieux du cabinet d&rsquo;art graphique du Mus\u00e9e des beaux-arts de Nancy et les \u00a02autres sont expos\u00e9s \u00e0 379 et dans les artoth\u00e8ques partenaires. .<\/p>\n\n\n\n<p class=\"wp-block-paragraph\" style=\"font-size:14px\"><strong> <\/strong><\/p>\n<\/div><\/div>\n\n\n\n<div class=\"wp-block-media-text alignwide is-stacked-on-mobile is-image-fill-element\" style=\"grid-template-columns:30% auto\"><figure class=\"wp-block-media-text__media\"><a href=\"https:\/\/www.alicemeyer.fr\/sitewordpress\/?page_id=111\"><img loading=\"lazy\" decoding=\"async\" width=\"800\" height=\"572\" src=\"https:\/\/www.alicemeyer.fr\/sitewordpress\/wp-content\/uploads\/2021\/03\/couverture.jpg\" alt=\"Edition &quot;Ecart&quot; - collectif DIAPH8\" class=\"wp-image-424 size-full\" style=\"object-position:50% 50%\" srcset=\"https:\/\/www.alicemeyer.fr\/sitewordpress\/wp-content\/uploads\/2021\/03\/couverture.jpg 800w, https:\/\/www.alicemeyer.fr\/sitewordpress\/wp-content\/uploads\/2021\/03\/couverture-300x215.jpg 300w, https:\/\/www.alicemeyer.fr\/sitewordpress\/wp-content\/uploads\/2021\/03\/couverture-150x107.jpg 150w, https:\/\/www.alicemeyer.fr\/sitewordpress\/wp-content\/uploads\/2021\/03\/couverture-768x549.jpg 768w\" sizes=\"auto, (max-width: 800px) 100vw, 800px\" \/><\/a><\/figure><div class=\"wp-block-media-text__content\">\n<div class=\"wp-block-group\"><div class=\"wp-block-group__inner-container is-layout-flow wp-block-group-is-layout-flow\">\n<p class=\"wp-block-paragraph\" style=\"font-size:14px\"><strong>ECART, Exposition et \u00e9dition du collectif DIAPH8, Paris, 2020.<\/strong><\/p>\n\n\n\n<p class=\"wp-block-paragraph\" style=\"font-size:14px\">Le premier projet d\u2019\u00e9dition de l\u2019association et collectif <a href=\"https:\/\/www.diaph8.org\/ecart\/\">DIAPH8<\/a>, r\u00e9unissant le travail photographique des membres en \u00e9cho \u00e0 des productions litt\u00e9raires in\u00e9dites. Un dialogue o\u00f9, d\u2019une page \u00e0 l\u2019autre, diff\u00e9rents univers se rejoignent pour fa\u00e7onner, r\u00e9inventer voire d\u00e9construire la notion d\u2019<em>espace<\/em>.<\/p>\n\n\n\n<p class=\"wp-block-paragraph\" style=\"font-size:14px\">Ce projet a donn\u00e9 lieu \u00e0 une exposition en 2020 \u00e0 Paris.<\/p>\n\n\n\n<p class=\"wp-block-paragraph\" style=\"font-size:14px\"><a href=\"https:\/\/pt-br.facebook.com\/diaph8\/videos\/lancement-de-%C3%A9cart-par-diaph-8\/1055751818089782\/\">Vid\u00e9o de pr\u00e9sentation<\/a><\/p>\n<\/div><\/div>\n<\/div><\/div>\n\n\n\n<div class=\"wp-block-media-text alignwide is-stacked-on-mobile is-image-fill-element\" style=\"grid-template-columns:30% auto\"><figure class=\"wp-block-media-text__media\"><a href=\"https:\/\/www.alicemeyer.fr\/sitewordpress\/wp-admin\/post.php?post=907&amp;action=edit\"><img loading=\"lazy\" decoding=\"async\" width=\"567\" height=\"425\" src=\"https:\/\/www.alicemeyer.fr\/sitewordpress\/wp-content\/uploads\/2021\/03\/Livre_40ans.jpg\" alt=\"\" class=\"wp-image-443 size-full\" style=\"object-position:50% 50%\" srcset=\"https:\/\/www.alicemeyer.fr\/sitewordpress\/wp-content\/uploads\/2021\/03\/Livre_40ans.jpg 567w, https:\/\/www.alicemeyer.fr\/sitewordpress\/wp-content\/uploads\/2021\/03\/Livre_40ans-300x225.jpg 300w, https:\/\/www.alicemeyer.fr\/sitewordpress\/wp-content\/uploads\/2021\/03\/Livre_40ans-150x112.jpg 150w\" sizes=\"auto, (max-width: 567px) 100vw, 567px\" \/><\/a><\/figure><div class=\"wp-block-media-text__content\">\n<p class=\"wp-block-paragraph\" style=\"font-size:14px\"><strong>40 ANS D&rsquo;HOPITAL 1973\/2013<\/strong><\/p>\n\n\n\n<p class=\"wp-block-paragraph\" style=\"font-size:14px\">Edition du CHRU de Nancy \u00e0 l&rsquo;occasion d&rsquo;une commande de 40 portraits du personnel de l&rsquo;h\u00f4pital, dans diff\u00e9rents services et \u00e0 diff\u00e9rents postes, qui m&rsquo;a \u00e9t\u00e9 pass\u00e9e en 2013. Des t\u00e9moignages et textes de documentation sur le travail \u00e0 l&rsquo;h\u00f4pital viennent donner une vision de l&rsquo;\u00e9volution des carri\u00e8res, services et individus qui forment ce grand ensemble technique, scientifique et humain.<\/p>\n\n\n\n<p class=\"wp-block-paragraph\" style=\"font-size:14px\"><a href=\"https:\/\/blousesrosesnancy.wordpress.com\/?s=40+ans\">Vente au profit des Blouses roses<\/a><\/p>\n<\/div><\/div>\n\n\n\n<div class=\"wp-block-media-text alignwide is-stacked-on-mobile is-image-fill-element\" style=\"grid-template-columns:30% auto\"><figure class=\"wp-block-media-text__media\"><img loading=\"lazy\" decoding=\"async\" width=\"378\" height=\"567\" src=\"https:\/\/www.alicemeyer.fr\/sitewordpress\/wp-content\/uploads\/2023\/02\/MadeleineA_portrait_voyageaucentredemachambre_2014.jpg\" alt=\"\" class=\"wp-image-2936 size-full\" style=\"object-position:50% 50%\" srcset=\"https:\/\/www.alicemeyer.fr\/sitewordpress\/wp-content\/uploads\/2023\/02\/MadeleineA_portrait_voyageaucentredemachambre_2014.jpg 378w, https:\/\/www.alicemeyer.fr\/sitewordpress\/wp-content\/uploads\/2023\/02\/MadeleineA_portrait_voyageaucentredemachambre_2014-200x300.jpg 200w, https:\/\/www.alicemeyer.fr\/sitewordpress\/wp-content\/uploads\/2023\/02\/MadeleineA_portrait_voyageaucentredemachambre_2014-100x150.jpg 100w\" sizes=\"auto, (max-width: 378px) 100vw, 378px\" \/><\/figure><div class=\"wp-block-media-text__content\">\n<p class=\"wp-block-paragraph\" style=\"font-size:14px\"><strong>VOYAGE AU CENTRE DE MA CHAMBRE, r\u00e9sidence Culture \u00e0 l&rsquo;h\u00f4pital<\/strong>, <strong>2013\/2015.<\/strong><\/p>\n\n\n\n<p class=\"wp-block-paragraph\" style=\"font-size:14px\">Diffusion de l&rsquo;exposition sur le site du <a rel=\"noreferrer noopener\" href=\"https:\/\/www.reseau-chu.org\/article\/voyage-au-centre-de-ma-chambre-dhopital\/\" target=\"_blank\">r\u00e9seau des CHU<\/a> (projets Fen\u00eatre sur art) et au salon de l&rsquo;APHP en mai 2015.<\/p>\n<\/div><\/div>\n\n\n\n<div class=\"wp-block-media-text alignwide is-stacked-on-mobile is-image-fill-element\" style=\"grid-template-columns:30% auto\"><figure class=\"wp-block-media-text__media\"><a href=\"https:\/\/www.alicemeyer.fr\/sitewordpress\/?page_id=87\"><img loading=\"lazy\" decoding=\"async\" width=\"403\" height=\"403\" src=\"https:\/\/www.alicemeyer.fr\/sitewordpress\/wp-content\/uploads\/2021\/03\/Numero1VDG.jpg\" alt=\"\" class=\"wp-image-430 size-full\" style=\"object-position:50% 50%\" srcset=\"https:\/\/www.alicemeyer.fr\/sitewordpress\/wp-content\/uploads\/2021\/03\/Numero1VDG.jpg 403w, https:\/\/www.alicemeyer.fr\/sitewordpress\/wp-content\/uploads\/2021\/03\/Numero1VDG-300x300.jpg 300w, https:\/\/www.alicemeyer.fr\/sitewordpress\/wp-content\/uploads\/2021\/03\/Numero1VDG-150x150.jpg 150w\" sizes=\"auto, (max-width: 403px) 100vw, 403px\" \/><\/a><\/figure><div class=\"wp-block-media-text__content\">\n<div class=\"wp-block-group\"><div class=\"wp-block-group__inner-container is-layout-flow wp-block-group-is-layout-flow\">\n<p class=\"wp-block-paragraph\" style=\"font-size:14px\"><strong>VDG #1, 2012.<\/strong><\/p>\n\n\n\n<p class=\"wp-block-paragraph\" style=\"font-size:14px\">VDG aka&nbsp;<a href=\"http:\/\/http\/vuedugras.com\/\">VUE DU GRAS<\/a>&nbsp;en hommage \u00e0 la c\u00e9l\u00e8bre premi\u00e8re photo de Nic\u00e9phore Niepce en 1827 (premi\u00e8re photo stabilis\u00e9e) est un collectif n\u00e9 du master photo de l&rsquo;Universit\u00e9 Paris 8. Ses membres sont majoritairement sur Paris mais nous d\u00e9veloppons nos talents depuis Nancy, Lille, NY et Montr\u00e9al et r\u00e9alisons des projets \u00e9ditoriaux et d&rsquo;expositions.<\/p>\n\n\n\n<p class=\"wp-block-paragraph\" style=\"font-size:14px\">Cette premi\u00e8re occurrence de la revue a vu le jour en 2012 et \u00e0 \u00e9t\u00e9 suivie d&rsquo;une deuxi\u00e8me sous la forme d&rsquo;un&nbsp;<a href=\"http:\/\/www.alicemeyer.fr\/index.php\/commandes\/vdg2\/\">cadavre exquis&nbsp;<\/a>au format cartes postales distribu\u00e9 en librairies sp\u00e9cialis\u00e9es sur Paris, N.Y. et Montr\u00e9al ainsi qu&rsquo;\u00e0 Arles lors du festival des Rencontres d&rsquo;Arles en 2013.<br><br>Vous pouvez les trouvez dans quelques&nbsp;<a href=\"http:\/\/vuedugras.com\/points-de-vente\/\">points de vente.<\/a><\/p>\n<\/div><\/div>\n<\/div><\/div>\n\n\n\n<div class=\"wp-block-media-text alignwide is-stacked-on-mobile is-image-fill-element\" style=\"grid-template-columns:30% auto\"><figure class=\"wp-block-media-text__media\"><a href=\"https:\/\/www.alicemeyer.fr\/sitewordpress\/?page_id=87\"><img loading=\"lazy\" decoding=\"async\" width=\"403\" height=\"403\" src=\"https:\/\/www.alicemeyer.fr\/sitewordpress\/wp-content\/uploads\/2021\/03\/VDG_cartespostalesarles.jpg\" alt=\"\" class=\"wp-image-433 size-full\" style=\"object-position:50% 50%\" srcset=\"https:\/\/www.alicemeyer.fr\/sitewordpress\/wp-content\/uploads\/2021\/03\/VDG_cartespostalesarles.jpg 403w, https:\/\/www.alicemeyer.fr\/sitewordpress\/wp-content\/uploads\/2021\/03\/VDG_cartespostalesarles-300x300.jpg 300w, https:\/\/www.alicemeyer.fr\/sitewordpress\/wp-content\/uploads\/2021\/03\/VDG_cartespostalesarles-150x150.jpg 150w\" sizes=\"auto, (max-width: 403px) 100vw, 403px\" \/><\/a><\/figure><div class=\"wp-block-media-text__content\">\n<p class=\"wp-block-paragraph\" style=\"font-size:14px\"><strong>VDG #2, 2013.<\/strong><\/p>\n\n\n\n<p class=\"wp-block-paragraph\" style=\"font-size:14px\">Le num\u00e9ro #2 de la revue VDG prend la forme d&rsquo;une \u00e9dition de cartes postales r\u00e9alis\u00e9es en cadavre exquis par les membres du collectif et a \u00e9t\u00e9 distribu\u00e9e en librairies sp\u00e9cialis\u00e9es sur Paris, N.Y. et Montr\u00e9al ainsi qu&rsquo;\u00e0 Arles lors des Rencontres d&rsquo;Arles.  <br><br>Vous pouvez les trouvez dans quelques&nbsp;<a href=\"http:\/\/vuedugras.com\/points-de-vente\/\">points de vente<\/a>. <\/p>\n<\/div><\/div>\n\n\n\n<div class=\"wp-block-media-text alignwide is-stacked-on-mobile is-image-fill-element\" style=\"grid-template-columns:30% auto\"><figure class=\"wp-block-media-text__media\"><a href=\"https:\/\/www.alicemeyer.fr\/sitewordpress\/?page_id=1685\"><img loading=\"lazy\" decoding=\"async\" width=\"1024\" height=\"768\" src=\"https:\/\/www.alicemeyer.fr\/sitewordpress\/wp-content\/uploads\/2021\/03\/les-absents-02-1024x768.jpg\" alt=\"\" class=\"wp-image-1300 size-full\" style=\"object-position:50% 50%\" srcset=\"https:\/\/www.alicemeyer.fr\/sitewordpress\/wp-content\/uploads\/2021\/03\/les-absents-02-1024x768.jpg 1024w, https:\/\/www.alicemeyer.fr\/sitewordpress\/wp-content\/uploads\/2021\/03\/les-absents-02-300x225.jpg 300w, https:\/\/www.alicemeyer.fr\/sitewordpress\/wp-content\/uploads\/2021\/03\/les-absents-02-150x113.jpg 150w, https:\/\/www.alicemeyer.fr\/sitewordpress\/wp-content\/uploads\/2021\/03\/les-absents-02-768x576.jpg 768w, https:\/\/www.alicemeyer.fr\/sitewordpress\/wp-content\/uploads\/2021\/03\/les-absents-02.jpg 1400w\" sizes=\"auto, (max-width: 1024px) 100vw, 1024px\" \/><\/a><\/figure><div class=\"wp-block-media-text__content\">\n<p class=\"wp-block-paragraph\" style=\"font-size:14px\"><strong>LES ABSENTS, MY MONKEY, 2012<\/strong><br>Deux photographies couleurs en lomography et surimpression int\u00e9gr\u00e9es \u00e0 une exposition collective et \u00e0 un catalogue, galerie My Monkey, Nancy.<\/p>\n<\/div><\/div>\n\n\n\n<div class=\"wp-block-columns is-layout-flex wp-container-core-columns-is-layout-8f761849 wp-block-columns-is-layout-flex\"><\/div>\n\n\n\n<div class=\"wp-block-media-text alignwide is-stacked-on-mobile is-image-fill-element\" style=\"grid-template-columns:29% auto\"><figure class=\"wp-block-media-text__media\"><a href=\"https:\/\/www.alicemeyer.fr\/sitewordpress\/?page_id=1869\"><img loading=\"lazy\" decoding=\"async\" width=\"425\" height=\"638\" src=\"https:\/\/www.alicemeyer.fr\/sitewordpress\/wp-content\/uploads\/2021\/04\/4ecouv.jpg\" alt=\"\" class=\"wp-image-1865 size-full\" style=\"object-position:50% 50%\" srcset=\"https:\/\/www.alicemeyer.fr\/sitewordpress\/wp-content\/uploads\/2021\/04\/4ecouv.jpg 425w, https:\/\/www.alicemeyer.fr\/sitewordpress\/wp-content\/uploads\/2021\/04\/4ecouv-200x300.jpg 200w, https:\/\/www.alicemeyer.fr\/sitewordpress\/wp-content\/uploads\/2021\/04\/4ecouv-100x150.jpg 100w\" sizes=\"auto, (max-width: 425px) 100vw, 425px\" \/><\/a><\/figure><div class=\"wp-block-media-text__content\">\n<p class=\"wp-block-paragraph\" style=\"font-size:14px\"><strong>RESPIRATIONS (TEXTES), 2007<\/strong><br>19 pages, format 15 x 21 cm<br><br>M\u00e9moire de fin d&rsquo;\u00e9tudes aux beaux-arts et recueils de textes autour de mon exp\u00e9rience hospitali\u00e8re en mati\u00e8re de retenue de respiration qui fait \u00e9cho aux <a href=\"https:\/\/www.alicemeyer.fr\/sitewordpress\/?page_id=630\" data-type=\"page\" data-id=\"630\">vid\u00e9os<\/a> et <a href=\"https:\/\/www.alicemeyer.fr\/sitewordpress\/?page_id=91\" data-type=\"page\" data-id=\"91\">photographies <\/a>pr\u00e9sent\u00e9es lors de mon DNSEP \u00e0 l&rsquo;ENSA de Nancy. <\/p>\n<\/div><\/div>\n","protected":false},"excerpt":{"rendered":"<p>Livre \u00ab\u00a0Les enfants ont des droits&#8230;\u00a0\u00bb Livre issus des ateliers d&rsquo;\u00e9critures men\u00e9s avec les enfants de la ville de Vandoeuvre sur le th\u00e8me de la [&hellip;]<\/p>\n","protected":false},"author":1,"featured_media":0,"parent":0,"menu_order":0,"comment_status":"closed","ping_status":"closed","template":"","meta":{"_crdt_document":"","footnotes":""},"class_list":["post-423","page","type-page","status-publish","hentry"],"_links":{"self":[{"href":"https:\/\/www.alicemeyer.fr\/sitewordpress\/index.php?rest_route=\/wp\/v2\/pages\/423","targetHints":{"allow":["GET"]}}],"collection":[{"href":"https:\/\/www.alicemeyer.fr\/sitewordpress\/index.php?rest_route=\/wp\/v2\/pages"}],"about":[{"href":"https:\/\/www.alicemeyer.fr\/sitewordpress\/index.php?rest_route=\/wp\/v2\/types\/page"}],"author":[{"embeddable":true,"href":"https:\/\/www.alicemeyer.fr\/sitewordpress\/index.php?rest_route=\/wp\/v2\/users\/1"}],"replies":[{"embeddable":true,"href":"https:\/\/www.alicemeyer.fr\/sitewordpress\/index.php?rest_route=%2Fwp%2Fv2%2Fcomments&post=423"}],"version-history":[{"count":57,"href":"https:\/\/www.alicemeyer.fr\/sitewordpress\/index.php?rest_route=\/wp\/v2\/pages\/423\/revisions"}],"predecessor-version":[{"id":3978,"href":"https:\/\/www.alicemeyer.fr\/sitewordpress\/index.php?rest_route=\/wp\/v2\/pages\/423\/revisions\/3978"}],"wp:attachment":[{"href":"https:\/\/www.alicemeyer.fr\/sitewordpress\/index.php?rest_route=%2Fwp%2Fv2%2Fmedia&parent=423"}],"curies":[{"name":"wp","href":"https:\/\/api.w.org\/{rel}","templated":true}]}}