{"id":81,"date":"2021-03-13T14:20:54","date_gmt":"2021-03-13T13:20:54","guid":{"rendered":"http:\/\/www.alicemeyer.fr\/sitewordpress\/?page_id=81"},"modified":"2024-02-01T15:54:38","modified_gmt":"2024-02-01T14:54:38","slug":"mentions-legales","status":"publish","type":"page","link":"https:\/\/www.alicemeyer.fr\/sitewordpress\/?page_id=81","title":{"rendered":"Mentions l\u00e9gales"},"content":{"rendered":"\n<div class=\"wp-block-group has-shark-color has-text-color has-background\" style=\"background-color:#f5efe3\"><div class=\"wp-block-group__inner-container is-layout-flow wp-block-group-is-layout-flow\">\n<div class=\"wp-block-group\"><div class=\"wp-block-group__inner-container is-layout-flow wp-block-group-is-layout-flow\">\n<p class=\"has-regular-font-size wp-block-paragraph\"><strong>CONTENU DU SITE INTERNET alicemeyer.fr<\/strong> <\/p>\n\n\n\n<p class=\"has-regular-font-size wp-block-paragraph\">Les images de tout type (photographies, dessins, collages, logo) et textes de ce site internet ne sont pas libres de droit. Ils sont la propri\u00e9t\u00e9 d&rsquo;ALICE MEYER sans restriction dans le temps et sont soumis \u00e0 la l\u00e9gislation fran\u00e7aise et internationale sur le droit d&rsquo;auteur. Aucune utilisation de ses images ne peut \u00eatre faite l&rsquo;accord d\u00fbment \u00e9crit et sign\u00e9 d&rsquo;Alice Meyer.<\/p>\n\n\n\n<div class=\"wp-block-group\"><div class=\"wp-block-group__inner-container is-layout-flow wp-block-group-is-layout-flow\">\n<div class=\"wp-block-group\"><div class=\"wp-block-group__inner-container is-layout-flow wp-block-group-is-layout-flow\">\n<p class=\"has-regular-font-size wp-block-paragraph\"><\/p>\n\n\n\n<div class=\"wp-block-group\"><div class=\"wp-block-group__inner-container is-layout-flow wp-block-group-is-layout-flow\"><\/div><\/div>\n<\/div><\/div>\n<\/div><\/div>\n<\/div><\/div>\n\n\n\n<p class=\"wp-block-paragraph\"><\/p>\n\n\n\n<div class=\"wp-block-group\"><div class=\"wp-block-group__inner-container is-layout-flow wp-block-group-is-layout-flow\">\n<div class=\"wp-block-group\"><div class=\"wp-block-group__inner-container is-layout-flow wp-block-group-is-layout-flow\">\n<div class=\"wp-block-group\"><div class=\"wp-block-group__inner-container is-layout-flow wp-block-group-is-layout-flow\">\n<div class=\"wp-block-group\"><div class=\"wp-block-group__inner-container is-layout-flow wp-block-group-is-layout-flow\">\n<p class=\"wp-block-paragraph\"><strong> <\/strong><\/p>\n<\/div><\/div>\n\n\n\n<p class=\"has-regular-font-size wp-block-paragraph\"><strong>Conditions d\u2019utilisation :<\/strong><\/p>\n\n\n\n<p class=\"wp-block-paragraph\">Certaines pages du site contiennent des documents PDF.  Pour lire ces documents, vous avez besoin du logiciel Acrobat Reader.  T\u00e9l\u00e9charger Acrobat Reader (gratuit) <\/p>\n\n\n\n<p class=\"has-regular-font-size wp-block-paragraph\"><strong>Propri\u00e9t\u00e9 :<\/strong><\/p>\n\n\n\n<p class=\"wp-block-paragraph\">Le pr\u00e9sent site est la propri\u00e9t\u00e9 d&rsquo;Alice Meyer. Il est mis \u00e0 la disposition des utilisateurs sous r\u00e9serve de leur acceptation inconditionnelle des conditions et des avertissements rappel\u00e9s ci-dessous.<\/p>\n\n\n\n<p class=\"wp-block-paragraph\">Le webmaster du site est <strong>ALICE MEYER<\/strong>\u00a0 en qualit\u00e9 de repr\u00e9sentant de l\u2019Editeur. L\u2019h\u00e9bergeur du site est la soci\u00e9t\u00e9 <strong>OVH<\/strong>.<\/p>\n\n\n\n<p class=\"wp-block-paragraph\">L\u2019h\u00e9bergeur du site est la soci\u00e9t\u00e9 <strong>OVH<\/strong>.<\/p>\n\n\n\n<p class=\"has-regular-font-size wp-block-paragraph\"><strong>Responsabilit\u00e9 :<\/strong><\/p>\n\n\n\n<p class=\"wp-block-paragraph\">L\u2019Editeur du site met tout en oeuvre pour assurer l\u2019exactitude et la mise \u00e0 jour de l\u2019ensemble des informations fournies sur son site qui y est directement reli\u00e9 mais l\u2019Editeur ne peut garantir que les informations qu\u2019il contient sont compl\u00e8tes, pr\u00e9cises, exactes, exhaustives et d\u00e9pourvues de toute erreur.<\/p>\n\n\n\n<p class=\"wp-block-paragraph\">L\u2019Editeur du site se r\u00e9serve le droit de corriger ou de modifier, \u00e0 tout moment et sans pr\u00e9avis, le contenu de ce site.<\/p>\n\n\n\n<p class=\"wp-block-paragraph\">L\u2019Editeur du site d\u00e9cline toute responsabilit\u00e9 concernant les informations disponibles sur son \u00ab site \u00bb et l\u2019utilisation qui peut \u00eatre faite des informations contenues en r\u00e9ponse \u00e0 une question pos\u00e9e par le biais de ce site. En aucun cas l\u2019Editeur ne pourra \u00eatre tenu responsable des dommages de toute nature, directs ou indirects, qui r\u00e9sulteraient de l\u2019utilisation de ce site ou en relation avec ce site. De mani\u00e8re g\u00e9n\u00e9rale, l\u2019Editeur du site d\u00e9cline toute responsabilit\u00e9 quant \u00e0 l\u2019utilisation qui pourrait \u00eatre faite de ce site.<\/p>\n<\/div><\/div>\n\n\n\n<p class=\"wp-block-paragraph\">Toute tentative de transfert d\u2019information vers un site tiers ou de modification des informations contenues sur ce site sont interdites et peuvent entra\u00eener des poursuites civiles ou p\u00e9nales de la part de l&rsquo;Editeur du site.<\/p>\n\n\n\n<p class=\"wp-block-paragraph\">L&rsquo;Editeur du site ne pourra \u00eatre tenu responsable de l&rsquo;ensemble des hypertextes ou de tout autre \u00e9l\u00e9ment informatique utilis\u00e9,<\/p>\n\n\n\n<p class=\"wp-block-paragraph\">directement ou indirectement, \u00e0 partir du \u00ab site \u00bb, l\u2019existence d\u2019un lien n\u2019ayant pas pour effet de transf\u00e9rer la responsabilit\u00e9 \u00e0 l&rsquo;Editeur. L&rsquo;Editeur du site ne garantit pas et ne prend aucun engagement concernant des sites tiers et ne sera pas responsable de leur contenu. Il est strictement interdit de cr\u00e9er un lien hypertexte renvoyant sur le site sans l&rsquo;accord expresse de l&rsquo;Editeur du site.<\/p>\n\n\n\n<p class=\"has-regular-font-size wp-block-paragraph\"><strong>Protection des donn\u00e9es :<\/strong><\/p>\n\n\n\n<p class=\"wp-block-paragraph\">Toutes les donn\u00e9es et informations contenues sur ce site font l\u2019objet d\u2019une protection au titre du droit d\u2019auteur et des droits de<\/p>\n\n\n\n<p class=\"wp-block-paragraph\">propri\u00e9t\u00e9 intellectuelle. La reproduction totale ou partielle des documents du \u00ab site \u00bb est autoris\u00e9e aux fins exclusives d&rsquo;information pour un usage personnel et priv\u00e9 ; toute reproduction ou toute utilisation de copies r\u00e9alis\u00e9es \u00e0 d&rsquo;autres fins est express\u00e9ment interdite et est susceptible de constituer une contrefa\u00e7on sanctionn\u00e9e par les articles L.335-2 et suivants du Code de la propri\u00e9t\u00e9 intellectuelle.<\/p>\n\n\n\n<p class=\"wp-block-paragraph\">Les bases de donn\u00e9es figurant sur ce site, dont l&rsquo;Editeur du site est producteur, sont prot\u00e9g\u00e9es par les dispositions de la loi du 1<sup>er<\/sup> juillet 1998 portant transposition dans le Code de la propri\u00e9t\u00e9 intellectuelle de la directive europ\u00e9enne du 11 mars 1996 relative \u00e0 la protection des bases de donn\u00e9es. Aucune information personnelle n\u2019est collect\u00e9e \u00e0 l\u2019insu de l\u2019utilisateur.<\/p>\n\n\n\n<p class=\"has-regular-font-size wp-block-paragraph\"><strong>Mention CNIL :<\/strong><\/p>\n\n\n\n<p class=\"wp-block-paragraph\">Le pr\u00e9sent site a fait l\u2019objet d\u2019une d\u00e9claration aupr\u00e8s de la Commission Nationale de l\u2019Informatique et des Libert\u00e9s (CNIL). En  application de la loi 78-17 du 6 janvier 1978, les utilisateurs disposent \u00e0 tout moment d\u2019un droit d&rsquo;acc\u00e8s, de modification, de  rectification et de suppression des donn\u00e9es personnelles qui les concernent. <\/p>\n\n\n\n<p class=\"wp-block-paragraph\"><strong>Pour exercer ce droit, s\u2019adresser :<\/strong><\/p>\n\n\n\n<p class=\"wp-block-paragraph\">&#8211; par courrier \u00e0 : <\/p>\n\n\n\n<p class=\"wp-block-paragraph\"><strong>Alice Meyer <\/strong><\/p>\n\n\n\n<p class=\"wp-block-paragraph\">alicemeyer.pix@gmail.com<\/p>\n\n\n\n<p class=\"wp-block-paragraph\">Sauf mention contraire, les droits de copyright des documents et chacun des \u00e9l\u00e9ments cr\u00e9\u00e9s pour ce \u00ab site \u00bb sont la propri\u00e9t\u00e9  exclusive de l&rsquo;Editeur du site. Toute reproduction totale ou partielle du contenu du site est donc prohib\u00e9e, au sens de l\u2019article L.713-2 du Code de la propri\u00e9t\u00e9 intellectuelle. Les lois gouvernant ce site sont les lois fran\u00e7aises et les Tribunaux comp\u00e9tents sont les tribunaux fran\u00e7ais.<\/p>\n<\/div><\/div>\n<\/div><\/div>\n<\/div><\/div>\n","protected":false},"excerpt":{"rendered":"<p>CONTENU DU SITE INTERNET alicemeyer.fr Les images de tout type (photographies, dessins, collages, logo) et textes de ce site internet ne sont pas libres de [&hellip;]<\/p>\n","protected":false},"author":1,"featured_media":0,"parent":0,"menu_order":0,"comment_status":"closed","ping_status":"closed","template":"","meta":{"_crdt_document":"","footnotes":""},"class_list":["post-81","page","type-page","status-publish","hentry"],"_links":{"self":[{"href":"https:\/\/www.alicemeyer.fr\/sitewordpress\/index.php?rest_route=\/wp\/v2\/pages\/81","targetHints":{"allow":["GET"]}}],"collection":[{"href":"https:\/\/www.alicemeyer.fr\/sitewordpress\/index.php?rest_route=\/wp\/v2\/pages"}],"about":[{"href":"https:\/\/www.alicemeyer.fr\/sitewordpress\/index.php?rest_route=\/wp\/v2\/types\/page"}],"author":[{"embeddable":true,"href":"https:\/\/www.alicemeyer.fr\/sitewordpress\/index.php?rest_route=\/wp\/v2\/users\/1"}],"replies":[{"embeddable":true,"href":"https:\/\/www.alicemeyer.fr\/sitewordpress\/index.php?rest_route=%2Fwp%2Fv2%2Fcomments&post=81"}],"version-history":[{"count":16,"href":"https:\/\/www.alicemeyer.fr\/sitewordpress\/index.php?rest_route=\/wp\/v2\/pages\/81\/revisions"}],"predecessor-version":[{"id":3562,"href":"https:\/\/www.alicemeyer.fr\/sitewordpress\/index.php?rest_route=\/wp\/v2\/pages\/81\/revisions\/3562"}],"wp:attachment":[{"href":"https:\/\/www.alicemeyer.fr\/sitewordpress\/index.php?rest_route=%2Fwp%2Fv2%2Fmedia&parent=81"}],"curies":[{"name":"wp","href":"https:\/\/api.w.org\/{rel}","templated":true}]}}